{"id":4761,"date":"2026-03-16T12:21:41","date_gmt":"2026-03-16T12:21:41","guid":{"rendered":"https:\/\/scoalaioanbadescu.ro\/?page_id=4761"},"modified":"2026-03-16T13:02:55","modified_gmt":"2026-03-16T13:02:55","slug":"evaluarea-nivelului-de-dezvoltare-2026-2027","status":"publish","type":"page","link":"https:\/\/scoalaioanbadescu.ro\/?page_id=4761","title":{"rendered":"Evaluarea nivelului de dezvoltare 2026-2027"},"content":{"rendered":"\n<p class=\"has-text-align-center\">\u00cen perioada 16.03.2026 \u2013 30.03.2026, se realizeaz\u0103 evaluarea nivelului de dezvoltare a copiilor care nu au frecventat gr\u0103dini\u021ba sau care s-au \u00eentors din str\u0103in\u0103tate \u0219i \u00eemplinesc 6 ani \u00een perioada 01.09.-31.12.2026 \u00een vederea \u00eenscrierii acestora \u00een clasa preg\u0103titoare \u00een anul \u0219colar 2026-2027.<\/p>\n\n\n\n<p class=\"has-text-align-center\">Toate informa\u021biile \u0219i documentele necesare pot fi vizualizate mai jos.<\/p>\n\n\n\n<p><a href=\"\/wp-content\/uploads\/2026\/03\/0.-Anunt-evaluarea-nivelului-de-dezvoltare-2026.pdf\">1.Anunt-evaluarea-nivelului-de-dezvoltare-2026<\/a><\/p>\n\n\n\n<p><a href=\"\/wp-content\/uploads\/2026\/03\/1.-Cerere-pentru-evaluarea-nivelului-de-dezvoltare-2026.docx\">2.Cerere-pentru-evaluarea-nivelului-de-dezvoltare-2026<\/a><\/p>\n\n\n\n<p><a href=\"\/wp-content\/uploads\/2026\/03\/2.-Lista-centrelor-de-evaluare-a-nivelului-de-dezvoltare-2026.pdf\">3.Lista-centrelor-de-evaluare-a-nivelului-de-dezvoltare-2026<\/a><\/p>\n\n\n\n<p><a href=\"\/wp-content\/uploads\/2026\/03\/3.-Programul-centrelor-de-evaluare-a-nivelului-de-dezvoltare-2026.pdf\">4.Programul-centrelor-de-evaluare-a-nivelului-de-dezvoltare-2026<\/a><\/p>\n\n\n\n<p><a href=\"\/wp-content\/uploads\/2026\/03\/4.-Procedura-operationala-privind-evaluarea-nivelului-de-dezvoltare-2026.pdf\">5.Procedura-operationala-privind-evaluarea-nivelului-de-dezvoltare-2026<\/a><\/p>\n\n\n\n<p><a href=\"\/wp-content\/uploads\/2026\/03\/5.-Metodologie-de-inscriere-a-copiilor-in-invatamantul-primar-OME-4019-din-2024.pdf\">6.Metodologie-de-inscriere-a-copiilor-in-invatamantul-primar-OME-4019-din-2024<\/a><\/p>\n\n\n\n<p><a href=\"\/wp-content\/uploads\/2026\/03\/6.-Evaluarea-nivelului-de-dezvoltare-OMEC-3334-din-2026.pdf\">7.Evaluarea-nivelului-de-dezvoltare-OMEC-3334-din-2026<\/a><\/p>\n\n\n\n<p><a href=\"https:\/\/www.cjrae-ilfov.ro\/evaluarea-nivelului-de-dezvoltare-2026\/\">https:\/\/www.cjrae-ilfov.ro\/evaluarea-nivelului-de-dezvoltare-2026\/<\/a><\/p>\n\n\n\n<h2 class=\"wp-block-heading has-text-align-center has-medium-font-size\">PROGRAM PENTRU EVALUAREA NIVELULUI DE DEZVOLTARE \u00ceN CABINETUL DE CONSILIERE PSIHOPEDAGOGIC\u0102 DIN CENTRUL DE TESTARE NR.7-\u0218COALA GIMNAZIAL\u0102 \u201eIOAN B\u0102DESCU\u201d<\/h2>\n\n\n\n<p class=\"has-medium-font-size\">Luni: 09:00-14:00<\/p>\n\n\n\n<p>Mar\u021bi: 09:00-12:00<\/p>\n\n\n\n<p>Miercuri: 08:00-11:30<\/p>\n\n\n\n<p>Joi: 10:30-13:30<\/p>\n\n\n\n<p>Vineri: 09:00-11:00<\/p>\n","protected":false},"excerpt":{"rendered":"<p>\u00cen perioada 16.03.2026 \u2013 30.03.2026, se realizeaz\u0103 evaluarea nivelului de dezvoltare a copiilor care nu au frecventat gr\u0103dini\u021ba sau care s-au \u00eentors din str\u0103in\u0103tate \u0219i \u00eemplinesc 6 ani \u00een perioada 01.09.-31.12.2026 \u00een vederea \u00eenscrierii acestora \u00een clasa preg\u0103titoare \u00een anul \u0219colar 2026-2027. Toate informa\u021biile \u0219i documentele necesare pot fi vizualizate<span class=\"more-link\"><a href=\"https:\/\/scoalaioanbadescu.ro\/?page_id=4761\">Continue Reading<\/a><\/span><\/p>\n","protected":false},"author":2,"featured_media":0,"parent":0,"menu_order":0,"comment_status":"closed","ping_status":"closed","template":"","meta":{"footnotes":""},"class_list":["entry","author-cristian-ene","post-4761","page","type-page","status-publish"],"_links":{"self":[{"href":"https:\/\/scoalaioanbadescu.ro\/index.php?rest_route=\/wp\/v2\/pages\/4761","targetHints":{"allow":["GET"]}}],"collection":[{"href":"https:\/\/scoalaioanbadescu.ro\/index.php?rest_route=\/wp\/v2\/pages"}],"about":[{"href":"https:\/\/scoalaioanbadescu.ro\/index.php?rest_route=\/wp\/v2\/types\/page"}],"author":[{"embeddable":true,"href":"https:\/\/scoalaioanbadescu.ro\/index.php?rest_route=\/wp\/v2\/users\/2"}],"replies":[{"embeddable":true,"href":"https:\/\/scoalaioanbadescu.ro\/index.php?rest_route=%2Fwp%2Fv2%2Fcomments&post=4761"}],"version-history":[{"count":2,"href":"https:\/\/scoalaioanbadescu.ro\/index.php?rest_route=\/wp\/v2\/pages\/4761\/revisions"}],"predecessor-version":[{"id":4766,"href":"https:\/\/scoalaioanbadescu.ro\/index.php?rest_route=\/wp\/v2\/pages\/4761\/revisions\/4766"}],"wp:attachment":[{"href":"https:\/\/scoalaioanbadescu.ro\/index.php?rest_route=%2Fwp%2Fv2%2Fmedia&parent=4761"}],"curies":[{"name":"wp","href":"https:\/\/api.w.org\/{rel}","templated":true}]}}