{"id":4713,"date":"2025-12-22T10:51:58","date_gmt":"2025-12-22T10:51:58","guid":{"rendered":"https:\/\/scoalaioanbadescu.ro\/?page_id=4713"},"modified":"2026-04-01T09:20:23","modified_gmt":"2026-04-01T09:20:23","slug":"strazile-aferente-scolii-gimnaziale-ioan-badescu","status":"publish","type":"page","link":"https:\/\/scoalaioanbadescu.ro\/?page_id=4713","title":{"rendered":"Str\u0103zile aferente \u0218colii Gimnaziale \u201eIoan B\u0103descu\u201d &#8211; Anul \u0218colar 2026-2027"},"content":{"rendered":"\n<ol class=\"wp-block-list\">\n<li>Afinelor<\/li>\n\n\n\n<li>Astrelor (interval cuprins \u00eentre Mir\u0103sl\u0103u \u0219i Fagului)<\/li>\n\n\n\n<li>Apusului (interval cuprins \u00eentre Mir\u0103sl\u0103u \u0219i Fagului)<\/li>\n\n\n\n<li>Agapiei<\/li>\n\n\n\n<li>Sf. Agnes (interval cuprins \u00eentre Mir\u0103sl\u0103u \u0219i Fagului)<\/li>\n\n\n\n<li>Alexandru Conduratu<\/li>\n\n\n\n<li>Ancu\u021bei<\/li>\n\n\n\n<li>Bateriei<\/li>\n\n\n\n<li>Bradului<\/li>\n\n\n\n<li>C\u00e2mpului<\/li>\n\n\n\n<li>C\u0103z\u0103ne\u0219ti<\/li>\n\n\n\n<li>Cire\u0219ilor<\/li>\n\n\n\n<li>Cristian<\/li>\n\n\n\n<li>Dr. Elena Stroici Soroiu<\/li>\n\n\n\n<li>Drumul Fermei (interval cuprins \u00eentre \u0219os. Olteni\u021bei \u0219i Sf. Agnes)<\/li>\n\n\n\n<li>Dispensarului<\/li>\n\n\n\n<li>Dudului<\/li>\n\n\n\n<li>Echinoc\u021biului (interval cuprins \u00eentre Mir\u0103sl\u0103u \u0219i Fagului)<\/li>\n\n\n\n<li>Fecioarei<\/li>\n\n\n\n<li>Fagului (interval cuprins \u00eentre \u0219os. Olteni\u021bei \u0219i Solsti\u021biului)<\/li>\n\n\n\n<li>Fermei<\/li>\n\n\n\n<li>Gloriei<\/li>\n\n\n\n<li>Hotarului<\/li>\n\n\n\n<li>Kiev<\/li>\n\n\n\n<li>Lauren\u021biu Raiciu<\/li>\n\n\n\n<li>Maica Tereza <\/li>\n\n\n\n<li>Mir\u0103sl\u0103u (interval cuprins \u00eentre Sf. Agnes \u0219i Solsti\u021biului, numerele impare)<\/li>\n\n\n\n<li>Mir\u0103sl\u0103u (interval cuprins \u00eentre \u0219os. Olteni\u021bei \u0219i Sf. Agnes)<\/li>\n\n\n\n<li>\u0218os. Olteni\u021bei ( numerele pare )<\/li>\n\n\n\n<li>Aleea Oltului<\/li>\n\n\n\n<li>Pantazic\u0103 Gabriel<\/li>\n\n\n\n<li>Pavlichieni<\/li>\n\n\n\n<li>Plugari<\/li>\n\n\n\n<li>\u0218colii (interval cuprins \u00eentre \u0219os. Olteni\u021bei \u0219i Solsti\u021biului)<\/li>\n\n\n\n<li>Sf. Cruce<\/li>\n\n\n\n<li>Sf. Leonardo Murialdo<\/li>\n\n\n\n<li>Solsti\u021biului (interval cuprins \u00eentre Mir\u0103sl\u0103u \u0219i Fagului, numerele impare)<\/li>\n\n\n\n<li>Timi\u0219<\/li>\n\n\n\n<li>Timocului<\/li>\n\n\n\n<li>Tractori\u0219tilor<\/li>\n\n\n\n<li>Veselei<\/li>\n\n\n\n<li>Viilor (interval cuprins \u00eentre \u0219os. Olteni\u021bei \u0219i Solsti\u021biului)<\/li>\n\n\n\n<li>Int. Viilor<\/li>\n\n\n\n<li>Zal\u0103u<\/li>\n<\/ol>\n","protected":false},"excerpt":{"rendered":"<p><span class=\"more-link\"><a href=\"https:\/\/scoalaioanbadescu.ro\/?page_id=4713\">Continue Reading<\/a><\/span><\/p>\n","protected":false},"author":2,"featured_media":0,"parent":0,"menu_order":0,"comment_status":"closed","ping_status":"closed","template":"","meta":{"footnotes":""},"class_list":["entry","author-cristian-ene","post-4713","page","type-page","status-publish"],"_links":{"self":[{"href":"https:\/\/scoalaioanbadescu.ro\/index.php?rest_route=\/wp\/v2\/pages\/4713","targetHints":{"allow":["GET"]}}],"collection":[{"href":"https:\/\/scoalaioanbadescu.ro\/index.php?rest_route=\/wp\/v2\/pages"}],"about":[{"href":"https:\/\/scoalaioanbadescu.ro\/index.php?rest_route=\/wp\/v2\/types\/page"}],"author":[{"embeddable":true,"href":"https:\/\/scoalaioanbadescu.ro\/index.php?rest_route=\/wp\/v2\/users\/2"}],"replies":[{"embeddable":true,"href":"https:\/\/scoalaioanbadescu.ro\/index.php?rest_route=%2Fwp%2Fv2%2Fcomments&post=4713"}],"version-history":[{"count":5,"href":"https:\/\/scoalaioanbadescu.ro\/index.php?rest_route=\/wp\/v2\/pages\/4713\/revisions"}],"predecessor-version":[{"id":4799,"href":"https:\/\/scoalaioanbadescu.ro\/index.php?rest_route=\/wp\/v2\/pages\/4713\/revisions\/4799"}],"wp:attachment":[{"href":"https:\/\/scoalaioanbadescu.ro\/index.php?rest_route=%2Fwp%2Fv2%2Fmedia&parent=4713"}],"curies":[{"name":"wp","href":"https:\/\/api.w.org\/{rel}","templated":true}]}}