{"id":4711,"date":"2025-12-22T10:51:34","date_gmt":"2025-12-22T10:51:34","guid":{"rendered":"https:\/\/scoalaioanbadescu.ro\/?page_id=4711"},"modified":"2026-04-01T12:39:47","modified_gmt":"2026-04-01T12:39:47","slug":"inscrierea-in-invatamantul-primar-2025-2026","status":"publish","type":"page","link":"https:\/\/scoalaioanbadescu.ro\/?page_id=4711","title":{"rendered":"\u00censcrierea \u00een \u00eenv\u0103\u021b\u0103m\u00e2ntul primar 2026-2027"},"content":{"rendered":"\n<p><a href=\"\/wp-content\/uploads\/2026\/03\/CALENDAR-PREGATITOARE-2026-2027.pdf\">CALENDAR PREGATITOARE 2026-2027<\/a><\/p>\n\n\n\n<p><a href=\"\/wp-content\/uploads\/2026\/03\/Cerere-privind-studiere-discipline-optionale_religie_Scoala-Gimnaziala-Ioan-Badescu_2026-2027.pdf\">Cerere privind studiere discipline op\u021bionale_religie_\u0218coala Gimnazial\u0103 Ioan B\u0103descu_2026-2027<\/a><\/p>\n\n\n\n<p><a href=\"\/wp-content\/uploads\/2026\/03\/CERERE-TIP_CLSPRG_ETAPA_I_2026.pdf\">CERERE-TIP_CLSPRG_ETAPA_I_2026<\/a><\/p>\n\n\n\n<p><a href=\"\/wp-content\/uploads\/2026\/03\/DOCUMENTE-INSCRIERE-CLASA-PREGATITOARE-2026-2027.pdf\">DOCUMENTE INSCRIERE CLASA PREGATITOARE 2026-2027<\/a><\/p>\n\n\n\n<p><a href=\"\/wp-content\/uploads\/2026\/03\/Anexa-3_Declaratie-proprie-raspundere-autenticitate-documente-inscriere.pdf\">Anexa 3_Declara\u021bie proprie r\u0103spundere autenticitate documente \u00eenscriere<\/a><\/p>\n\n\n\n<p><a href=\"\/wp-content\/uploads\/2026\/03\/Anunt-inscrierea-in-clasa-pregatitoare-an-scolar-2026-2027.pdf\">Anunt \u00eenscrierea \u00een clasa preg\u0103titoare an \u0219colar 2026-2027<\/a><\/p>\n\n\n\n<p><a href=\"https:\/\/scoalaioanbadescu.ro\/wp-content\/uploads\/2026\/03\/5.-Metodologie-de-inscriere-a-copiilor-in-invatamantul-primar-OME-4019-din-2024.pdf\">Metodologie-de-inscriere-a-copiilor-in-invatamantul-primar-OME-4019-din-2024<\/a><\/p>\n\n\n\n<p><a href=\"https:\/\/scoalaioanbadescu.ro\/wp-content\/uploads\/2026\/03\/6.-Evaluarea-nivelului-de-dezvoltare-OMEC-3334-din-2026.pdf\">OMEC 3334_26.02.2026_CALENDAR INSCRIERE CLASA PREGATITOARE 2026-2027<\/a><\/p>\n\n\n\n<p><a href=\"\/?page_id=4761\">Evaluarea nivelului de dezvoltare 2026-2027<\/a><\/p>\n\n\n\n<p><a href=\"\/wp-content\/uploads\/2026\/04\/Prezentare_Popesti-Leordeni_Scoala-Gimnaziala-Ioan-Badescu-2026-2027.pdf\">Prezentare_Pope\u0219ti Leordeni_Scoala Gimnaziala Ioan Badescu-2026-2027<\/a><\/p>\n\n\n\n<p><a href=\"\/wp-content\/uploads\/2026\/03\/Criterii-specifice-de-departajare_inscriere-clasa-preg-2026-2027_Scoala-Gimnaziala-Ioan-Badescu.pdf\">Criterii specifice de departajare_inscriere clasa preg 2026-2027_Scoala Gimnaziala Ioan Badescu<\/a><\/p>\n\n\n\n<p><a href=\"\/?page_id=4713\">CIRC\u0102 \u0218COLAR\u0102 &#8211; ANUL \u0218COLAR 2026-2027<\/a><\/p>\n","protected":false},"excerpt":{"rendered":"<p>CALENDAR PREGATITOARE 2026-2027 Cerere privind studiere discipline op\u021bionale_religie_\u0218coala Gimnazial\u0103 Ioan B\u0103descu_2026-2027 CERERE-TIP_CLSPRG_ETAPA_I_2026 DOCUMENTE INSCRIERE CLASA PREGATITOARE 2026-2027 Anexa 3_Declara\u021bie proprie r\u0103spundere autenticitate documente \u00eenscriere Anunt \u00eenscrierea \u00een clasa preg\u0103titoare an \u0219colar 2026-2027 Metodologie-de-inscriere-a-copiilor-in-invatamantul-primar-OME-4019-din-2024 OMEC 3334_26.02.2026_CALENDAR INSCRIERE CLASA PREGATITOARE 2026-2027 Evaluarea nivelului de dezvoltare 2026-2027 Prezentare_Pope\u0219ti Leordeni_Scoala Gimnaziala Ioan Badescu-2026-2027 Criterii<span class=\"more-link\"><a href=\"https:\/\/scoalaioanbadescu.ro\/?page_id=4711\">Continue Reading<\/a><\/span><\/p>\n","protected":false},"author":2,"featured_media":0,"parent":0,"menu_order":0,"comment_status":"closed","ping_status":"closed","template":"","meta":{"footnotes":""},"class_list":["entry","author-cristian-ene","post-4711","page","type-page","status-publish"],"_links":{"self":[{"href":"https:\/\/scoalaioanbadescu.ro\/index.php?rest_route=\/wp\/v2\/pages\/4711","targetHints":{"allow":["GET"]}}],"collection":[{"href":"https:\/\/scoalaioanbadescu.ro\/index.php?rest_route=\/wp\/v2\/pages"}],"about":[{"href":"https:\/\/scoalaioanbadescu.ro\/index.php?rest_route=\/wp\/v2\/types\/page"}],"author":[{"embeddable":true,"href":"https:\/\/scoalaioanbadescu.ro\/index.php?rest_route=\/wp\/v2\/users\/2"}],"replies":[{"embeddable":true,"href":"https:\/\/scoalaioanbadescu.ro\/index.php?rest_route=%2Fwp%2Fv2%2Fcomments&post=4711"}],"version-history":[{"count":9,"href":"https:\/\/scoalaioanbadescu.ro\/index.php?rest_route=\/wp\/v2\/pages\/4711\/revisions"}],"predecessor-version":[{"id":4802,"href":"https:\/\/scoalaioanbadescu.ro\/index.php?rest_route=\/wp\/v2\/pages\/4711\/revisions\/4802"}],"wp:attachment":[{"href":"https:\/\/scoalaioanbadescu.ro\/index.php?rest_route=%2Fwp%2Fv2%2Fmedia&parent=4711"}],"curies":[{"name":"wp","href":"https:\/\/api.w.org\/{rel}","templated":true}]}}