{"id":4671,"date":"2025-11-04T08:48:05","date_gmt":"2025-11-04T08:48:05","guid":{"rendered":"https:\/\/scoalaioanbadescu.ro\/?page_id=4671"},"modified":"2025-11-04T08:48:08","modified_gmt":"2025-11-04T08:48:08","slug":"hotarari-anul-scolar-2024-2025","status":"publish","type":"page","link":"https:\/\/scoalaioanbadescu.ro\/?page_id=4671","title":{"rendered":"HOT\u0102R\u00c2RI ANUL \u0218COLAR 2024-2025"},"content":{"rendered":"\n<p><a href=\"https:\/\/scoalaioanbadescu.ro\/wp-content\/uploads\/2024\/12\/Hotararea-nr.-1_06.09.2024-1.pdf\">Hot\u0103r\u00e2rea nr. 1<\/a><\/p>\n\n\n\n<p><a href=\"https:\/\/scoalaioanbadescu.ro\/wp-content\/uploads\/2024\/12\/Hotararea-nr.-2_06.09.2024-3-1.pdf\">Hot\u0103r\u00e2rea nr. 2<\/a><\/p>\n\n\n\n<p><a href=\"https:\/\/scoalaioanbadescu.ro\/wp-content\/uploads\/2024\/12\/Hotararea-nr.-3_30.09.2024-1.pdf\">Hot\u0103r\u00e2rea nr. 3<\/a><\/p>\n\n\n\n<p><a href=\"https:\/\/scoalaioanbadescu.ro\/wp-content\/uploads\/2024\/12\/Hotararea-Nr.-4-din-30.09.2024-naveta-septembrie-1.pdf\">Hot\u0103r\u00e2rea Nr. 4<\/a><\/p>\n\n\n\n<p><a href=\"https:\/\/scoalaioanbadescu.ro\/wp-content\/uploads\/2024\/12\/Hotararea-nr.-5-din-10.10.2024-1.pdf\">Hot\u0103r\u00e2rea nr. 5<\/a><\/p>\n\n\n\n<p><a href=\"https:\/\/scoalaioanbadescu.ro\/wp-content\/uploads\/2024\/12\/Hotararea-nr.-6-din-17.10.2024-1.pdf\">Hot\u0103r\u00e2rea nr. 6<\/a><\/p>\n\n\n\n<p><a href=\"https:\/\/scoalaioanbadescu.ro\/wp-content\/uploads\/2024\/12\/Hotararea-nr.-7-din-25.10.2024-1.pdf\">Hot\u0103r\u00e2rea nr. 7<\/a><\/p>\n\n\n\n<p><a href=\"https:\/\/scoalaioanbadescu.ro\/wp-content\/uploads\/2024\/12\/Hotararea-nr.-8-din-08.11.2024-1.pdf\">Hot\u0103r\u00e2rea nr. 8<\/a><\/p>\n\n\n\n<p><a href=\"https:\/\/scoalaioanbadescu.ro\/wp-content\/uploads\/2024\/12\/Hotararea-nr.-9_8.11.2024_naveta-octombrie-2024-1.pdf\">Hot\u0103r\u00e2rea nr. 9<\/a><\/p>\n\n\n\n<p><a href=\"https:\/\/scoalaioanbadescu.ro\/wp-content\/uploads\/2024\/12\/Hotararea-nr.-10_11.12.2024-C.pdf\">Hot\u0103r\u00e2rea nr. 10<\/a><\/p>\n\n\n\n<p><a href=\"https:\/\/scoalaioanbadescu.ro\/wp-content\/uploads\/2024\/12\/Hotararea-nr.-11_11.12.2024-C.pdf\">Hot\u0103r\u00e2rea nr. 11<\/a><\/p>\n\n\n\n<p><a href=\"https:\/\/scoalaioanbadescu.ro\/wp-content\/uploads\/2025\/01\/Hotararea-nr.-12-din-20.12.2024-1.docx\">Hot\u0103r\u00e2rea nr. 12<\/a><\/p>\n\n\n\n<p><a href=\"https:\/\/scoalaioanbadescu.ro\/wp-content\/uploads\/2025\/01\/Hotararea-Nr.-13-din-17.01.2025.docx\">Hot\u0103r\u00e2rea nr. 13<\/a><\/p>\n\n\n\n<p><a href=\"https:\/\/scoalaioanbadescu.ro\/wp-content\/uploads\/2025\/01\/Hotararea-Nr.-14-din-17.01.2025-naveta-decembrie.docx\">Hot\u0103r\u00e2rea nr. 14<\/a><\/p>\n\n\n\n<p><a href=\"https:\/\/scoalaioanbadescu.ro\/wp-content\/uploads\/2025\/04\/Hotararea-Nr.-15-din-27.01.2025-2.docx\">Hot\u0103r\u00e2rea nr. 15<\/a><\/p>\n\n\n\n<p><a href=\"https:\/\/scoalaioanbadescu.ro\/wp-content\/uploads\/2025\/04\/Hotararea-nr.-16-din-7.02.2025.docx\">Hot\u0103r\u00e2rea nr. 16<\/a><\/p>\n\n\n\n<p><a href=\"https:\/\/scoalaioanbadescu.ro\/wp-content\/uploads\/2025\/04\/Hotararea-Nr.-17-din-7.02.2025-naveta-ianuarie.docx\">Hot\u0103r\u00e2rea nr. 17<\/a><\/p>\n\n\n\n<p><a href=\"https:\/\/scoalaioanbadescu.ro\/wp-content\/uploads\/2025\/04\/Hotararea-nr.-18-din-14.02.2025.docx\">Hot\u0103r\u00e2rea nr. 18<\/a><\/p>\n\n\n\n<p><a href=\"https:\/\/scoalaioanbadescu.ro\/wp-content\/uploads\/2025\/04\/Hotararea-nr.-19-din-28.02.2025.docx\">Hot\u0103r\u00e2rea nr. 19<\/a><\/p>\n\n\n\n<p><a href=\"https:\/\/scoalaioanbadescu.ro\/wp-content\/uploads\/2025\/04\/Hotararea-Nr.-20-din-28.02.2025-naveta-februarie.docx\">Hot\u0103r\u00e2rea nr. 20<\/a><\/p>\n\n\n\n<p><a href=\"https:\/\/scoalaioanbadescu.ro\/wp-content\/uploads\/2025\/04\/Hotararea-nr.-22-din-18.03.2025.docx\">Hot\u0103r\u00e2rea nr. 22<\/a><\/p>\n","protected":false},"excerpt":{"rendered":"<p>Hot\u0103r\u00e2rea nr. 1 Hot\u0103r\u00e2rea nr. 2 Hot\u0103r\u00e2rea nr. 3 Hot\u0103r\u00e2rea Nr. 4 Hot\u0103r\u00e2rea nr. 5 Hot\u0103r\u00e2rea nr. 6 Hot\u0103r\u00e2rea nr. 7 Hot\u0103r\u00e2rea nr. 8 Hot\u0103r\u00e2rea nr. 9 Hot\u0103r\u00e2rea nr. 10 Hot\u0103r\u00e2rea nr. 11 Hot\u0103r\u00e2rea nr. 12 Hot\u0103r\u00e2rea nr. 13 Hot\u0103r\u00e2rea nr. 14 Hot\u0103r\u00e2rea nr. 15 Hot\u0103r\u00e2rea nr. 16 Hot\u0103r\u00e2rea nr.<span class=\"more-link\"><a href=\"https:\/\/scoalaioanbadescu.ro\/?page_id=4671\">Continue Reading<\/a><\/span><\/p>\n","protected":false},"author":2,"featured_media":0,"parent":0,"menu_order":0,"comment_status":"closed","ping_status":"closed","template":"","meta":{"footnotes":""},"class_list":["entry","author-cristian-ene","post-4671","page","type-page","status-publish"],"_links":{"self":[{"href":"https:\/\/scoalaioanbadescu.ro\/index.php?rest_route=\/wp\/v2\/pages\/4671","targetHints":{"allow":["GET"]}}],"collection":[{"href":"https:\/\/scoalaioanbadescu.ro\/index.php?rest_route=\/wp\/v2\/pages"}],"about":[{"href":"https:\/\/scoalaioanbadescu.ro\/index.php?rest_route=\/wp\/v2\/types\/page"}],"author":[{"embeddable":true,"href":"https:\/\/scoalaioanbadescu.ro\/index.php?rest_route=\/wp\/v2\/users\/2"}],"replies":[{"embeddable":true,"href":"https:\/\/scoalaioanbadescu.ro\/index.php?rest_route=%2Fwp%2Fv2%2Fcomments&post=4671"}],"version-history":[{"count":1,"href":"https:\/\/scoalaioanbadescu.ro\/index.php?rest_route=\/wp\/v2\/pages\/4671\/revisions"}],"predecessor-version":[{"id":4673,"href":"https:\/\/scoalaioanbadescu.ro\/index.php?rest_route=\/wp\/v2\/pages\/4671\/revisions\/4673"}],"wp:attachment":[{"href":"https:\/\/scoalaioanbadescu.ro\/index.php?rest_route=%2Fwp%2Fv2%2Fmedia&parent=4671"}],"curies":[{"name":"wp","href":"https:\/\/api.w.org\/{rel}","templated":true}]}}