{"id":4233,"date":"2025-03-06T09:46:54","date_gmt":"2025-03-06T09:46:54","guid":{"rendered":"https:\/\/scoalaioanbadescu.ro\/?page_id=4233"},"modified":"2025-05-22T07:28:14","modified_gmt":"2025-05-22T07:28:14","slug":"inscrierea-in-invatamantul-primar-2024-2025-2","status":"publish","type":"page","link":"https:\/\/scoalaioanbadescu.ro\/?page_id=4233","title":{"rendered":"\u00censcrierea \u00een \u00eenv\u0103\u021b\u0103m\u00e2ntul primar 2025-2026"},"content":{"rendered":"\n<div class=\"_df_book df-lite\" id=\"df_4423\"  data-title=\"lista-admisi-etapa-i_clasa-pregatitoare-2025-2026\" _slug=\"lista-admisi-etapa-i_clasa-pregatitoare-2025-2026\" wpoptions=\"true\" thumbtype=\"bg\" ><\/div><script class=\"df-shortcode-script\" type=\"application\/javascript\">window.option_df_4423 = {\"outline\":[],\"forceFit\":\"true\",\"autoEnableOutline\":\"false\",\"autoEnableThumbnail\":\"false\",\"overwritePDFOutline\":\"false\",\"direction\":\"1\",\"pageSize\":\"0\",\"soundEnable\":\"false\",\"source\":\"https:\\\/\\\/scoalaioanbadescu.ro\\\/wp-content\\\/uploads\\\/2025\\\/05\\\/Lista-admisi-Etapa-I_clasa-pregatitoare-2025-2026.pdf\",\"wpOptions\":\"true\"}; if(window.DFLIP && window.DFLIP.parseBooks){window.DFLIP.parseBooks();}<\/script>\n\n\n\n<hr class=\"wp-block-separator has-alpha-channel-opacity is-style-wide\"\/>\n\n\n\n<div class=\"_df_book df-lite\" id=\"df_4355\"  data-title=\"inscriere-documente\" _slug=\"inscriere-documente\" wpoptions=\"true\" thumbtype=\"bg\" ><\/div><script class=\"df-shortcode-script\" type=\"application\/javascript\">window.option_df_4355 = {\"outline\":[],\"forceFit\":\"true\",\"autoEnableOutline\":\"false\",\"autoEnableThumbnail\":\"false\",\"overwritePDFOutline\":\"false\",\"direction\":\"1\",\"pageSize\":\"0\",\"soundEnable\":\"false\",\"source\":\"https:\\\/\\\/scoalaioanbadescu.ro\\\/wp-content\\\/uploads\\\/2025\\\/04\\\/DOCUMENTE-INSCRIERE-CLASA-PREGATITOARE-2025-2026.pdf\",\"wpOptions\":\"true\"}; if(window.DFLIP && window.DFLIP.parseBooks){window.DFLIP.parseBooks();}<\/script>\n\n\n\n<p>Procedura de evaluare a nivelului de dezvoltare \u0219i toate documentele, centre, program<br>\u00cen perioada 10.03.2025 \u2013 27.03.2025, se realizeaz\u0103 evaluarea nivelului de dezvoltare a copiilor care nu au frecventat gr\u0103dini\u021ba sau care s-au \u00eentors din str\u0103in\u0103tate \u0219i \u00eemplinesc 6 ani \u00een perioada 01.09.-31.12.2025 \u00een vederea \u00eenscrierii acestora \u00een clasa preg\u0103titoare \u00een anul \u0219colar 2025-2026.<br>Toate informa\u021biile \u0219i documentele necesare pot fi vizualizate&nbsp;mai&nbsp;jos.<\/p>\n\n\n\n<div class=\"_df_book df-lite\" id=\"df_4274\"  data-title=\"ordin_nr_4019_2024\" _slug=\"ordin_nr_4019_2024\" wpoptions=\"true\" thumbtype=\"bg\" ><\/div><script class=\"df-shortcode-script\" type=\"application\/javascript\">window.option_df_4274 = {\"outline\":[],\"forceFit\":\"true\",\"autoEnableOutline\":\"false\",\"autoEnableThumbnail\":\"false\",\"overwritePDFOutline\":\"false\",\"enableDownload\":\"false\",\"direction\":\"1\",\"pageSize\":\"0\",\"soundEnable\":\"false\",\"source\":\"https:\\\/\\\/scoalaioanbadescu.ro\\\/wp-content\\\/uploads\\\/2025\\\/03\\\/ordin_nr_4019_2024.pdf\",\"wpOptions\":\"true\"}; if(window.DFLIP && window.DFLIP.parseBooks){window.DFLIP.parseBooks();}<\/script>\n\n\n\n<p><a href=\"https:\/\/www.cjrae-ilfov.ro\/evaluarea-nivelului-de-dezvoltare-2025\/\">https:\/\/www.cjrae-ilfov.ro\/evaluarea-nivelului-de-dezvoltare-2025\/<\/a><\/p>\n\n\n\n<div class=\"_df_book df-lite\" id=\"df_4281\"  data-title=\"centreev\" _slug=\"centreev\" wpoptions=\"true\" thumbtype=\"bg\" ><\/div><script class=\"df-shortcode-script\" type=\"application\/javascript\">window.option_df_4281 = {\"outline\":[],\"forceFit\":\"true\",\"autoEnableOutline\":\"false\",\"autoEnableThumbnail\":\"false\",\"overwritePDFOutline\":\"false\",\"direction\":\"1\",\"pageSize\":\"0\",\"soundEnable\":\"false\",\"source\":\"https:\\\/\\\/scoalaioanbadescu.ro\\\/wp-content\\\/uploads\\\/2025\\\/03\\\/Centre-de-evaluare-a-nivelului-de-dezvoltare-judet-Ilfov-.pdf\",\"wpOptions\":\"true\"}; if(window.DFLIP && window.DFLIP.parseBooks){window.DFLIP.parseBooks();}<\/script>\n\n\n\n<div class=\"_df_book df-lite\" id=\"df_4283\"  data-title=\"progev\" _slug=\"progev\" wpoptions=\"true\" thumbtype=\"bg\" ><\/div><script class=\"df-shortcode-script\" type=\"application\/javascript\">window.option_df_4283 = {\"outline\":[],\"forceFit\":\"true\",\"autoEnableOutline\":\"false\",\"autoEnableThumbnail\":\"false\",\"overwritePDFOutline\":\"false\",\"direction\":\"1\",\"pageSize\":\"0\",\"soundEnable\":\"false\",\"source\":\"https:\\\/\\\/scoalaioanbadescu.ro\\\/wp-content\\\/uploads\\\/2025\\\/03\\\/Programul-centrelor-de-evaluare-a-nivelului-de-dezvoltare-.pdf\",\"wpOptions\":\"true\"}; if(window.DFLIP && window.DFLIP.parseBooks){window.DFLIP.parseBooks();}<\/script>\n\n\n\n<div class=\"wp-block-file\"><a id=\"wp-block-file--media-a591262c-a0be-4155-a6b1-e2ddc8db1587\" href=\"https:\/\/scoalaioanbadescu.ro\/wp-content\/uploads\/2025\/03\/Cerere-evaluare-nivel-de-dezvoltare-2025.pdf\">Cerere-evaluare-nivel-de-dezvoltare-2025<\/a><a href=\"https:\/\/scoalaioanbadescu.ro\/wp-content\/uploads\/2025\/03\/Cerere-evaluare-nivel-de-dezvoltare-2025.pdf\" class=\"wp-block-file__button wp-element-button\" download aria-describedby=\"wp-block-file--media-a591262c-a0be-4155-a6b1-e2ddc8db1587\">Descarc\u0103<\/a><\/div>\n\n\n\n<hr class=\"wp-block-separator has-alpha-channel-opacity is-style-wide\"\/>\n\n\n\n<p><a href=\"\/wp-content\/uploads\/2025\/03\/Prezentare_Popesti-Leordeni_Scoala-Gimnaziala-Ioan-Badescu-2025-2026.doc\">Prezentare_Pope\u0219ti Leordeni_Scoala Gimnaziala Ioan Badescu-2025-2026<\/a><\/p>\n\n\n\n<p><a href=\"\/wp-content\/uploads\/2025\/03\/criterii-specifice-de-departajare_inscriere-clasa-preg-2025-2026_Scoala-Gimnaziala-Ioan-Badescu-1.pdf\">Criterii specifice de departajare_inscriere clasa preg 2025-2026_Scoala Gimnaziala Ioan Badescu <\/a><\/p>\n\n\n\n<p><a href=\"\/wp-content\/uploads\/2025\/03\/Anexa-3_Declaratie-proprie-raspundere-autenticitate-documente-inscriere-transmise-online.docx\">Anexa 3_Declara\u021bie proprie r\u0103spundere autenticitate documente \u00eenscriere transmise online<\/a><\/p>\n\n\n\n<p><a href=\"\/wp-content\/uploads\/2025\/03\/Anexa-nr.-2_solicitare-evaluare-copil-care-face-6-ani-in-per-01.09.2025-31.12.2025-inclusiv_IB.docx\">Anexa nr. 2_solicitare evaluare copil care face 6 ani in per 01.09.2025-31.12.2025 inclusiv_IB<\/a><\/p>\n\n\n\n<p><a href=\"\/wp-content\/uploads\/2025\/03\/Cerere-privind-studiere-discipline-optionale_religie_inscriere-campus-nou_Scoala-Gimnaziala-Ioan-Badescu_2025-2026.doc\">Cerere privind studiere discipline op\u021bionale_religie_inscriere campus nou_\u0218coala Gimnazial\u0103 Ioan B\u0103descu_2025-2026<\/a><\/p>\n\n\n\n<p><a href=\"\/wp-content\/uploads\/2025\/03\/CERERE-TIP_CLSPRG_ETAPA_I_2025.docx\">CERERE-TIP_CLSPRG_ETAPA_I_2025<\/a><\/p>\n\n\n\n<p><a href=\"\/wp-content\/uploads\/2025\/03\/circumscriptie-scoli_2025-2026.pdf\">circumscriptie scoli_2025-2026<\/a><\/p>\n\n\n\n<p><a href=\"\/wp-content\/uploads\/2025\/03\/OME-4019_2024_Metodologie-de-inscriere-a-copiiilor-in-invatamantul-primar.pdf\">OME 4019_2024_Metodologie de inscriere a copiiilor in invatamantul primar<\/a><\/p>\n\n\n\n<p><a href=\"\/wp-content\/uploads\/2025\/03\/OME_3435_2025_calendar_inscriere_invatamant_primar-1.pdf\">OME_3435_2025_calendar_inscriere_invatamant_primar<\/a><\/p>\n\n\n\n<p><a href=\"\/wp-content\/uploads\/2025\/03\/Program-de-lucru-inscrieri-clasa-pregatitoare-an-scolar-2025-2026.doc\">Program de lucru \u00eenscrieri clas\u0103 preg\u0103titoare an \u0219colar 2025-2026<\/a><\/p>\n\n\n\n<p><a href=\"\/wp-content\/uploads\/2025\/03\/AVIZ-CRITERII_3254.pdf\">AVIZ CRITERII_3254<\/a><\/p>\n\n\n\n<p><a href=\"\/wp-content\/uploads\/2025\/03\/Anexa-1_cerere-eliberare-recomandare-inscriere-pentru-copiii-care-implinesc-6-ani-dupa-data-de-31.08.2025.doc\">Anexa 1_cerere eliberare recomandare inscriere pentru copiii care \u00eemplinesc 6 ani dup\u0103 data de 31.08.2025<\/a><\/p>\n\n\n\n<div class=\"_df_book df-lite\" id=\"df_4236\"  data-title=\"inscriere2026primar\" _slug=\"inscriere2026primar\" wpoptions=\"true\" thumbtype=\"bg\" ><\/div><script class=\"df-shortcode-script\" type=\"application\/javascript\">window.option_df_4236 = {\"outline\":[],\"forceFit\":\"true\",\"autoEnableOutline\":\"false\",\"autoEnableThumbnail\":\"false\",\"overwritePDFOutline\":\"false\",\"direction\":\"1\",\"pageSize\":\"0\",\"soundEnable\":\"false\",\"source\":\"https:\\\/\\\/scoalaioanbadescu.ro\\\/wp-content\\\/uploads\\\/2025\\\/03\\\/OME_3435_2025_calendar_inscriere_invatamant_primar.pdf\",\"wpOptions\":\"true\"}; if(window.DFLIP && window.DFLIP.parseBooks){window.DFLIP.parseBooks();}<\/script>\n","protected":false},"excerpt":{"rendered":"<p>Procedura de evaluare a nivelului de dezvoltare \u0219i toate documentele, centre, program\u00cen perioada 10.03.2025 \u2013 27.03.2025, se realizeaz\u0103 evaluarea nivelului de dezvoltare a copiilor care nu au frecventat gr\u0103dini\u021ba sau care s-au \u00eentors din str\u0103in\u0103tate \u0219i \u00eemplinesc 6 ani \u00een perioada 01.09.-31.12.2025 \u00een vederea \u00eenscrierii acestora \u00een clasa preg\u0103titoare \u00een<span class=\"more-link\"><a href=\"https:\/\/scoalaioanbadescu.ro\/?page_id=4233\">Continue Reading<\/a><\/span><\/p>\n","protected":false},"author":2,"featured_media":0,"parent":0,"menu_order":0,"comment_status":"closed","ping_status":"closed","template":"","meta":{"footnotes":""},"class_list":["entry","author-cristian-ene","post-4233","page","type-page","status-publish"],"_links":{"self":[{"href":"https:\/\/scoalaioanbadescu.ro\/index.php?rest_route=\/wp\/v2\/pages\/4233","targetHints":{"allow":["GET"]}}],"collection":[{"href":"https:\/\/scoalaioanbadescu.ro\/index.php?rest_route=\/wp\/v2\/pages"}],"about":[{"href":"https:\/\/scoalaioanbadescu.ro\/index.php?rest_route=\/wp\/v2\/types\/page"}],"author":[{"embeddable":true,"href":"https:\/\/scoalaioanbadescu.ro\/index.php?rest_route=\/wp\/v2\/users\/2"}],"replies":[{"embeddable":true,"href":"https:\/\/scoalaioanbadescu.ro\/index.php?rest_route=%2Fwp%2Fv2%2Fcomments&post=4233"}],"version-history":[{"count":6,"href":"https:\/\/scoalaioanbadescu.ro\/index.php?rest_route=\/wp\/v2\/pages\/4233\/revisions"}],"predecessor-version":[{"id":4425,"href":"https:\/\/scoalaioanbadescu.ro\/index.php?rest_route=\/wp\/v2\/pages\/4233\/revisions\/4425"}],"wp:attachment":[{"href":"https:\/\/scoalaioanbadescu.ro\/index.php?rest_route=%2Fwp%2Fv2%2Fmedia&parent=4233"}],"curies":[{"name":"wp","href":"https:\/\/api.w.org\/{rel}","templated":true}]}}