{"id":3348,"date":"2024-03-22T12:06:21","date_gmt":"2024-03-22T12:06:21","guid":{"rendered":"https:\/\/scoalaioanbadescu.ro\/?page_id=3348"},"modified":"2024-09-05T17:57:10","modified_gmt":"2024-09-05T17:57:10","slug":"inscrierea-in-invatamantul-primar-2024-2025","status":"publish","type":"page","link":"https:\/\/scoalaioanbadescu.ro\/?page_id=3348","title":{"rendered":"\u00censcrierea \u00een \u00eenv\u0103\u021b\u0103m\u00e2ntul primar 2024-2025"},"content":{"rendered":"\n<div style=\"height:17px\" aria-hidden=\"true\" class=\"wp-block-spacer\"><\/div>\n\n\n\n<h2 class=\"wp-block-heading has-text-align-center\">Lista elevilor repartiza\u021bi la clasele preg\u0103titoare 2024-2025<\/h2>\n\n\n\n<div class=\"_df_book df-lite\" id=\"df_3864\"  data-title=\"preg\" _slug=\"preg\" wpoptions=\"true\" thumbtype=\"bg\" ><\/div><script class=\"df-shortcode-script\" type=\"application\/javascript\">window.option_df_3864 = {\"outline\":[],\"forceFit\":\"true\",\"autoEnableOutline\":\"false\",\"autoEnableThumbnail\":\"false\",\"overwritePDFOutline\":\"false\",\"direction\":\"1\",\"pageSize\":\"0\",\"source\":\"https:\\\/\\\/scoalaioanbadescu.ro\\\/wp-content\\\/uploads\\\/2024\\\/09\\\/pregatitoare-1-1.pdf\",\"wpOptions\":\"true\"}; if(window.DFLIP && window.DFLIP.parseBooks){window.DFLIP.parseBooks();}<\/script>\n\n\n\n<div style=\"height:17px\" aria-hidden=\"true\" class=\"wp-block-spacer\"><\/div>\n\n\n\n<div class=\"_df_book df-lite\" id=\"df_3675\"  data-title=\"lista-admisi_respinsi_etapa-i\" _slug=\"lista-admisi_respinsi_etapa-i\" wpoptions=\"true\" thumbtype=\"bg\" ><\/div><script class=\"df-shortcode-script\" type=\"application\/javascript\">window.option_df_3675 = {\"outline\":[],\"forceFit\":\"true\",\"autoEnableOutline\":\"false\",\"autoEnableThumbnail\":\"false\",\"overwritePDFOutline\":\"false\",\"direction\":\"1\",\"pageSize\":\"0\",\"soundEnable\":\"false\",\"source\":\"https:\\\/\\\/scoalaioanbadescu.ro\\\/wp-content\\\/uploads\\\/2024\\\/05\\\/LISTA-ADMISI_RESPINSI_ETAPA-I.pdf\",\"wpOptions\":\"true\"}; if(window.DFLIP && window.DFLIP.parseBooks){window.DFLIP.parseBooks();}<\/script>\n\n\n\n<div class=\"wp-block-file\"><a id=\"wp-block-file--media-055ba0f7-84f0-46ff-aa86-f64b6f78615b\" href=\"https:\/\/scoalaioanbadescu.ro\/wp-content\/uploads\/2024\/04\/CERERE-TIP_CLSPRG_ETAPA_I_2024.pdf\">CERERE-TIP DE INSCRIERE IN CLASA PREGATITOARE 2024- ETAPA 1<\/a><a href=\"https:\/\/scoalaioanbadescu.ro\/wp-content\/uploads\/2024\/04\/CERERE-TIP_CLSPRG_ETAPA_I_2024.pdf\" class=\"wp-block-file__button wp-element-button\" download aria-describedby=\"wp-block-file--media-055ba0f7-84f0-46ff-aa86-f64b6f78615b\">Descarca<\/a><\/div>\n\n\n\n<div class=\"_df_book df-lite\" id=\"df_3454\"  data-title=\"cicpreg\" _slug=\"cicpreg\" wpoptions=\"true\" thumbtype=\"bg\" ><\/div><script class=\"df-shortcode-script\" type=\"application\/javascript\">window.option_df_3454 = {\"outline\":[],\"forceFit\":\"true\",\"autoEnableOutline\":\"false\",\"autoEnableThumbnail\":\"false\",\"overwritePDFOutline\":\"false\",\"direction\":\"1\",\"pageSize\":\"0\",\"soundEnable\":\"false\",\"source\":\"https:\\\/\\\/scoalaioanbadescu.ro\\\/wp-content\\\/uploads\\\/2024\\\/03\\\/CALENDAR-INSCRIERE-CLASA-PREGATITOARE-AN-SCOLAR-2024-2025.pdf\",\"wpOptions\":\"true\"}; if(window.DFLIP && window.DFLIP.parseBooks){window.DFLIP.parseBooks();}<\/script>\n\n\n\n<div style=\"height:17px\" aria-hidden=\"true\" class=\"wp-block-spacer\"><\/div>\n\n\n\n<div class=\"_df_book df-lite\" id=\"df_3456\"  data-title=\"css2024-2025\" _slug=\"css2024-2025\" wpoptions=\"true\" thumbtype=\"bg\" ><\/div><script class=\"df-shortcode-script\" type=\"application\/javascript\">window.option_df_3456 = {\"outline\":[],\"forceFit\":\"true\",\"autoEnableOutline\":\"false\",\"autoEnableThumbnail\":\"false\",\"overwritePDFOutline\":\"false\",\"direction\":\"1\",\"pageSize\":\"0\",\"soundEnable\":\"false\",\"source\":\"https:\\\/\\\/scoalaioanbadescu.ro\\\/wp-content\\\/uploads\\\/2024\\\/03\\\/circumscriptie-scoli_2024-2025.pdf\",\"wpOptions\":\"true\"}; if(window.DFLIP && window.DFLIP.parseBooks){window.DFLIP.parseBooks();}<\/script>\n\n\n\n<div style=\"height:17px\" aria-hidden=\"true\" class=\"wp-block-spacer\"><\/div>\n\n\n\n<div class=\"_df_book df-lite\" id=\"df_3462\"  data-title=\"anuntiicpreg\" _slug=\"anuntiicpreg\" wpoptions=\"true\" thumbtype=\"bg\" ><\/div><script class=\"df-shortcode-script\" type=\"application\/javascript\">window.option_df_3462 = {\"outline\":[],\"forceFit\":\"true\",\"autoEnableOutline\":\"false\",\"autoEnableThumbnail\":\"false\",\"overwritePDFOutline\":\"false\",\"direction\":\"1\",\"pageSize\":\"0\",\"soundEnable\":\"false\",\"source\":\"https:\\\/\\\/scoalaioanbadescu.ro\\\/wp-content\\\/uploads\\\/2024\\\/03\\\/Anunt-inscrierea-in-clasa-pregatitoare-an-scolar-2024-2025.pdf\",\"wpOptions\":\"true\"}; if(window.DFLIP && window.DFLIP.parseBooks){window.DFLIP.parseBooks();}<\/script>\n\n\n\n<ol class=\"wp-block-list\">\n<li>Cerere privind studiere discipline op\u021bionale \u0219i religie<strong> [<a href=\"\/wp-content\/uploads\/2024\/03\/Cerere-privind-studiere-discipline-optionale-si-religie_Scoala-Gimnaziala-Ioan-Badescu_2024-2025.doc\">Descarc\u0103 documentul<\/a>]<\/strong><\/li>\n\n\n\n<li>Declara\u021bie proprie r\u0103spundere autenticitate documente \u00eenscriere transmise online <strong>[<a href=\"\/wp-content\/uploads\/2024\/03\/Anexa-3_Declaratie-proprie-raspundere-autenticitate-documente-inscriere-transmise-online.docx\">Descarc\u0103 documentul<\/a>]<\/strong><\/li>\n\n\n\n<li>Cerere eliberare recomandare inscriere pentru copiii care \u00eemplinesc 6 ani <strong>[<a href=\"\/wp-content\/uploads\/2024\/03\/Anexa-1_cerere-eliberare-recomandare-inscriere-pentru-copiii-care-implinesc-6-ani-dupa-data-de-31.08.2024.doc\" data-type=\"link\" data-id=\"\/wp-content\/uploads\/2024\/03\/Anexa-1_cerere-eliberare-recomandare-inscriere-pentru-copiii-care-implinesc-6-ani-dupa-data-de-31.08.2024.doc\">Descarc\u0103 documentul<\/a>]<\/strong><\/li>\n<\/ol>\n\n\n\n<hr class=\"wp-block-separator has-alpha-channel-opacity is-style-wide\"\/>\n\n\n\n<p>Va informam ca pe website-ul CJRAE\/ISJ Ilfov a fost publicata atat procedura cat si documentele necesare privind evaluarea nivelului de dezvoltare in vederea inscrierii in invatamantul primar(cerere, program, centre de evaluare). Va atasam linkul de acces:<br><a href=\"https:\/\/www.cjrae-ilfov.ro\/evaluarea-nivelului-de-dezvoltare-2024\/\">https:\/\/www.cjrae-ilfov.ro\/evaluarea-nivelului-de-dezvoltare-2024\/<\/a><br><a href=\"https:\/\/isjilfov.ro\/acasa\/noutati\/7996-procedura-de-evaluare-a-nicelului-de-dezvoltare-ci-toate-documentele-centre-program\">https:\/\/isjilfov.ro\/acasa\/noutati\/7996-procedura-de-evaluare-a-nicelului-de-dezvoltare-ci-toate-documentele-centre-program<\/a><\/p>\n\n\n<div class=\"wp-block-image\">\n<figure class=\"aligncenter size-full\"><img fetchpriority=\"high\" decoding=\"async\" width=\"800\" height=\"1175\" src=\"https:\/\/scoalaioanbadescu.ro\/wp-content\/uploads\/2024\/03\/Afis.jpg\" alt=\"\" class=\"wp-image-3393\"\/><\/figure>\n<\/div>\n\n\n<p><strong><a href=\"\/wp-content\/uploads\/2024\/03\/Program-centre-de-evaluare-a-nivelului-de-dezvoltare-2024-in-UI-IF.pdf\" data-type=\"link\" data-id=\"\/wp-content\/uploads\/2024\/03\/Program-centre-de-evaluare-a-nivelului-de-dezvoltare-2024-in-UI-IF.pdf\">1.PROGRAMUL CENTRELOR DE EVALUARE A NIVELULUI DE DEZVOLTARE IN UNITATILE<br>SCOLARE DIN JUDETUL ILFOV<\/a><br><a href=\"\/wp-content\/uploads\/2024\/03\/Procedura-evaluare-nivel-de-dezvoltare-2024-CJRAE-Ilfov.pdf\" data-type=\"link\" data-id=\"\/wp-content\/uploads\/2024\/03\/Procedura-evaluare-nivel-de-dezvoltare-2024-CJRAE-Ilfov.pdf\">2.PROCEDURA OPERATIONALA PRIVIND EVALUAREA NIVELULUI DE DEZVOLTARE A COPIILOR CARE IMPLINESC VARSTA DE 6 ANI IN PERIOADA <span style=\"text-decoration: underline;\">01.09.2024-31.12.2024<\/span><\/a><br><a href=\"\/wp-content\/uploads\/2024\/03\/Centrele-de-evaluare-a-nivelului-de-dezvoltare-in-UI-IF-2024.pdf\" data-type=\"link\" data-id=\"\/wp-content\/uploads\/2024\/03\/Centrele-de-evaluare-a-nivelului-de-dezvoltare-in-UI-IF-2024.pdf\">3.CENTRE DE EVALUARE A NIVELULUI DE DEZVOLTARE IN VEDEREA INSCRIERII IN INVATAMANTUL PRIMAR<\/a><br><a href=\"\/wp-content\/uploads\/2024\/03\/Cerere-evaluare-nivel-de-dezvoltare2024.pdf\" data-type=\"link\" data-id=\"\/wp-content\/uploads\/2024\/03\/Cerere-evaluare-nivel-de-dezvoltare2024.pdf\">4.CERERE DE EVALUARE<\/a><\/strong><\/p>\n\n\n\n<p><\/p>\n\n\n\n<h2 class=\"wp-block-heading has-text-align-center has-vivid-red-color has-text-color has-link-color wp-elements-60aee22017519b425b28d0e6e2b5dc40\"><strong><span style=\"text-decoration: underline;\">Str\u0103zi arondate<\/span><\/strong><\/h2>\n\n\n\n<p><strong><span style=\"text-decoration: underline;\">Str\u0103zi arondate unit\u0103\u021bii \u0219colare:<\/span><\/strong> Strada Afinelor, Strada Agapiei, Strada Agricultorilor, Strada Alexandru Conduratu, Strada Amurgului, Strada Ancu\u021bei, Strada Apusului, Strada Astrelor, Strada Bateriei, Strada Berceni, Strada Biruin\u021bei, Strada Bradului, Strada C\u0103z\u0103ne\u0219ti, Strada C\u00e2mpului, Strada Cire\u0219ilor, Strada Cristian, Strada Dispensarului, Strada Drumul Fermei, Strada Dudului, Strada Soroiu Stroici Elena, Strada Echinoc\u021biului, Strada Eclipsei, Strada Fagului, Strada Fecioarei, Strada Fermei, Strada Gloriei, Strada Hotarului, Strada Iozu Pavel, Strada Lauren\u021biu Raiciu, Strada Kiev, Strada Maica Tereza, Strada Mir\u0103sl\u0103u (\u00eentre \u0218os. Olteni\u021bei \u0219i strada Pope\u0219ti Vest), Strada Occidentului, Strada Pantazic\u0103 Gabriel, Strada Int. Pavel Ceamur, Strada Pavel Ceamur, Strada Oituz, Strada Aleea Oituz, Strada Oltului (Strada Aleea Oltului), Sos. Oltenitei (numere pare), Strada Pavlicheni, Strada Plugari, Strada Pope\u0219ti \u2013 Vest, Strada Sf. Agnes, Strada Sf. Cruce, Strada Sf. Leonardo Murialdo, Strada \u0218colii, Strada Seceri\u0219ului, Strada Solsti\u021biului, Strada Timi\u0219, Strada Timocului, Strada Tractori\u0219tilor, Strada Lt. Mj. Av. T\u0103nase Banciu, Strada Triumfului, Strada Veseliei, Strada Viilor, Strada Intrarea Viilor.<\/p>\n\n\n\n<h2 class=\"wp-block-heading has-text-align-center has-vivid-red-color has-text-color has-link-color wp-elements-4c5c2f5f47c098320917590967ccc52f\"><strong><span style=\"text-decoration: underline;\">Prezentarea \u0218colii<\/span><\/strong><\/h2>\n\n\n\n<div class=\"_df_book df-lite\" id=\"df_3378\"  data-title=\"prezentarea-scolii\" _slug=\"prezentarea-scolii\" wpoptions=\"true\" thumbtype=\"bg\" ><\/div><script class=\"df-shortcode-script\" type=\"application\/javascript\">window.option_df_3378 = {\"outline\":[],\"forceFit\":\"true\",\"autoEnableOutline\":\"false\",\"autoEnableThumbnail\":\"false\",\"overwritePDFOutline\":\"false\",\"direction\":\"1\",\"pageSize\":\"0\",\"soundEnable\":\"false\",\"source\":\"https:\\\/\\\/scoalaioanbadescu.ro\\\/wp-content\\\/uploads\\\/2024\\\/03\\\/Prezentare_Popesti-Leordeni_Scoala-Gimnaziala-Ioan-Badescu-2024-2025_finala.pdf\",\"wpOptions\":\"true\"}; if(window.DFLIP && window.DFLIP.parseBooks){window.DFLIP.parseBooks();}<\/script>\n\n\n\n<div style=\"height:29px\" aria-hidden=\"true\" class=\"wp-block-spacer\"><\/div>\n\n\n\n<div class=\"_df_book df-lite\" id=\"df_3181\"  data-title=\"pliant\" _slug=\"pliant\" wpoptions=\"true\" thumbtype=\"bg\" ><\/div><script class=\"df-shortcode-script\" type=\"application\/javascript\">window.option_df_3181 = {\"outline\":[],\"forceFit\":\"true\",\"autoEnableOutline\":\"false\",\"autoEnableThumbnail\":\"false\",\"overwritePDFOutline\":\"false\",\"direction\":\"1\",\"pageSize\":\"0\",\"soundEnable\":\"false\",\"source\":\"https:\\\/\\\/scoalaioanbadescu.ro\\\/wp-content\\\/uploads\\\/2024\\\/02\\\/pliant-sc-ioan-badescu-modificari-finale-ambele-poze.pdf\",\"wpOptions\":\"true\"}; if(window.DFLIP && window.DFLIP.parseBooks){window.DFLIP.parseBooks();}<\/script>\n\n\n\n<h2 class=\"wp-block-heading has-text-align-center\"><span style=\"text-decoration: underline;\"><strong>Ordin<\/strong><\/span><\/h2>\n\n\n\n<div class=\"_df_book df-lite\" id=\"df_3351\"  data-title=\"metodologie-2024-2025\" _slug=\"metodologie-2024-2025\" wpoptions=\"true\" thumbtype=\"bg\" ><\/div><script class=\"df-shortcode-script\" type=\"application\/javascript\">window.option_df_3351 = {\"outline\":[],\"forceFit\":\"true\",\"autoEnableOutline\":\"false\",\"autoEnableThumbnail\":\"false\",\"overwritePDFOutline\":\"false\",\"direction\":\"1\",\"pageSize\":\"0\",\"soundEnable\":\"false\",\"source\":\"https:\\\/\\\/scoalaioanbadescu.ro\\\/wp-content\\\/uploads\\\/2024\\\/03\\\/OME-nr.-4019-din-15.03.2024-Metodologie-inscriere-inv.-primar-2024-2025.pdf\",\"wpOptions\":\"true\"}; if(window.DFLIP && window.DFLIP.parseBooks){window.DFLIP.parseBooks();}<\/script>\n","protected":false},"excerpt":{"rendered":"<p>Lista elevilor repartiza\u021bi la clasele preg\u0103titoare 2024-2025 Va informam ca pe website-ul CJRAE\/ISJ Ilfov a fost publicata atat procedura cat si documentele necesare privind evaluarea nivelului de dezvoltare in vederea inscrierii in invatamantul primar(cerere, program, centre de evaluare). Va atasam linkul de acces:https:\/\/www.cjrae-ilfov.ro\/evaluarea-nivelului-de-dezvoltare-2024\/https:\/\/isjilfov.ro\/acasa\/noutati\/7996-procedura-de-evaluare-a-nicelului-de-dezvoltare-ci-toate-documentele-centre-program 1.PROGRAMUL CENTRELOR DE EVALUARE A NIVELULUI DE<span class=\"more-link\"><a href=\"https:\/\/scoalaioanbadescu.ro\/?page_id=3348\">Continue Reading<\/a><\/span><\/p>\n","protected":false},"author":2,"featured_media":0,"parent":0,"menu_order":0,"comment_status":"closed","ping_status":"closed","template":"","meta":{"footnotes":""},"class_list":["entry","author-cristian-ene","post-3348","page","type-page","status-publish"],"_links":{"self":[{"href":"https:\/\/scoalaioanbadescu.ro\/index.php?rest_route=\/wp\/v2\/pages\/3348","targetHints":{"allow":["GET"]}}],"collection":[{"href":"https:\/\/scoalaioanbadescu.ro\/index.php?rest_route=\/wp\/v2\/pages"}],"about":[{"href":"https:\/\/scoalaioanbadescu.ro\/index.php?rest_route=\/wp\/v2\/types\/page"}],"author":[{"embeddable":true,"href":"https:\/\/scoalaioanbadescu.ro\/index.php?rest_route=\/wp\/v2\/users\/2"}],"replies":[{"embeddable":true,"href":"https:\/\/scoalaioanbadescu.ro\/index.php?rest_route=%2Fwp%2Fv2%2Fcomments&post=3348"}],"version-history":[{"count":18,"href":"https:\/\/scoalaioanbadescu.ro\/index.php?rest_route=\/wp\/v2\/pages\/3348\/revisions"}],"predecessor-version":[{"id":3866,"href":"https:\/\/scoalaioanbadescu.ro\/index.php?rest_route=\/wp\/v2\/pages\/3348\/revisions\/3866"}],"wp:attachment":[{"href":"https:\/\/scoalaioanbadescu.ro\/index.php?rest_route=%2Fwp%2Fv2%2Fmedia&parent=3348"}],"curies":[{"name":"wp","href":"https:\/\/api.w.org\/{rel}","templated":true}]}}