{"id":3249,"date":"2024-03-12T10:37:44","date_gmt":"2024-03-12T10:37:44","guid":{"rendered":"https:\/\/scoalaioanbadescu.ro\/?page_id=3249"},"modified":"2024-03-12T11:07:43","modified_gmt":"2024-03-12T11:07:43","slug":"anul-scolar-2023-2024-cdl","status":"publish","type":"page","link":"https:\/\/scoalaioanbadescu.ro\/?page_id=3249","title":{"rendered":"Anul \u0218colar 2023-2024 CDL"},"content":{"rendered":"\t\t<div data-elementor-type=\"wp-page\" data-elementor-id=\"3249\" class=\"elementor elementor-3249\">\n\t\t\t\t<div class=\"elementor-element elementor-element-1ff09ba e-flex e-con-boxed e-con e-parent\" data-id=\"1ff09ba\" data-element_type=\"container\">\n\t\t\t\t\t<div class=\"e-con-inner\">\n\t\t\t\t<div class=\"elementor-element elementor-element-a9b5438 elementor-widget elementor-widget-heading\" data-id=\"a9b5438\" data-element_type=\"widget\" data-widget_type=\"heading.default\">\n\t\t\t\t<div class=\"elementor-widget-container\">\n\t\t\t\t\t<h1 class=\"elementor-heading-title elementor-size-default\">Managementul cazurilor de violen\u021b\u0103<\/h1>\t\t\t\t<\/div>\n\t\t\t\t<\/div>\n\t\t\t\t\t<\/div>\n\t\t\t\t<\/div>\n\t\t<div class=\"elementor-element elementor-element-4e3d945 e-flex e-con-boxed e-con e-parent\" data-id=\"4e3d945\" data-element_type=\"container\">\n\t\t\t\t\t<div class=\"e-con-inner\">\n\t\t\t\t<div class=\"elementor-element elementor-element-ef74bad elementor-widget elementor-widget-spacer\" data-id=\"ef74bad\" data-element_type=\"widget\" data-widget_type=\"spacer.default\">\n\t\t\t\t<div class=\"elementor-widget-container\">\n\t\t\t\t\t\t\t<div class=\"elementor-spacer\">\n\t\t\t<div class=\"elementor-spacer-inner\"><\/div>\n\t\t<\/div>\n\t\t\t\t\t\t<\/div>\n\t\t\t\t<\/div>\n\t\t\t\t<div class=\"elementor-element elementor-element-ebadef0 elementor-widget elementor-widget-text-editor\" data-id=\"ebadef0\" data-element_type=\"widget\" data-widget_type=\"text-editor.default\">\n\t\t\t\t<div class=\"elementor-widget-container\">\n\t\t\t\t\t\t\t\t\t<p><span style=\"color: #0000ff;\"><strong><a style=\"color: #0000ff;\" href=\"https:\/\/edu.ro\/management_cazuri_violenta\" target=\"_blank\" rel=\"noopener\">Managementul cazurilor de viole\u021b\u0103 &#8211; <span style=\"text-decoration: underline;\">EDU.RO<\/span>.<\/a><\/strong><\/span><\/p><ul><li><span style=\"color: #333300;\"><a style=\"color: #333300;\" href=\"\/wp-content\/uploads\/2024\/03\/Procedura_MO_rev_anexa_6235.pdf\" target=\"_blank\" rel=\"noopener\"><span style=\"text-decoration: underline;\">Procedura<\/span> privind managementul cazurilor de violen\u021b\u0103 asupra antepre\u0219colarilor\/pre\u0219colarilor\/elevilor \u0219i a personalului unit\u0103\u021bii de \u00eenv\u0103\u021b\u0103m\u00e2nt.<\/a><\/span><\/li><li><span style=\"color: #333300;\"><a style=\"color: #333300;\" href=\"\/?page_id=3258\" target=\"_blank\" rel=\"noopener\"><span style=\"text-decoration: underline;\">Material informativ<\/span>.<\/a><\/span><\/li><li><span style=\"color: #333300;\"><a style=\"color: #333300;\" href=\"\/wp-content\/uploads\/2024\/03\/Minister_Forme_Usoare.pdf\" target=\"_blank\" rel=\"noopener\"><span style=\"text-decoration: underline;\">Managementul\u00a0cazurilor de violen\u021b\u0103 u\u0219oar\u0103<\/span> \u00eentre antepre\u0219colari\/pre\u0219colar\/elevi, s\u0103v\u00e2r\u0219it\u0103 \u00een mediul \u0219colar.<\/a><\/span><\/li><li><span style=\"color: #333300;\"><a style=\"color: #333300;\" href=\"\/wp-content\/uploads\/2024\/03\/Minister_Forme_Grave.pdf\" target=\"_blank\" rel=\"noopener\"><span style=\"text-decoration: underline;\">Managementul cazurilor de violen\u021b\u0103 grav\u0103<\/span> \u00eentre pre\u0219colari\/elevi petrecute \u00een mediul \u0219colar.<\/a><\/span><\/li><li><span style=\"color: #333300;\"><a style=\"color: #333300;\" href=\"\/wp-content\/uploads\/2024\/03\/Minister_ViolentaPersonal-asupra-elevilor.pdf\" target=\"_blank\" rel=\"noopener\"><span style=\"text-decoration: underline;\">Managementul cazurilor de violen\u021b\u0103 a personalului UIP<\/span> asupra antepre\u0219colarilor\/ pre\u0219colarilor\/elevilor<\/a>.<\/span><\/li><li><span style=\"color: #333300;\"><a style=\"color: #333300;\" href=\"\/wp-content\/uploads\/2024\/03\/Minister_Violenta_inafarascolii.pdf\" target=\"_blank\" rel=\"noopener\"><span style=\"text-decoration: underline;\">Interven\u021bia \u00een caz de suspiciune de violen\u021b\u0103<\/span> asupra copilului \u00een afara mediului \u0219colar.<\/a><\/span><\/li><li><span style=\"color: #333300;\"><a style=\"color: #333300;\" href=\"\/wp-content\/uploads\/2024\/03\/Minister_SM_Substante.pdf\" target=\"_blank\" rel=\"noopener\"><span style=\"text-decoration: underline;\">Interven\u021bia \u00een cazurile de suspiciune de consum<\/span> de substan\u021be \u00een r\u00e2ndul elevilor.<\/a><\/span><\/li><li><span style=\"color: #333300;\"><a style=\"color: #333300;\" href=\"\/wp-content\/uploads\/2024\/03\/Minister_Remake_Portarma.pdf\" target=\"_blank\" rel=\"noopener\"><span style=\"text-decoration: underline;\">Interven\u021bia \u00een caz de suspiciune de port sau folosire, f\u0103r\u0103 drept, de obiecte periculoase<\/span> sau suspiciunea s\u0103v\u00e2r\u0219irii, de c\u0103tre elevi, a unei infrac\u021biuni \u00een mediul \u0219colar.<\/a><\/span><\/li><\/ul>\t\t\t\t\t\t\t\t<\/div>\n\t\t\t\t<\/div>\n\t\t\t\t\t<\/div>\n\t\t\t\t<\/div>\n\t\t\t\t<\/div>\n\t\t","protected":false},"excerpt":{"rendered":"<p>Managementul cazurilor de violen\u021b\u0103 Managementul cazurilor de viole\u021b\u0103 &#8211; EDU.RO. Procedura privind managementul cazurilor de violen\u021b\u0103 asupra antepre\u0219colarilor\/pre\u0219colarilor\/elevilor \u0219i a personalului unit\u0103\u021bii de \u00eenv\u0103\u021b\u0103m\u00e2nt. Material informativ. Managementul\u00a0cazurilor de violen\u021b\u0103 u\u0219oar\u0103 \u00eentre antepre\u0219colari\/pre\u0219colar\/elevi, s\u0103v\u00e2r\u0219it\u0103 \u00een mediul \u0219colar. Managementul cazurilor de violen\u021b\u0103 grav\u0103 \u00eentre pre\u0219colari\/elevi petrecute \u00een mediul \u0219colar. Managementul cazurilor de<span class=\"more-link\"><a href=\"https:\/\/scoalaioanbadescu.ro\/?page_id=3249\">Continue Reading<\/a><\/span><\/p>\n","protected":false},"author":2,"featured_media":0,"parent":0,"menu_order":0,"comment_status":"closed","ping_status":"closed","template":"","meta":{"footnotes":""},"class_list":["entry","author-cristian-ene","post-3249","page","type-page","status-publish"],"_links":{"self":[{"href":"https:\/\/scoalaioanbadescu.ro\/index.php?rest_route=\/wp\/v2\/pages\/3249","targetHints":{"allow":["GET"]}}],"collection":[{"href":"https:\/\/scoalaioanbadescu.ro\/index.php?rest_route=\/wp\/v2\/pages"}],"about":[{"href":"https:\/\/scoalaioanbadescu.ro\/index.php?rest_route=\/wp\/v2\/types\/page"}],"author":[{"embeddable":true,"href":"https:\/\/scoalaioanbadescu.ro\/index.php?rest_route=\/wp\/v2\/users\/2"}],"replies":[{"embeddable":true,"href":"https:\/\/scoalaioanbadescu.ro\/index.php?rest_route=%2Fwp%2Fv2%2Fcomments&post=3249"}],"version-history":[{"count":22,"href":"https:\/\/scoalaioanbadescu.ro\/index.php?rest_route=\/wp\/v2\/pages\/3249\/revisions"}],"predecessor-version":[{"id":3282,"href":"https:\/\/scoalaioanbadescu.ro\/index.php?rest_route=\/wp\/v2\/pages\/3249\/revisions\/3282"}],"wp:attachment":[{"href":"https:\/\/scoalaioanbadescu.ro\/index.php?rest_route=%2Fwp%2Fv2%2Fmedia&parent=3249"}],"curies":[{"name":"wp","href":"https:\/\/api.w.org\/{rel}","templated":true}]}}