{"id":2959,"date":"2024-02-11T14:44:45","date_gmt":"2024-02-11T14:44:45","guid":{"rendered":"https:\/\/scoalaioanbadescu.ro\/?page_id=2959"},"modified":"2024-02-11T14:45:11","modified_gmt":"2024-02-11T14:45:11","slug":"valori-si-principii","status":"publish","type":"page","link":"https:\/\/scoalaioanbadescu.ro\/?page_id=2959","title":{"rendered":"VALORI \u0218I PRINCIPII"},"content":{"rendered":"\t\t<div data-elementor-type=\"wp-page\" data-elementor-id=\"2959\" class=\"elementor elementor-2959\">\n\t\t\t\t<div class=\"elementor-element elementor-element-5a07b33 e-flex e-con-boxed e-con e-parent\" data-id=\"5a07b33\" data-element_type=\"container\">\n\t\t\t\t\t<div class=\"e-con-inner\">\n\t\t\t\t<div class=\"elementor-element elementor-element-70f233d elementor-widget elementor-widget-text-editor\" data-id=\"70f233d\" data-element_type=\"widget\" data-widget_type=\"text-editor.default\">\n\t\t\t\t<div class=\"elementor-widget-container\">\n\t\t\t\t\t\t\t\t\t<p>\u0218coala Gimanzial\u0103 Ioan B\u0103descu \u00ee\u0219i dezvolt\u0103 strategia pornind de la o serie de valori recunoscute la nivel na\u021bional \u0219i european, \u00eemp\u0103rt\u0103\u0219ite de membrii organiza\u021biei \u0219i promovate \u00een r\u00e2ndul participan\u021bilor la via\u021ba \u0219colii:<br \/>\u00cenv\u0103\u021bare Relevant\u0103 \u0219i Durabil\u0103, Empatie, \u00cencredere, Cooperare, Autonomie, Integritate, Incluziune, Diversitate, Interculturalitate, Toleran\u021b\u0103 \u0219i Memorie\u00a0Colectiv\u0103<\/p>\t\t\t\t\t\t\t\t<\/div>\n\t\t\t\t<\/div>\n\t\t\t\t\t<\/div>\n\t\t\t\t<\/div>\n\t\t\t\t<\/div>\n\t\t","protected":false},"excerpt":{"rendered":"<p>\u0218coala Gimanzial\u0103 Ioan B\u0103descu \u00ee\u0219i dezvolt\u0103 strategia pornind de la o serie de valori recunoscute la nivel na\u021bional \u0219i european, \u00eemp\u0103rt\u0103\u0219ite de membrii organiza\u021biei \u0219i promovate \u00een r\u00e2ndul participan\u021bilor la via\u021ba \u0219colii:\u00cenv\u0103\u021bare Relevant\u0103 \u0219i Durabil\u0103, Empatie, \u00cencredere, Cooperare, Autonomie, Integritate, Incluziune, Diversitate, Interculturalitate, Toleran\u021b\u0103 \u0219i Memorie\u00a0Colectiv\u0103<span class=\"more-link\"><a href=\"https:\/\/scoalaioanbadescu.ro\/?page_id=2959\">Continue Reading<\/a><\/span><\/p>\n","protected":false},"author":2,"featured_media":0,"parent":0,"menu_order":0,"comment_status":"closed","ping_status":"closed","template":"","meta":{"footnotes":""},"class_list":["entry","author-cristian-ene","post-2959","page","type-page","status-publish"],"_links":{"self":[{"href":"https:\/\/scoalaioanbadescu.ro\/index.php?rest_route=\/wp\/v2\/pages\/2959","targetHints":{"allow":["GET"]}}],"collection":[{"href":"https:\/\/scoalaioanbadescu.ro\/index.php?rest_route=\/wp\/v2\/pages"}],"about":[{"href":"https:\/\/scoalaioanbadescu.ro\/index.php?rest_route=\/wp\/v2\/types\/page"}],"author":[{"embeddable":true,"href":"https:\/\/scoalaioanbadescu.ro\/index.php?rest_route=\/wp\/v2\/users\/2"}],"replies":[{"embeddable":true,"href":"https:\/\/scoalaioanbadescu.ro\/index.php?rest_route=%2Fwp%2Fv2%2Fcomments&post=2959"}],"version-history":[{"count":4,"href":"https:\/\/scoalaioanbadescu.ro\/index.php?rest_route=\/wp\/v2\/pages\/2959\/revisions"}],"predecessor-version":[{"id":2964,"href":"https:\/\/scoalaioanbadescu.ro\/index.php?rest_route=\/wp\/v2\/pages\/2959\/revisions\/2964"}],"wp:attachment":[{"href":"https:\/\/scoalaioanbadescu.ro\/index.php?rest_route=%2Fwp%2Fv2%2Fmedia&parent=2959"}],"curies":[{"name":"wp","href":"https:\/\/api.w.org\/{rel}","templated":true}]}}