{"id":2954,"date":"2024-02-11T14:43:34","date_gmt":"2024-02-11T14:43:34","guid":{"rendered":"https:\/\/scoalaioanbadescu.ro\/?page_id=2954"},"modified":"2024-02-16T17:19:06","modified_gmt":"2024-02-16T17:19:06","slug":"misiunea","status":"publish","type":"page","link":"https:\/\/scoalaioanbadescu.ro\/?page_id=2954","title":{"rendered":"MISIUNEA"},"content":{"rendered":"\t\t<div data-elementor-type=\"wp-page\" data-elementor-id=\"2954\" class=\"elementor elementor-2954\">\n\t\t\t\t<div class=\"elementor-element elementor-element-59ff83f e-flex e-con-boxed e-con e-parent\" data-id=\"59ff83f\" data-element_type=\"container\">\n\t\t\t\t\t<div class=\"e-con-inner\">\n\t\t\t\t<div class=\"elementor-element elementor-element-bdb09b3 elementor-widget elementor-widget-text-editor\" data-id=\"bdb09b3\" data-element_type=\"widget\" data-widget_type=\"text-editor.default\">\n\t\t\t\t<div class=\"elementor-widget-container\">\n\t\t\t\t\t\t\t\t\t<p>Form\u0103m liderii viitorului stimul\u00e2nd poten\u021bialul personal al fiec\u0103rui copil, \u00eencuraj\u00e2ndu-i pe elevi s\u0103-\u0219i descopere calit\u0103\u021bile \u0219i talentele, s\u0103-\u0219i creeze propriul traseu de \u00eenv\u0103\u021bare \u0219i s\u0103-\u0219i contureze propriul viitor.<br \/>\u015ecoala Gimnazial\u0103 Ioan B\u0103descu \u00ee\u015fi propune s\u0103 pun\u0103 la dispozi\u0163ia beneficiarilor oportunit\u0103\u0163i de dezvoltare \u015fi de educa\u0163ie de calitate. Prin oferta promovat\u0103, se urm\u0103re\u0219te satisfacerea nevoilor individuale de \u00eenv\u0103\u0163are ale copiilor, pentru ca viitorul t\u00e2n\u0103r s\u0103 devin\u0103 un cet\u0103\u0163ean european.<br \/>Prin oferta promovat\u0103, se urm\u0103re\u0219te dezvoltarea \u0219i valorizarea individual\u0103 a copiilor, pentru ca ei s\u0103-\u021bi foloseasc\u0103 poten\u021bialul intelectual, afectiv, creativ \u0219i personalitatea.<br \/>\u015ecoala Gimnazial\u0103 Ioan B\u0103descu urm\u0103re\u015fte s\u0103 dezvolte o minicomunitate, \u00een care elevii s\u0103-\u015fi formeze \u015fi s\u0103 exerseze convingeri \u015fi comportamente autentice de bun cet\u0103\u0163ean european, o \u015fcoal\u0103 incluziv\u0103, care s\u0103 ofere oportunit\u0103\u0163i egale \u015fi sprijin pentru dezvoltarea personal\u0103 a fiec\u0103rui elev, inclusiv a celor cu cerin\u0163e educative speciale.<br \/>\u015ecoala Gimnazial\u0103 Ioan B\u0103descu utilizeaz\u0103 un management eficient al tuturor resurselor, pentru crearea unei societ\u0103\u021bi durabile, prin stimularea lucrului \u00een echip\u0103 \u015fi valorizarea resursei umane.<br \/>\u015ecoala Gimnazial\u0103 Ioan B\u0103descu sus\u0163ine performan\u0163a \u00een toate domeniile cunoa\u015fterii, \u00een func\u0163ie de interesul \u015fi aptitudinile personale \u0219i competen\u021bele fiec\u0103rui copil.<\/p>\t\t\t\t\t\t\t\t<\/div>\n\t\t\t\t<\/div>\n\t\t\t\t\t<\/div>\n\t\t\t\t<\/div>\n\t\t\t\t<\/div>\n\t\t","protected":false},"excerpt":{"rendered":"<p>Form\u0103m liderii viitorului stimul\u00e2nd poten\u021bialul personal al fiec\u0103rui copil, \u00eencuraj\u00e2ndu-i pe elevi s\u0103-\u0219i descopere calit\u0103\u021bile \u0219i talentele, s\u0103-\u0219i creeze propriul traseu de \u00eenv\u0103\u021bare \u0219i s\u0103-\u0219i contureze propriul viitor.\u015ecoala Gimnazial\u0103 Ioan B\u0103descu \u00ee\u015fi propune s\u0103 pun\u0103 la dispozi\u0163ia beneficiarilor oportunit\u0103\u0163i de dezvoltare \u015fi de educa\u0163ie de calitate. Prin oferta promovat\u0103, se<span class=\"more-link\"><a href=\"https:\/\/scoalaioanbadescu.ro\/?page_id=2954\">Continue Reading<\/a><\/span><\/p>\n","protected":false},"author":2,"featured_media":0,"parent":0,"menu_order":0,"comment_status":"closed","ping_status":"closed","template":"","meta":{"footnotes":""},"class_list":["entry","author-cristian-ene","post-2954","page","type-page","status-publish"],"_links":{"self":[{"href":"https:\/\/scoalaioanbadescu.ro\/index.php?rest_route=\/wp\/v2\/pages\/2954","targetHints":{"allow":["GET"]}}],"collection":[{"href":"https:\/\/scoalaioanbadescu.ro\/index.php?rest_route=\/wp\/v2\/pages"}],"about":[{"href":"https:\/\/scoalaioanbadescu.ro\/index.php?rest_route=\/wp\/v2\/types\/page"}],"author":[{"embeddable":true,"href":"https:\/\/scoalaioanbadescu.ro\/index.php?rest_route=\/wp\/v2\/users\/2"}],"replies":[{"embeddable":true,"href":"https:\/\/scoalaioanbadescu.ro\/index.php?rest_route=%2Fwp%2Fv2%2Fcomments&post=2954"}],"version-history":[{"count":4,"href":"https:\/\/scoalaioanbadescu.ro\/index.php?rest_route=\/wp\/v2\/pages\/2954\/revisions"}],"predecessor-version":[{"id":2958,"href":"https:\/\/scoalaioanbadescu.ro\/index.php?rest_route=\/wp\/v2\/pages\/2954\/revisions\/2958"}],"wp:attachment":[{"href":"https:\/\/scoalaioanbadescu.ro\/index.php?rest_route=%2Fwp%2Fv2%2Fmedia&parent=2954"}],"curies":[{"name":"wp","href":"https:\/\/api.w.org\/{rel}","templated":true}]}}