{"id":2949,"date":"2024-02-11T14:41:57","date_gmt":"2024-02-11T14:41:57","guid":{"rendered":"https:\/\/scoalaioanbadescu.ro\/?page_id=2949"},"modified":"2024-02-11T14:44:51","modified_gmt":"2024-02-11T14:44:51","slug":"viziunea","status":"publish","type":"page","link":"https:\/\/scoalaioanbadescu.ro\/?page_id=2949","title":{"rendered":"VIZIUNEA"},"content":{"rendered":"\t\t<div data-elementor-type=\"wp-page\" data-elementor-id=\"2949\" class=\"elementor elementor-2949\">\n\t\t\t\t<div class=\"elementor-element elementor-element-e393ec8 e-flex e-con-boxed e-con e-parent\" data-id=\"e393ec8\" data-element_type=\"container\">\n\t\t\t\t\t<div class=\"e-con-inner\">\n\t\t\t\t<div class=\"elementor-element elementor-element-6da06e37 elementor-widget elementor-widget-text-editor\" data-id=\"6da06e37\" data-element_type=\"widget\" data-widget_type=\"text-editor.default\">\n\t\t\t\t<div class=\"elementor-widget-container\">\n\t\t\t\t\t\t\t\t\t\n<p><span style=\"color: #333333;\">\u201cPutem cocrea viitorul prin \u00eenv\u0103\u021bare colaborativ\u0103, relevant\u0103, responsabil\u0103 \u0219i \u00eempreun\u0103 reu\u0219im!\u201d<\/span><br \/>\u015ecoala Gimnazial\u0103 Ioan B\u0103descu \u00ee\u015fi propune s\u0103 creeze, \u00eentr-un mediu educa\u0163ional sigur \u015fi prietenos, condi\u0163iile optime pentru formarea \u015fi dezvoltarea unor personalit\u0103\u0163i complexe \u0219i autonome, preg\u0103tite pentru exigen\u0163ele societ\u0103\u0163ii viitoare, \u00een permanen\u021b\u0103 schimbare.<br \/>Prin aceast\u0103 viziune, \u0218coala Gimnazial\u0103 Ioan B\u0103descu:<br \/>inspir\u0103 elevii, p\u0103rin\u021bii, personalul \u0219colii, comunitatea, acord\u00e2nd aten\u021bie tuturor participan\u021bilor la o educa\u021bie de calitate<br \/>adopt\u0103 documentele na\u021bionale \u0219i europene care promoveaz\u0103 competen\u021bele cheie\/transversale, noile oportunit\u0103\u021bi \u00een educa\u021bie, valorile europene!<br \/>scrie \u00eempreun\u0103 cu adul\u021bii \u0219i copiii o strategie de succes, \u00eembin\u00e2nd armonios experien\u021bele valoroase ale trecutului \u0219i noile tendin\u021be \u00een educa\u021bie<br \/>\u201dd\u0103 aripi\u201d creativit\u0103\u021bii, inova\u021biei, deschiz\u00e2nd por\u021bi noilor tehnologii \u00een educa\u021bie<br \/>ascult\u0103 vocea fiec\u0103ruia, \u00eencuraj\u00e2nd comunicarea intercultural\u0103, incluziunea \u0219i echitatea \u00een educa\u021bie<br \/>valorific\u0103 apartenen\u021ba local\u0103, dezvolt\u00e2nd parteneriate locale \u0219i europene<br \/>sus\u021bine dezvoltarea durabil\u0103 \u0219i promoveaz\u0103 educa\u021bia ecologic\u0103, pentru un viitor verde!<\/p>\n\t\t\t\t\t\t\t\t<\/div>\n\t\t\t\t<\/div>\n\t\t\t\t\t<\/div>\n\t\t\t\t<\/div>\n\t\t\t\t<\/div>\n\t\t","protected":false},"excerpt":{"rendered":"<p>\u201cPutem cocrea viitorul prin \u00eenv\u0103\u021bare colaborativ\u0103, relevant\u0103, responsabil\u0103 \u0219i \u00eempreun\u0103 reu\u0219im!\u201d\u015ecoala Gimnazial\u0103 Ioan B\u0103descu \u00ee\u015fi propune s\u0103 creeze, \u00eentr-un mediu educa\u0163ional sigur \u015fi prietenos, condi\u0163iile optime pentru formarea \u015fi dezvoltarea unor personalit\u0103\u0163i complexe \u0219i autonome, preg\u0103tite pentru exigen\u0163ele societ\u0103\u0163ii viitoare, \u00een permanen\u021b\u0103 schimbare.Prin aceast\u0103 viziune, \u0218coala Gimnazial\u0103 Ioan B\u0103descu:inspir\u0103 elevii,<span class=\"more-link\"><a href=\"https:\/\/scoalaioanbadescu.ro\/?page_id=2949\">Continue Reading<\/a><\/span><\/p>\n","protected":false},"author":2,"featured_media":0,"parent":0,"menu_order":0,"comment_status":"closed","ping_status":"closed","template":"","meta":{"footnotes":""},"class_list":["entry","author-cristian-ene","post-2949","page","type-page","status-publish"],"_links":{"self":[{"href":"https:\/\/scoalaioanbadescu.ro\/index.php?rest_route=\/wp\/v2\/pages\/2949","targetHints":{"allow":["GET"]}}],"collection":[{"href":"https:\/\/scoalaioanbadescu.ro\/index.php?rest_route=\/wp\/v2\/pages"}],"about":[{"href":"https:\/\/scoalaioanbadescu.ro\/index.php?rest_route=\/wp\/v2\/types\/page"}],"author":[{"embeddable":true,"href":"https:\/\/scoalaioanbadescu.ro\/index.php?rest_route=\/wp\/v2\/users\/2"}],"replies":[{"embeddable":true,"href":"https:\/\/scoalaioanbadescu.ro\/index.php?rest_route=%2Fwp%2Fv2%2Fcomments&post=2949"}],"version-history":[{"count":5,"href":"https:\/\/scoalaioanbadescu.ro\/index.php?rest_route=\/wp\/v2\/pages\/2949\/revisions"}],"predecessor-version":[{"id":2961,"href":"https:\/\/scoalaioanbadescu.ro\/index.php?rest_route=\/wp\/v2\/pages\/2949\/revisions\/2961"}],"wp:attachment":[{"href":"https:\/\/scoalaioanbadescu.ro\/index.php?rest_route=%2Fwp%2Fv2%2Fmedia&parent=2949"}],"curies":[{"name":"wp","href":"https:\/\/api.w.org\/{rel}","templated":true}]}}