{"id":2756,"date":"2024-01-25T12:55:22","date_gmt":"2024-01-25T12:55:22","guid":{"rendered":"https:\/\/scoalaioanbadescu.ro\/?page_id=2756"},"modified":"2024-02-16T17:19:06","modified_gmt":"2024-02-16T17:19:06","slug":"elementor-2756","status":"publish","type":"page","link":"https:\/\/scoalaioanbadescu.ro\/?page_id=2756","title":{"rendered":"Proiect Anul \u0218colar 2018-2019"},"content":{"rendered":"\n<h2 class=\"wp-block-heading\">Proiect de investi\u021bie<\/h2>\n\n\n\n<p><a href=\"\/wp-content\/uploads\/2024\/01\/adresa_scoala_noua_accept.pdf\" target=\"_blank\" rel=\"noreferrer noopener\">Cererea de finan\u0163are pentru proiectul\u00a0<strong><em>\u201eConstruire corp nou \u0218coala Gimnazial\u0103 \u201eIoan B\u0103descu\u201d, ora\u015ful Pope\u0219ti-Leordeni, jude\u0163 Ilfov\u201d<\/em><\/strong>a fost ADMIS\u0102.<\/a><\/p>\n\n\n\n<p><a href=\"\/wp-content\/uploads\/2024\/01\/confirmare_depunere_cerere_de__finantare-1.pdf\" target=\"_blank\" rel=\"noreferrer noopener\">Confirmare privind depunerea \u015fi \u00eenregistrarea cererii de finan\u0163are pentru proiectul\u00a0<strong><em>\u201eConstruire corp nou \u0218coala Gimnazial\u0103 \u201eIoan B\u0103descu\u201d, ora\u015ful Pope\u0219ti-Leordeni, jude\u0163 Ilfov\u201d<\/em><\/strong>.<\/a><\/p>\n\n\n\n<p><a href=\"\/wp-content\/uploads\/2024\/01\/proiect_scoala_pe_fonduri__structurale-1.pdf\" target=\"_blank\" rel=\"noreferrer noopener\">Proiect privind participarea ora\u015fului Pope\u015fti-Leordeni \u00een procesul depunerii de cereri de finan\u0163are \u00een cadrul unor apeluri de proiecte finan\u0163ate prin Programul Opera\u0163ional Capital Uman (POCU) 2014 &#8211; 2020.<\/a><\/p>\n\n\n\n<p><a href=\"http:\/\/xn--primria-popeti-leordeni-7tc270e.ro\/consiliul-local\/hotararile-consiliului-local\/2018\/015\" target=\"_blank\" rel=\"noreferrer noopener\">Construire corp nou \u0218coala Gimnazial\u0103 \u201eIoan B\u0103descu\u201d.<\/a><\/p>\n\n\n\n<h2 class=\"wp-block-heading\">An \u0219colar 2018-2019<\/h2>\n\n\n\n<h3 class=\"wp-block-heading\">Ciclul Pre\u0219colar<\/h3>\n\n\n\n<figure class=\"wp-block-table\"><table><thead><tr><th>Denumirea Proiectului \/ Parteneriatului<\/th><th>Parteneri educationali<\/th><th>Profesor Propun\u0103tor<\/th><\/tr><\/thead><tbody><tr><td>Proiectul Creativ-Literar \u201eReCrea\u0163ia\u201d, proiect aprobat de I.S.J. Ilfov \u00een CAEJ 2019, desf\u0103\u0219urat \u00een parteneriat cu Editura STAR KIDS.<\/td><td>Editura STAR KIDS<\/td><td>Coman Angelica<\/td><\/tr><tr><td>Contractul de prest\u0103ri servicii in vederea desfasurarii programului de activitati extracurriculare- activit\u0103\u021bi de dans pentru copiii \u00eenscri\u015fi la Gr\u0103dini\u021ba cu program nr 2 Pope\u0219ti Loerdeni cu Asocia\u021bia de p\u0103rin\u021bi a \u0218colii Gimnazial\u0103 Ioan B\u0103descu \u0219i LOREDANA ACTIV SRL CUI 38546787<\/td><td>Asocia\u021bia de p\u0103rin\u021bi a \u0218colii Gimnaziale Ioan B\u0103descu<\/td><td>Ungureanu Monica \u0219i Cazone Ancu\u021ba<\/td><\/tr><tr><td>Acord de parteneriat &#8211; C\u0103su\u021ba Pove\u0219tilor<\/td><td>Gr\u0103dini\u021ba cu program prelungit, Sibiu<\/td><td>Ungureanu Monica \u0219i Cazone Ancu\u021ba<\/td><\/tr><tr><td>Parteneriat &#8211; \u201cCaravana prieteniei\u201d<\/td><td>Gr\u0103dini\u021ba cu program prelungit nr 4, Pope\u0219ti-Leordeni<\/td><td>Ungureanu Monica \u0219i Cazone Ancu\u021ba<\/td><\/tr><tr><td>Contract pentru activit\u0103\u021bi extra\u0219colare de limba englez\u0103 la gr\u0103dini\u021ba cu program normal nr 2- PLOTOAG\u0102 LARISA<\/td><td>PLOTOAG\u0102 LARISA<\/td><td>Cazone Ancu\u021ba<\/td><\/tr><tr><td>Parteneriat cu cabinetul stomatologic \u201eDin\u021bi frumo\u0219i \u0219i s\u0103n\u0103to\u0219i\u201d;<\/td><td>Cabinet stomatologic<\/td><td>Ungureanu Monica \u0219i Cazone Ancu\u021ba<\/td><\/tr><tr><td>Parteneriat &#8211; \u201eL\u0103s\u0103\u021bi copiii s\u0103 vin\u0103 la mine\u201d;<\/td><td>Funda\u021bia Leonardo Murialdo, Pope\u0219ti-Leordeni<\/td><td>Ungureanu Monica \u0219i Cazone Ancu\u021ba<\/td><\/tr><\/tbody><\/table><\/figure>\n\n\n\n<h3 class=\"wp-block-heading\">Ciclul primar<\/h3>\n\n\n\n<figure class=\"wp-block-table\"><table><thead><tr><th>Denumirea Proiectului \/ Parteneriatului<\/th><th>Parteneri educationali<\/th><th>Profesor Propun\u0103tor<\/th><\/tr><\/thead><tbody><tr><td>Proiectul \u0219tiintific regional interdisciplinar \u201eStar Kids\u201d, proiect aprobat de MEN \u00een CAER 2019, pozi\u021bia 2289, \u00een parteneriat cu Editura STAR KIDS<\/td><td>Editura STAR KIDS<\/td><td>Coman Angelica<\/td><\/tr><tr><td>Proiect Educational \u201eSa-l cunoastem pe Eminescu\u201d<\/td><td><\/td><td>Cadre didactice profesori \u00eenv\u0103\u021b\u0103m\u00e2nt primar<\/td><\/tr><tr><td>Protocol de colaborare- Poli\u021bia ora\u0219ului Pope\u0219ti-Leordeni<\/td><td>Poli\u021bia Orasului Pope\u0219ti-Leordeni<\/td><td>Cadre didactice profesori \u00eenv\u0103\u021b\u0103m\u00e2nt primar<\/td><\/tr><tr><td>Parteneriat educa\u021bional \u0219coal\u0103- familie- comunitate \u201cAl\u0103turi de voi\u201d;<\/td><td>Poli\u021bia Orasului Pope\u0219ti-Leordeni Primaria Orasului Popesti-Leordeni Asociatia de parinti a Scolii Gimnaziale \u201eIoan Badescu\u201d<\/td><td>Cadre didactice profesori \u00eenv\u0103\u021b\u0103m\u00e2nt primar<\/td><\/tr><tr><td>Parteneriat educa\u021bional \u0219coal\u0103- familie \u201eTu \u0219i eu educ\u0103m \u00eempreun\u0103\u201d<\/td><td>Asocia\u021bia de p\u0103rin\u021bi a \u0218colii Gimnaziale Ioan B\u0103descu<\/td><td>Cadre didactice profesori \u00eenv\u0103\u021b\u0103m\u00e2nt primar<\/td><\/tr><tr><td>Proiect educational \u201e5 Octombrie-Ziua Educatiei\u201d<\/td><td><\/td><td>Cadre didactice profesori \u00eenv\u0103\u021b\u0103m\u00e2nt primar<\/td><\/tr><tr><td>Acord de parteneriat \u2013 Concurs cultural-artistic: \u201eCreang\u0103 \u00een lumea pove\u0219tilor\/Tradi\u021bii \u0219i obiceiuri str\u0103vechi\u201d<\/td><td>\u0218coala Gimnazial\u0103 Nr 2 Piatra Neam\u021b<\/td><td>Cadre didactice profesori \u00eenv\u0103\u021b\u0103m\u00e2nt primar<\/td><\/tr><tr><td>Acord de parteneriat concurs judetean cultural-artistic \u201eO, ce veste minunata\u201d<\/td><td>\u0218coala Gimnazial\u0103 Nr 7 Sf\u00e2nta Maria, Timi\u0219oara<\/td><td>Cadre didactice profesori \u00eenv\u0103\u021b\u0103m\u00e2nt primar<\/td><\/tr><tr><td>Acord de parteneriat &#8211; Expozi\u021bia- Concurs cu participare na\u021bional\u0103 \u201eE iarn\u0103 \u0219i sunt s\u0103rb\u0103tori\u201d<\/td><td>Scoala Gimnaziala nr. 6 Ramnicu Sarat<\/td><td>Cadre didactice profesori \u00eenv\u0103\u021b\u0103m\u00e2nt primar<\/td><\/tr><tr><td>Acord de parteneriat &#8211; Proiect concurs jude\u021bean- Toleran\u021b\u0103 \u0219i iubire pentru semeni;<\/td><td>Liceul Tehnologic Dr. C. Angelescu<\/td><td>Cadre didactice profesori \u00eenv\u0103\u021b\u0103m\u00e2nt primar<\/td><\/tr><tr><td>Proiect educational de voluntariat \u201eSuflet langa suflet\u201d<\/td><td>Scoala gimnaziala Albestii de Arges<\/td><td>Cadre didactice profesori \u00eenv\u0103\u021b\u0103m\u00e2nt primar<\/td><\/tr><tr><td>Proiect educa\u021bional \u2013La Mul\u021bi Ani, Rom\u00e2nia!;<\/td><td>Scoala Gimnaziala \u201eIoan Badescu\u201d<\/td><td>Cadre didactice profesori \u00eenv\u0103\u021b\u0103m\u00e2nt primar<\/td><\/tr><tr><td>Parteneriat &#8211; \u201eUn strop de credin\u021b\u0103\u201d<\/td><td>Funda\u021bia Leonardo Murialdo, Pope\u0219ti-Leordeni<\/td><td>Cadre didactice profesori \u00eenv\u0103\u021b\u0103m\u00e2nt primar<\/td><\/tr><tr><td>Proiect educational \u201eUnire-n cuget si simtiri\u201d<\/td><td><\/td><td>Cadre didactice profesori \u00eenv\u0103\u021b\u0103m\u00e2nt primar<\/td><\/tr><tr><td>Proiect educa\u021bional antiviolen\u021b\u0103: Violen\u021ba nu te face mai puternic<\/td><td><\/td><td>Cadre didactice profesori \u00eenv\u0103\u021b\u0103m\u00e2nt primar<\/td><\/tr><\/tbody><\/table><\/figure>\n\n\n\n<h3 class=\"wp-block-heading\">Excursii \u0219colare<\/h3>\n\n\n\n<figure class=\"wp-block-table\"><table><thead><tr><th>Denumirea Proiectului \/ Parteneriatului<\/th><th>Profesor Propun\u0103tor<\/th><\/tr><\/thead><tbody><tr><td>Pope\u0219ti-Leordeni &#8211; Sinaia &#8211; Pope\u0219ti-Leordeni<\/td><td>Ungureanu Monica \u0219i Cazone Ancu\u021ba<\/td><\/tr><tr><td>Pope\u0219ti-Leordeni &#8211; Cose\u0219ti (Jude\u021bul Arges) &#8211; Pope\u0219ti-Leordeni<\/td><td>Racheru Daniela \u0219i Diaconescu Elena<\/td><\/tr><tr><td>Pope\u0219ti-Leordeni &#8211; Curtea de Arge\u0219 &#8211; Pope\u0219ti-Leordeni<\/td><td>Aldea Eugenia \u0219i Vincene Ana Maria<\/td><\/tr><\/tbody><\/table><\/figure>\n\n\n\n<figure class=\"wp-block-table\"><table><thead><tr><th>Denumirea Proiectului \/ Parteneriatului<\/th><th>Parteneri educationali<\/th><th>Profesor Propun\u0103tor<\/th><\/tr><\/thead><tbody><tr><td>Proiectul Na\u021bional &#8211; Ziua Interna\u021bional\u0103 a Cititului \u00cempreun\u0103 2019: ZICI ca s\u0103 \u015eTIM. Coordonat\u0103 de c\u0103tre Citim \u00cempreun\u0103 Rom\u00e2nia, sub egida LitWorld.org.<\/td><td><\/td><td>Vincene M\u0103d\u0103lina<\/td><\/tr><tr><td>Proiectului educa\u021bional \u201ePentru Fete \u0219i B\u0103ie\u021bi\u201d, proiect derulat de \u0219coala noastr\u0103 \u00een parteneriat cu \u201eTineri pentru Tineri\u201d prin programul \u201e\u00cen stare de bine\u201d<\/td><td>Funda\u021bia Tineri pentru Tineri, sus\u021binut de Kaufland Rom\u00e2nia \u0219i implementat de Funda\u021bia pentru Dezvoltarea Societ\u0103\u021bii Civile.<\/td><td>Coman Angelica<\/td><\/tr><tr><td>Proiectul \u201eOra de Net &#8211; D\u0103 BLOCK Agresivit\u0103\u021bii\u201d;<\/td><td>Salva\u021bi Copiii<\/td><td>Coman Angelica; Stratulat Cristina Amelia; Bondar Ancu\u021ba; Ungureanu Marilena; Muntean Jeni Gabriela; Petre Maria, Vincene M\u0103d\u0103lina<\/td><\/tr><tr><td>Concursului Na\u021bional de Crea\u021bie Literar\u0103 \u201eF.A.L.L\u201d &#8211; Proiect educa\u021bional \u201eFestival Autumnal de Limb\u0103 \u0219i Literatur\u0103\u201d<\/td><td>\u0218coala Gimnazial\u0103 Preute\u0219ti, Suceava<\/td><td>Prof. Popescu Gina, Prof. Ungureanu Marilena, Prof. Iancu Adina, Prof Vagii Cornelia Gabriela, Prof. Bondar Ancuta, Prof. Vincene M\u0103d\u0103lina, Prof. Coman Angelica<\/td><\/tr><tr><td>Concursului interjude\u0163ean \u201eHigh Flyers\u201d<\/td><td>Colegiul Na\u021bional \u201eAlexandru Ioan Cuza\u201d, Gala\u0163i<\/td><td>Coman Angelica \u0219i Petre Maria<\/td><\/tr><tr><td>Acord de parteneriat ISJ Ilfov &#8211; ERASMUS+: Abord\u0103ri didactice inovative penrtu optimizarea rezultatelor \u0219i a particip\u0103rii \u0219colare under the Erasmus+ Programme<\/td><td>Parteneri Europeni<\/td><td>Coman Angelica<\/td><\/tr><tr><td>Competi\u021bia Hour of Code<\/td><td><\/td><td>Iancu Adina; V\u0103g\u00eei Cornelia Gabriela<\/td><\/tr><tr><td>Conven\u021bie de parteneriat \u2013 AUR- Proiectul Career Rocket<\/td><td><\/td><td>Coman Angelica<\/td><\/tr><tr><td>Parteneriat cu Parohia ortodox\u0103 Vintil\u0103 Vod\u0103<\/td><td>Parohia ortodox\u0103 Vintil\u0103 Vod\u0103, Pope\u0219ti-Leordeni<\/td><td>Coman Angelica,<\/td><\/tr><tr><td>Proiect educa\u021bional &#8211; Ziua Limbilor Moderne- 26 SEPTEMBRIE<\/td><td><\/td><td>Petre Maria, Cristina Ciobanu; Cace C\u0103t\u0103lina Ioana, Coman Angelica, Popescu Gina<\/td><\/tr><tr><td>Proiect Educa\u021bional &#8211; Ziua Interna\u021bional\u0103 a Educa\u021biei<\/td><td><\/td><td>Petre Maria, Vincene M\u0103d\u0103lina, Bondar Ancu\u021ba<\/td><\/tr><tr><td>Acord de parteneriat &#8211; Asocia\u021bia Societatea de Salvare Bucure\u0219ti;<\/td><td>Asocia\u021bia Societatea de Salvare, Bucure\u0219ti<\/td><td>Vincene M\u0103d\u0103lina<\/td><\/tr><tr><td>Proiectul \u201eEduca\u021bia intercultural\u0103 pentru to\u021bi\u201d<\/td><td>\u0218coala Gimnazial\u0103 Nr. 3 Slobozia<\/td><td>Bondar Ancu\u021ba<\/td><\/tr><tr><td>Concursul Na\u021bional de Matematic\u0103 \u201eX-OL\u201d<\/td><td>Liceul Tehnologic Justinian Marina, B\u0103ile Ol\u0103ne\u0219ti<\/td><td>Iancu Adina<\/td><\/tr><tr><td>Proiect simpozion \u201e\u00cenv\u0103\u021b\u0103m\u00e2nt rom\u00e2nesc &#8211; tradi\u021bional \u0219i actual\u201d<\/td><td>Liceul Tehnologic Justinian Marina, B\u0103ile Ol\u0103ne\u0219ti<\/td><td>Iancu Adina<\/td><\/tr><tr><td>Concursul na\u021bional \u201eFii campion\u201d<\/td><td>\u0218coala Gimnazial\u0103 \u201eAnton Pann\u201d, R\u00e2mnicu V\u00e2lcea<\/td><td>Coman Angelica, Bondar Ancu\u021ba<\/td><\/tr><tr><td>Proiect educa\u021bional &#8211; \u201eComorile trecutului-pa\u0219i spre viitor\u201d<\/td><td>Scoala Gimnazial\u0103 \u201eSpiru Haret\u201d, Bacau<\/td><td>Bondar Ancu\u021ba<\/td><\/tr><tr><td>Proiect educa\u021bional &#8211; \u201eDe ce s\u0103 nu uit\u0103m\u201d<\/td><td><\/td><td>Bondar Ancu\u021ba<\/td><\/tr><tr><td>Concurs Nat\u021bional Catehetic- \u201eHristos: Sufletul Satului Meu\u201d<\/td><td><\/td><td>Ardeleanu Mihaela<\/td><\/tr><tr><td>Acord de parteneriat-Concurs regional \u201eRom\u00e2nia pitoreasc\u0103\u201d<\/td><td>Colegiul Na\u021bional \u201eEudoxiu Hurmuzachi\u201d, R\u0103d\u0103u\u021bi, Suceava<\/td><td>Vincene M\u0103d\u0103lina, Bondar Ancu\u021ba, Ungureanu Marilena<\/td><\/tr><tr><td>Proiect educa\u021bional \u201eRom\u00e2nia mea\u201d<\/td><td><\/td><td>Vincene M\u0103d\u0103lina, Bondar Ancu\u021ba, Petre Maria, Ungureanu Marilena<\/td><\/tr><tr><td>Proiect educa\u021bional \u201e24 ianuarie 1859\u201d<\/td><td><\/td><td>Bondar Ancu\u021ba<\/td><\/tr><tr><td>Festivalului de book-trailere Boovie (edi\u021bia a IV a): Concursul de book-trailere<\/td><td>Liceul Pedagogic \u201eSpiru Haret\u201d, Foc\u015fani<\/td><td>Vincene M\u0103d\u0103lina<\/td><\/tr><tr><td>Parteneriat \u201eArc peste timp\u201d<\/td><td>Liceul Tehnologic \u201eNicolai Nanu\u201d, Bro\u0219teni<\/td><td>Popescu Gina<\/td><\/tr><\/tbody><\/table><\/figure>\n","protected":false},"excerpt":{"rendered":"<p>Proiect de investi\u021bie Cererea de finan\u0163are pentru proiectul\u00a0\u201eConstruire corp nou \u0218coala Gimnazial\u0103 \u201eIoan B\u0103descu\u201d, ora\u015ful Pope\u0219ti-Leordeni, jude\u0163 Ilfov\u201da fost ADMIS\u0102. Confirmare privind depunerea \u015fi \u00eenregistrarea cererii de finan\u0163are pentru proiectul\u00a0\u201eConstruire corp nou \u0218coala Gimnazial\u0103 \u201eIoan B\u0103descu\u201d, ora\u015ful Pope\u0219ti-Leordeni, jude\u0163 Ilfov\u201d. Proiect privind participarea ora\u015fului Pope\u015fti-Leordeni \u00een procesul depunerii de cereri<span class=\"more-link\"><a href=\"https:\/\/scoalaioanbadescu.ro\/?page_id=2756\">Continue Reading<\/a><\/span><\/p>\n","protected":false},"author":2,"featured_media":0,"parent":0,"menu_order":0,"comment_status":"closed","ping_status":"closed","template":"","meta":{"footnotes":""},"class_list":["entry","author-cristian-ene","post-2756","page","type-page","status-publish"],"_links":{"self":[{"href":"https:\/\/scoalaioanbadescu.ro\/index.php?rest_route=\/wp\/v2\/pages\/2756","targetHints":{"allow":["GET"]}}],"collection":[{"href":"https:\/\/scoalaioanbadescu.ro\/index.php?rest_route=\/wp\/v2\/pages"}],"about":[{"href":"https:\/\/scoalaioanbadescu.ro\/index.php?rest_route=\/wp\/v2\/types\/page"}],"author":[{"embeddable":true,"href":"https:\/\/scoalaioanbadescu.ro\/index.php?rest_route=\/wp\/v2\/users\/2"}],"replies":[{"embeddable":true,"href":"https:\/\/scoalaioanbadescu.ro\/index.php?rest_route=%2Fwp%2Fv2%2Fcomments&post=2756"}],"version-history":[{"count":5,"href":"https:\/\/scoalaioanbadescu.ro\/index.php?rest_route=\/wp\/v2\/pages\/2756\/revisions"}],"predecessor-version":[{"id":2989,"href":"https:\/\/scoalaioanbadescu.ro\/index.php?rest_route=\/wp\/v2\/pages\/2756\/revisions\/2989"}],"wp:attachment":[{"href":"https:\/\/scoalaioanbadescu.ro\/index.php?rest_route=%2Fwp%2Fv2%2Fmedia&parent=2756"}],"curies":[{"name":"wp","href":"https:\/\/api.w.org\/{rel}","templated":true}]}}