{"id":2743,"date":"2024-01-25T12:43:32","date_gmt":"2024-01-25T12:43:32","guid":{"rendered":"https:\/\/scoalaioanbadescu.ro\/?page_id=2743"},"modified":"2024-02-16T17:19:04","modified_gmt":"2024-02-16T17:19:04","slug":"anul-scolar-2017-2018","status":"publish","type":"page","link":"https:\/\/scoalaioanbadescu.ro\/?page_id=2743","title":{"rendered":"Anul \u0218colar 2017-2018"},"content":{"rendered":"\t\t<div data-elementor-type=\"wp-page\" data-elementor-id=\"2743\" class=\"elementor elementor-2743\">\n\t\t\t\t<div class=\"elementor-element elementor-element-f555f29 e-flex e-con-boxed e-con e-parent\" data-id=\"f555f29\" data-element_type=\"container\">\n\t\t\t\t\t<div class=\"e-con-inner\">\n\t\t\t\t<div class=\"elementor-element elementor-element-c36e57e elementor-widget elementor-widget-heading\" data-id=\"c36e57e\" data-element_type=\"widget\" data-widget_type=\"heading.default\">\n\t\t\t\t<div class=\"elementor-widget-container\">\n\t\t\t\t\t<h2 class=\"elementor-heading-title elementor-size-default\">Anul \u0218colar 2017-2018<\/h2>\t\t\t\t<\/div>\n\t\t\t\t<\/div>\n\t\t\t\t<div class=\"elementor-element elementor-element-1137c55 elementor-widget elementor-widget-spacer\" data-id=\"1137c55\" data-element_type=\"widget\" data-widget_type=\"spacer.default\">\n\t\t\t\t<div class=\"elementor-widget-container\">\n\t\t\t\t\t\t\t<div class=\"elementor-spacer\">\n\t\t\t<div class=\"elementor-spacer-inner\"><\/div>\n\t\t<\/div>\n\t\t\t\t\t\t<\/div>\n\t\t\t\t<\/div>\n\t\t\t\t<div class=\"elementor-element elementor-element-245cf30 elementor-widget elementor-widget-text-editor\" data-id=\"245cf30\" data-element_type=\"widget\" data-widget_type=\"text-editor.default\">\n\t\t\t\t<div class=\"elementor-widget-container\">\n\t\t\t\t\t\t\t\t\t<h2><span style=\"text-decoration: underline;\">Proiect de investi\u021bie<\/span><\/h2><p><span style=\"color: #33cccc;\"><a style=\"color: #33cccc;\" href=\"\/wp-content\/uploads\/2024\/01\/confirmare_depunere_cerere_de__finantare.pdf\" target=\"_blank\" rel=\"noopener\">Confirmare privind depunerea \u015fi \u00eenregistrarea cererii de finan\u0163are pentru proiectul\u00a0<span class=\"bolduit inclinat\">\u201e<span style=\"text-decoration: underline;\">Construire corp nou \u0218coala Gimnazial\u0103 \u201eIoan B\u0103descu\u201d<\/span>, Ora\u015ful Pope\u0219ti-Leordeni, jude\u0163 Ilfov\u201d<\/span>.<\/a><\/span><\/p><p><span style=\"color: #33cccc;\"><a style=\"color: #33cccc;\" href=\"\/wp-content\/uploads\/2024\/01\/proiect_scoala_pe_fonduri__structurale.pdf\" target=\"_blank\" rel=\"noopener\"><span style=\"text-decoration: underline;\">Proiect privind participarea Ora\u015fului Pope\u015fti-Leordeni<\/span> \u00een procesul depunerii de cereri de finan\u0163are \u00een cadrul unor apeluri de proiecte finan\u0163ate prin Programul Opera\u0163ional Capital Uman (POCU) 2014 &#8211; 2020.<\/a><\/span><\/p><p><span style=\"color: #33cccc;\"><a style=\"color: #33cccc;\" href=\"http:\/\/xn--primria-popeti-leordeni-7tc270e.ro\/consiliul-local\/hotararile-consiliului-local\/2018\/015\" target=\"_blank\" rel=\"noopener\"><span style=\"text-decoration: underline;\">Construire corp nou<\/span> \u0218coala Gimnazial\u0103 \u201eIoan B\u0103descu\u201d.<\/a><\/span><\/p><h2><span style=\"text-decoration: underline;\">An \u0219colar 2017-2018<\/span><\/h2><ol><li>Proiect educa\u021bional pentru s\u0103rb\u0103torirea\u00a0<span class=\"bolduit inclinat\">Zilei Europene a Limbilor<\/span>&#8211; Coordonatori de proiect : Prof. Maria Petre \u0219i prof. Mateescu Livia Marilena Nr 626\/26.09.2017<\/li><li>Contract de prest\u0103ri servicii \u00een vederea desf\u0103\u0219ur\u0103rii programului de activit\u0103\u021bi extracurriculare &#8211; activit\u0103\u021bi de teatru pentru copiii \u00eenscri\u0219i la Gr\u0103dini\u021ba cu program nr 2 Pope\u0219ti-Leordeni cu Asocia\u021bia de p\u0103rin\u021bi a \u0218colii Gimnazial\u0103 Ioan B\u0103descu \u0219i Chirieci Ani\u0219oara IF \u201eBuburuza\u201d<\/li><li>Proiectul\u00a0<span class=\"bolduit inclinat\">Creativ-Literar \u201eReCrea\u0163ia\u201d<\/span>&#8211; ce vor face parte din Calendarul Activit\u0103\u021bilor Educative Jude\u021bene 2018<\/li><li>Proiectul\u00a0<span class=\"bolduit inclinat\">Interdisciplinar \u201eStar Kids\u201d<\/span>&#8211; ce vor face parte din Calendarul Activit\u0103\u021bilor Educative Regionale 2018<\/li><li>Concurs interdisciplinar STAR KIDS- CAERI 2017 Pozi\u021bia nr 1666 &#8211; MEN \u0219i CAERI 2018 pozi\u021bia 2023<\/li><li>Contractul de prest\u0103ri servicii \u00een vederea desf\u0103\u0219ur\u0103rii programului de activit\u0103\u021bi extracurriculare &#8211; activit\u0103\u021bi de dans pentru copiii \u00eenscri\u0219i la Gr\u0103dini\u021ba cu program nr 2 Pope\u0219ti-Leordeni cu Asocia\u021bia de p\u0103rin\u021bi a \u0218colii Gimnazial\u0103 Ioan B\u0103descu \u0219i LOREDANA ACTIV SRL CUI 38546787<\/li><li>Contract CCD Ilfov \u2013 prestare servicii Curs Scriere proiecte Erasmus+<\/li><li>Proiect tematic interjude\u021bean\u00a0<span class=\"bolduit inclinat\">ROM\u00c2NDRIA<\/span>Nr 704\/06.10.2017<\/li><li>Proiect educa\u021bional\u00a0<span class=\"bolduit inclinat\">Datini \u0219i obiceiuri de Cr\u0103ciun<\/span>Nr 779\/15.12.2017<\/li><li>Proiect educa\u021bional\u00a0<span class=\"bolduit inclinat\">1 Decembrie \u2013 Ziua Tuturor Rom\u00e2nilor<\/span>Nr 767\/29.11.2017<\/li><li>Proiectul educa\u021bional\u00a0<span class=\"bolduit inclinat\">Eminescu &#8211; Luceaf\u0103rul poeziei Rom\u00e2ne\u0219ti<\/span>Nr 1\/15.01.2018<\/li><li>Protocol de colaborare Nr 31\/17.01.2018 \u2013\u00a0<span class=\"bolduit inclinat\">Consiliere \u0219i informare pentru p\u0103rin\u021bii clasei a III-a A<\/span>&#8211; Cabinet Individual de Psihologie Neac\u0219u Petru\u021ba<\/li><li>Acord de parteneriat Nr 32\/18.01.2018 &#8211;\u00a0<span class=\"bolduit inclinat\">Concursul Regional UNIREA- NA\u021aIUNEA A F\u0102CUT-O !<\/span><\/li><li>Acord de parteneriat Nr 33\/18.01.2018 &#8211; Proiectul Na\u021bional\u00a0<span class=\"bolduit inclinat\">\u00ceN UNIRE ST\u0102 PUTEREA !<\/span><\/li><li>Acord de parteneriat Nr 34\/18.01.2018- Concurs Na\u021bional\u00a0<span class=\"bolduit inclinat\">CRUCEA \u00een imagina\u021bia copiilor !<\/span><\/li><li>Parteneriat de colaborare privind\u00a0<span class=\"bolduit inclinat\">siguran\u021ba public\u0103 \u00een incint\u0103 \u015fi zona adiacent\u0103<\/span>\u015eCOLII GIMNAZIALE \u201cIOAN B\u0102DESCU\u201d Nr 80\/01.02.2018- Prim\u0103ria Ora\u0219ului Pope\u0219ti-Leordeni \u0219i Poli\u021bia Ora\u0219ului Pope\u0219ti-Leordeni<\/li><li>Proiectul Ora de Net &#8211;\u00a0<span class=\"bolduit inclinat\">Cet\u0103\u021benia digital\u0103. Drepturi \u0219i responsabilit\u0103\u021bi pe Internet privind datele personale<\/span>&#8211; Organiza\u021bia Salva\u021bi copiii \u0219i MEN<\/li><li>Competi\u021bia\u00a0<span class=\"bolduit inclinat\">Hour of Code<\/span><\/li><li>Competi\u021bia\u00a0<span class=\"bolduit inclinat\">Profu de Mate<\/span><\/li><li>Protocol de colaborare cu Asocia\u021bia ENVIRON in vederea implement\u0103rii campaniei de con\u0219tientizare si colectare selectiva\u00a0<span class=\"bolduit inclinat\">\u00ab Baterel si lumea Non-E \u00bb<\/span>Nr. 166\/12.02.2018<\/li><li>Contract de parteneriat privind organizarea\u00a0<span class=\"bolduit inclinat\">Centrelor Pilot de \u00cenv\u0103\u021bare \u0219i Evaluare COMPER<\/span>nr. Inrg. 14\/12.01.2017 (este valabil 2 ani);<\/li><li>Proiect educational\u00a0<span class=\"bolduit inclinat\">\u00ab 5 Octombrie, Ziua Mondiala a Educa\u021biei \u00bb<\/span><\/li><li>Proiect educational\u00a0<span class=\"bolduit inclinat\">\u00ab Cuvinte care \u00eenfloresc inimi \u00bb<\/span>&#8211; Nr. Inreg.186\/14.02.2018<\/li><li>Proiect educational\u00a0<span class=\"bolduit inclinat\">\u00ab Pe c\u0103r\u0103rile patriei \u00bb<\/span>&#8211; Nr. Inreg. 185\/14.02.2018<\/li><li>Acord parteneriat Nr. 140\/30.01.2018-Concurs\u00a0<span class=\"bolduit inclinat\">\u00ab Legenda intre adev\u0103r \u0219i fic\u021biune \u00bb<\/span><\/li><li>Parteneriat educational\u00a0<span class=\"bolduit inclinat\">\u00ab Sa ne amintim de Hristos !\u00bb<\/span>in colaborare cu Biserica Ortodoxa \u00ab Vintil\u0103 Vod\u0103 \u00bb \u0219i Biserica Catolica \u201eSf\u00e2nta Fecioara Maria, Regina Sf\u00e2ntului Rozario\u201d-Nr. inreg. 187\/14.02.2018<\/li><li>Proiect de parteneriat educational Gr\u0103dini\u0163\u0103-\u015ecoal\u0103\u00a0<span class=\"bolduit inclinat\">\u00ab PAS CU PAS SPRE VIA\u0162A DE \u015eCOLAR \u00bb<\/span>, NR.78\/07.02.2018<\/li><li>Parteneriat Gr\u0103dini\u0163\u0103-Familie\u00a0<span class=\"bolduit inclinat\">\u00ab \u00ceMPREUN\u0102 PENTRU COPIII NO\u015eTRI \u00bb<\/span>,NR.1182\/31.10.2017<\/li><li>Proiect educational\u00a0<span class=\"bolduit inclinat\">\u00ab Holocaustul \u00een Rom\u00e2nia \u00bb<\/span>, prof. coord. Bondar Ancu\u021ba<\/li><li>Proiect educational\u00a0<span class=\"bolduit inclinat\">\u00ab 24 ianuarie 1859 \u2013 Mica Unire \u00bb<\/span>, prof. coord. Bondar Ancu\u021ba<\/li><li>Concursul Na\u021bional Cultural \u2013 Artistic\u00a0<span class=\"bolduit inclinat\">\u201eUnirea: libertate \u0219i unitate\u201d<\/span>, coord. Ardeleanu Mihaela<\/li><li>Proiect educa\u021bional\u00a0<span class=\"bolduit inclinat\">5 octombrie- Ziua Educa\u021bie<\/span>i nr. 680\/1\/04.10.2017 Vincene M\u0103d\u0103lina<\/li><li>Proiect educa\u021bional\u00a0<span class=\"bolduit inclinat\">5 octombrie &#8211; Pofti\u021bi la educa\u021bie<\/span>nr. 680\/2\/04.10.2017 Ungureanu Marilena<\/li><li>Proiect educa\u021bional\u00a0<span class=\"bolduit inclinat\">1 Decembrie \u2013 Rom\u00e2nia mea<\/span>nr. 771\/1\/29.11.2017 Vincene M\u0103d\u0103lina \u0219i Bondar Ancu\u021ba<\/li><li>Proiect educa\u021bional\u00a0<span class=\"bolduit inclinat\">1 Decembrie \u2013 \u0218i eu sunt rom\u00e2n<\/span>nr. 771\/2\/29.11.2017 Ungureanu Marilena<\/li><li>Proiect educa\u021bional\u00a0<span class=\"bolduit inclinat\">Dor de Eminescu<\/span>nr. 784\/1\/21.12.2018 Vincene M\u0103d\u0103lina<\/li><li>Proiect educa\u021bional\u00a0<span class=\"bolduit inclinat\">Eminescu\u2026<\/span>nr. 784\/2\/21.12.2018 Ungureanu Marilena<\/li><li>Proiect educa\u021bional\u00a0<span class=\"bolduit inclinat\">31 ianuarie &#8211; Ziua cititului \u00eempreun\u0103<\/span>nr. 25\/31.01.2018 Vincene M\u0103d\u0103lina- Ziua Interna\u021bional\u0103 a Cititului \u00cempreun\u0103- LitWorld.org- coordonat\u0103 de Citim \u00cempreun\u0103 Rom\u00e2nia- Clasele III A \u0219i VII B<\/li><li>Proiect educa\u021bional\u00a0<span class=\"bolduit inclinat\">Culorile toamnei \u00een lirica rom\u00e2neasc\u0103<\/span>nr. 680\/3\/04.10.2017 Ungureanu Marilena<\/li><li>Proiect educa\u021bional\u00a0<span class=\"bolduit inclinat\">Mul\u021bumesc pentru educa\u021bie<\/span>nr.680\/4\/04.10.2017 Ungureanu Marilena<\/li><li>Parteneriat Educational\u00a0<span class=\"bolduit inclinat\">\u00ab Amintiri Din Copil\u0103rie \u00bb<\/span>&#8211; Gr\u0103dini\u021ba<\/li><li>Proiectul\u00a0<span class=\"bolduit inclinat\">Citizen- Cet\u0103\u021beanul Activ<\/span>&#8211; CCD Ilfov<\/li><li>Proiectul\u00a0<span class=\"bolduit inclinat\">Shakespeare School Essay Competition<\/span><\/li><li>Proiectul Educa\u021bional &#8211;\u00a0<span class=\"bolduit inclinat\">M\u0103r\u021bi\u0219or \u00een suflet de copil<\/span>&#8211; \u0218coala Gimnazial\u0103 \u201eGheorghe Corneliu\u201d Domne\u0219ti -Nr.141 \/20.02.2018<\/li><li>Proiectul Educa\u021bional \u2013\u00a0<span class=\"bolduit inclinat\">Tradi\u021bii, obiceiuri \u0219i fantezii pascale<\/span>&#8211; \u0218coala Gimnazial\u0103 \u201eGheorghe Corneliu\u201d Domne\u0219ti- Nr.142 \/20.02.2018<\/li><li>Protocol de colaborare Nr 1130\/11.10.2017-\u00a0<span class=\"bolduit inclinat\">Concursul Interdisciplinar Na\u021bional \u00cenv\u0103\u021b\u0103m\u00e2ntul- Poarta spre evolu\u021bie !<\/span>CAERI 2017 la pozi\u021bia 1432 \u0219i CAERI 2018 pozi\u021bia 2021<\/li><li>Protocol de colaborare \u2013\u00a0<span class=\"bolduit inclinat\">Concursul Interdisciplinar Regional Violen\u021ba \u2013 Ultimul refugiu al incompeten\u021bei !<\/span>Nr.140 \/20.02.2018- cuprinsa \u00een CAERI 2018 la pozi\u021bia 1638<\/li><li>Proiect de parteneriat educational\u00a0<span class=\"bolduit inclinat\">\u0218coal\u0103 \u2013 Primar &#8211; Gimnaziu Pas cu pas spre via\u021ba de \u0219colar<\/span>&#8211; Nr 194\/20.02.2018<\/li><li>Protocol de colaborare &#8211; Asocia\u021bia \u201cAteliere protejate\u201d-Nr. inreg. 01.04.2017 (a fost valabil pana la 31.12.2017)<\/li><\/ol><h3>Excursii \u0219colare<\/h3><ul><li>Excursie \u2013 28.10.2017 : Pope\u0219ti-Leordeni- Valea D\u00e2mbovi\u021bei \u2013 Voie\u0219ti &#8211; Pope\u0219ti-Leordeni, organizator Aldea Eugenia, Vincene Ana Maria, Clasele II A \u0219i II B.<\/li><li>Excursie &#8211; 07.10.2017 :Pope\u015fti-Leordeni &#8211; Cose\u0219ti, Arge\u0219, organizator Racheru Daniela, clasa a IV-a A.<\/li><li>Excursie &#8211; 30.09.2017:Pope\u015fti-Leordeni &#8211; Cose\u0219ti jud. Arge\u0219 &#8211; Pope\u015fti-Leordeni, organizator: Ungureanu Monica, grupa mare.<\/li><\/ul>\t\t\t\t\t\t\t\t<\/div>\n\t\t\t\t<\/div>\n\t\t\t\t\t<\/div>\n\t\t\t\t<\/div>\n\t\t\t\t<\/div>\n\t\t","protected":false},"excerpt":{"rendered":"<p>Anul \u0218colar 2017-2018 Proiect de investi\u021bie Confirmare privind depunerea \u015fi \u00eenregistrarea cererii de finan\u0163are pentru proiectul\u00a0\u201eConstruire corp nou \u0218coala Gimnazial\u0103 \u201eIoan B\u0103descu\u201d, Ora\u015ful Pope\u0219ti-Leordeni, jude\u0163 Ilfov\u201d. Proiect privind participarea Ora\u015fului Pope\u015fti-Leordeni \u00een procesul depunerii de cereri de finan\u0163are \u00een cadrul unor apeluri de proiecte finan\u0163ate prin Programul Opera\u0163ional Capital Uman<span class=\"more-link\"><a href=\"https:\/\/scoalaioanbadescu.ro\/?page_id=2743\">Continue Reading<\/a><\/span><\/p>\n","protected":false},"author":2,"featured_media":0,"parent":0,"menu_order":0,"comment_status":"closed","ping_status":"closed","template":"","meta":{"footnotes":""},"class_list":["entry","author-cristian-ene","post-2743","page","type-page","status-publish"],"_links":{"self":[{"href":"https:\/\/scoalaioanbadescu.ro\/index.php?rest_route=\/wp\/v2\/pages\/2743","targetHints":{"allow":["GET"]}}],"collection":[{"href":"https:\/\/scoalaioanbadescu.ro\/index.php?rest_route=\/wp\/v2\/pages"}],"about":[{"href":"https:\/\/scoalaioanbadescu.ro\/index.php?rest_route=\/wp\/v2\/types\/page"}],"author":[{"embeddable":true,"href":"https:\/\/scoalaioanbadescu.ro\/index.php?rest_route=\/wp\/v2\/users\/2"}],"replies":[{"embeddable":true,"href":"https:\/\/scoalaioanbadescu.ro\/index.php?rest_route=%2Fwp%2Fv2%2Fcomments&post=2743"}],"version-history":[{"count":13,"href":"https:\/\/scoalaioanbadescu.ro\/index.php?rest_route=\/wp\/v2\/pages\/2743\/revisions"}],"predecessor-version":[{"id":2987,"href":"https:\/\/scoalaioanbadescu.ro\/index.php?rest_route=\/wp\/v2\/pages\/2743\/revisions\/2987"}],"wp:attachment":[{"href":"https:\/\/scoalaioanbadescu.ro\/index.php?rest_route=%2Fwp%2Fv2%2Fmedia&parent=2743"}],"curies":[{"name":"wp","href":"https:\/\/api.w.org\/{rel}","templated":true}]}}