{"id":2287,"date":"2024-01-22T16:34:36","date_gmt":"2024-01-22T16:34:36","guid":{"rendered":"https:\/\/scoalaioanbadescu.ro\/?page_id=2287"},"modified":"2024-02-16T17:19:05","modified_gmt":"2024-02-16T17:19:05","slug":"invatamant-primar-2021-2022","status":"publish","type":"page","link":"https:\/\/scoalaioanbadescu.ro\/?page_id=2287","title":{"rendered":"\u00cenv\u0103\u021b\u0103m\u00e2nt primar 2021-2022"},"content":{"rendered":"\t\t<div data-elementor-type=\"wp-page\" data-elementor-id=\"2287\" class=\"elementor elementor-2287\">\n\t\t\t\t<div class=\"elementor-element elementor-element-5359c69 e-flex e-con-boxed e-con e-parent\" data-id=\"5359c69\" data-element_type=\"container\">\n\t\t\t\t\t<div class=\"e-con-inner\">\n\t\t\t\t<div class=\"elementor-element elementor-element-6ec6b76 elementor-widget elementor-widget-video\" data-id=\"6ec6b76\" data-element_type=\"widget\" data-settings=\"{&quot;video_type&quot;:&quot;hosted&quot;,&quot;controls&quot;:&quot;yes&quot;}\" data-widget_type=\"video.default\">\n\t\t\t\t<div class=\"elementor-widget-container\">\n\t\t\t\t\t\t\t<div class=\"e-hosted-video elementor-wrapper elementor-open-inline\">\n\t\t\t\t\t<video class=\"elementor-video\" src=\"https:\/\/scoalaioanbadescu.ro\/wp-content\/uploads\/2024\/01\/prezentare_2021.mp4\" controls=\"\" preload=\"metadata\" controlsList=\"nodownload\"><\/video>\n\t\t\t\t<\/div>\n\t\t\t\t\t\t<\/div>\n\t\t\t\t<\/div>\n\t\t\t\t<div class=\"elementor-element elementor-element-7fc9af0 elementor-widget elementor-widget-text-editor\" data-id=\"7fc9af0\" data-element_type=\"widget\" data-widget_type=\"text-editor.default\">\n\t\t\t\t<div class=\"elementor-widget-container\">\n\t\t\t\t\t\t\t\t\t<h5>Anun\u021b<\/h5><p>\u00censcrierile \u00een\u00a0<span class=\"subliniat\">clasa preg\u0103titoare<\/span>\u00a0pentru anul \u0219colar 2021-2022 se fac \u00een perioada 29 martie-28 aprilie 2021 la secretariatul \u0219colii \u2013 sau prin mijloace electronice, \u00een limita a\u00a0<span class=\"subliniat\">88 locuri<\/span>\u00a0propuse pentru acest an \u0219colar.<br \/>Telverde:\u00a0<a href=\"tel:800080345\">800 080 345<\/a>\u00a0num\u0103r gratuit.<\/p><p>\u00cen acest an \u0219colar se \u00eenscriu\u00a0<span class=\"subliniat\">obligatoriu<\/span>\u00a0to\u021bi copiii care \u00eemplinesc v\u00e2rsta de 6 ani p\u00e2n\u0103 la data de 31.08.2021.<\/p><p>Copiii care \u00eemplinesc v\u00e2rsta de 6 ani \u00een perioada 1 septembrie &#8211; 31 decembrie 2021 se pot \u00eenscrie \u00een clasa preg\u0103titoare, la cererea p\u0103rin\u021bilor, numai cu recomandarea gr\u0103dini\u021bei frecventate \u00een anul \u0219colar 2020-2021 sau a Centrul Jude\u0163ean de Resurse \u015fi Asisten\u0163\u0103 Educa\u0163ional\u0103 Ilfov \u2013 pentru copiii care nu au frecventat gr\u0103dini\u021ba sau s-au \u00eentors din str\u0103in\u0103tate.<\/p><p class=\"bolduit\">Evaluarea dezvolt\u0103rii copiilor care \u00eemplinesc 6 ani \u00een perioada 1 septembrie \u2013 31 decembrie 2021 \u0219i eliberarea recomand\u0103rii pentru \u00eenscrierea \u00een \u00eenv\u0103\u021b\u0103m\u00e2ntul primar se realizeaz\u0103 \u00een perioada 22 martie \u2013 27 aprilie 2021<\/p><ul><li><span class=\"subliniat\">Pentru copiii care au frecventat gr\u0103dini\u021ba<\/span><ul><li>\u00cenregistrarea cererilor transmise\/depuse la unit\u0103\u021bile de \u00eenv\u0103\u021b\u0103m\u00e2nt cu nivel pre\u0219colar pentru ob\u021binerea recomand\u0103rii de \u00eenscriere \u00een clasa preg\u0103titoare;<\/li><li>Eliberarea\/transmiterea c\u0103tre p\u0103rinte de c\u0103tre unitatea de \u00eenv\u0103\u021b\u0103m\u00e2nt cu nivel pre\u0219colar a recomand\u0103rii de \u00eenscriere \u00een clasa preg\u0103titoare sau \u00een grupa mare, dup\u0103 caz.<\/li><\/ul><\/li><li><span class=\"subliniat\">Pentru copiii care NU au frecventat gr\u0103dini\u021ba sau au revenit din str\u0103in\u0103tate<\/span><ul><li>\u00cenregistrarea de c\u0103tre CJRAE\/CMBRAE a cererilor de evaluare, depuse\/transmise de p\u0103rin\u021bi pentru copiii care \u00eendeplinesc criteriile prev\u0103zute la Art. 7 alin. (1);<\/li><li>Planificarea de c\u0103tre CJRAE\/CMBRAE a organiz\u0103rii evalu\u0103rii; afi\u0219area \u0219i comunicarea program\u0103rii pentru participarea la evaluare;<\/li><li>Desf\u0103\u0219urarea evalu\u0103rii copiilor de c\u0103tre CJRAE\/CMBRAE;<\/li><li>Eliberarea\/transmiterea c\u0103tre p\u0103rinte de c\u0103tre CJRAE\/CMBRAE a recomand\u0103rii de \u00eenscriere \u00een clasa preg\u0103titoare sau \u00een grupa mare, dup\u0103 caz;<\/li><\/ul><\/li><\/ul><p><a href=\"\/wp-content\/uploads\/2024\/01\/Procedura_operationala_de_repartizare_a_elevilor_in_clasa_pregatitoare.pdf\">Procedura opera\u021bional\u0103 de repartizare a elevilor \u00een clasa preg\u0103titoare<\/a><br \/><a href=\"\/wp-content\/uploads\/2024\/01\/PROCEDURA_PREGATITOARE_2021-2022.pdf\">Procedura de \u00eenscriere \u00een clasa preg\u0103titoare an \u0219colar 2021-2022.<\/a><br \/><a href=\"\/wp-content\/uploads\/2024\/01\/Procedura_evaluare_nivel_dezvoltare_CJRAE_Ilfov.pdf\" target=\"_blank\" rel=\"noopener\">Procedura opera\u021bional\u0103 privind evaluarea nivelului de dezvoltare a copiilor care \u00eemplinesc v\u00e2rsta de 6 ani \u00een perioada 01.09.2021 &#8211; 31.12.2021, nu au frecventat gr\u0103dini\u021ba sau care s-au \u00eentors din str\u0103in\u0103tate \u00een vederea \u00eenscrierii \u00een \u00eenv\u0103\u021b\u0103m\u00e2ntul primar.<\/a><br \/><a href=\"\/wp-content\/uploads\/2024\/01\/Centrele_de_evaluare_Ilfov.pdf\" target=\"_blank\" rel=\"noopener\">Centrele de evaluare a nivelului de dezvoltare \u00een vederea \u00eenscrierii \u00een \u00eenv\u0103\u021b\u0103m\u00e2ntul primar.<\/a><br \/><a href=\"\/wp-content\/uploads\/2024\/01\/Programul_centrelor_de_evaluare.pdf\" target=\"_blank\" rel=\"noopener\">Programul centrelor de evaluare a nivelului de dezvoltare.<\/a><\/p><ul><li><a href=\"\/wp-content\/uploads\/2024\/01\/Cerere-tip_clsprg_2021_etapa_I.pdf\" target=\"_blank\" rel=\"noopener\">CERERE-TIP de \u00eenscriere \u00een clasa preg\u0103titoare \u2013 2021 \u2013 etapa I<\/a><\/li><li><a href=\"\/wp-content\/uploads\/2024\/01\/declaratie_proprie_raspundere_autenticitate_documente_inscriere_transmise_on-line.pdf\" target=\"_blank\" rel=\"noopener\">Declara\u021bie \u00eenscriere on-line<\/a><\/li><li><a href=\"\/wp-content\/uploads\/2024\/01\/cerere_eliberare_recomandare_gradinita.pdf\" target=\"_blank\" rel=\"noopener\">Cerere pentru gr\u0103dini\u021b\u0103<\/a><\/li><li><a href=\"\/wp-content\/uploads\/2024\/01\/Cerere_privind_studiere_discipline_optionale__religie.pdf\" target=\"_blank\" rel=\"noopener\">Cerere privind studiere discipline op\u021bionale \u0219i religie<\/a><\/li><li><a href=\"\/wp-content\/uploads\/2024\/01\/Model_cerere_evaluare.pdf\" target=\"_blank\" rel=\"noopener\">Model cerere de evaluare a nivelului de dezvoltare \u00een vederea \u00eenscrierii \u00een \u00eenv\u0103\u021b\u0103m\u00e2ntul primar.<\/a><\/li><li><a href=\"\/wp-content\/uploads\/2024\/01\/Model_recomandare.pdf\" target=\"_blank\" rel=\"noopener\">Model recomandare \u00een vederea \u00eenscrierii copilului \u00een anul \u0219colar 2020-2021 \u00een func\u021bie de rezultatului evalu\u0103rii nivelului de dezvoltare a copilului.<\/a><\/li><li><a href=\"\/wp-content\/uploads\/2024\/01\/Recomandare_inscriere_la_clasa_pregatitoare_2021.pdf\" target=\"_blank\" rel=\"noopener\">Recomandare pentru \u00eenscrierea \u00een clasa preg\u0103titoare.<\/a><\/li><\/ul><h5>Anun\u021b<\/h5><p>Programul de lucru cu publicul \u00een perioada \u00eenscrierilor \u00een clasa preg\u0103titoare pentru anul \u015fcolar 2021-2022, respectiv 29 martie-28 aprilie 2021:<\/p><ul><li>LUNI (29.03.2021) \u2013 JOI (1.04.2021): 8<sup>30<\/sup>-16<sup>30<\/sup><\/li><li>VINERI (2.04.2021): 8<sup>30<\/sup>-15<sup>30<\/sup><\/li><li>LUNI (5.04.2021) \u2013 JOI (8.04.2021): 8<sup>30<\/sup>-16<sup>30<\/sup><\/li><li>VINERI (9.04.2021): 8<sup>30<\/sup>-15<sup>30<\/sup><\/li><li>LUNI (12.04.2021) \u2013 JOI (15.04.2021): 8<sup>30<\/sup>-16<sup>30<\/sup><\/li><li>VINERI (16.04.202): 8<sup>30<\/sup>-15<sup>30<\/sup><\/li><li>LUNI (19.04.2021) \u2013 JOI (22.04.2021): 8<sup>30<\/sup>-16<sup>30<\/sup><\/li><li>VINERI (23.04.2021): 8<sup>30<\/sup>-15<sup>30<\/sup><\/li><li>LUNI (26.04.2021) \u2013 MIERCURI (28.04.2021): 8<sup>30<\/sup>-15<sup>30<\/sup><\/li><\/ul><p><a href=\"\/?page_id=2288\">\u015ecoala Gimnazial\u0103 \u201eIoan B\u0103descu\u201d \u2013 str\u0103zi arondate circumscrip\u021biei \u015fcolare<\/a><\/p>\t\t\t\t\t\t\t\t<\/div>\n\t\t\t\t<\/div>\n\t\t\t\t\t<\/div>\n\t\t\t\t<\/div>\n\t\t\t\t<\/div>\n\t\t","protected":false},"excerpt":{"rendered":"<p>https:\/\/scoalaioanbadescu.ro\/wp-content\/uploads\/2024\/01\/prezentare_2021.mp4 Anun\u021b \u00censcrierile \u00een\u00a0clasa preg\u0103titoare\u00a0pentru anul \u0219colar 2021-2022 se fac \u00een perioada 29 martie-28 aprilie 2021 la secretariatul \u0219colii \u2013 sau prin mijloace electronice, \u00een limita a\u00a088 locuri\u00a0propuse pentru acest an \u0219colar.Telverde:\u00a0800 080 345\u00a0num\u0103r gratuit. \u00cen acest an \u0219colar se \u00eenscriu\u00a0obligatoriu\u00a0to\u021bi copiii care \u00eemplinesc v\u00e2rsta de 6 ani p\u00e2n\u0103 la<span class=\"more-link\"><a href=\"https:\/\/scoalaioanbadescu.ro\/?page_id=2287\">Continue Reading<\/a><\/span><\/p>\n","protected":false},"author":2,"featured_media":0,"parent":0,"menu_order":0,"comment_status":"closed","ping_status":"closed","template":"","meta":{"footnotes":""},"class_list":["entry","author-cristian-ene","post-2287","page","type-page","status-publish"],"_links":{"self":[{"href":"https:\/\/scoalaioanbadescu.ro\/index.php?rest_route=\/wp\/v2\/pages\/2287","targetHints":{"allow":["GET"]}}],"collection":[{"href":"https:\/\/scoalaioanbadescu.ro\/index.php?rest_route=\/wp\/v2\/pages"}],"about":[{"href":"https:\/\/scoalaioanbadescu.ro\/index.php?rest_route=\/wp\/v2\/types\/page"}],"author":[{"embeddable":true,"href":"https:\/\/scoalaioanbadescu.ro\/index.php?rest_route=\/wp\/v2\/users\/2"}],"replies":[{"embeddable":true,"href":"https:\/\/scoalaioanbadescu.ro\/index.php?rest_route=%2Fwp%2Fv2%2Fcomments&post=2287"}],"version-history":[{"count":16,"href":"https:\/\/scoalaioanbadescu.ro\/index.php?rest_route=\/wp\/v2\/pages\/2287\/revisions"}],"predecessor-version":[{"id":3048,"href":"https:\/\/scoalaioanbadescu.ro\/index.php?rest_route=\/wp\/v2\/pages\/2287\/revisions\/3048"}],"wp:attachment":[{"href":"https:\/\/scoalaioanbadescu.ro\/index.php?rest_route=%2Fwp%2Fv2%2Fmedia&parent=2287"}],"curies":[{"name":"wp","href":"https:\/\/api.w.org\/{rel}","templated":true}]}}