{"id":2271,"date":"2024-01-22T16:28:42","date_gmt":"2024-01-22T16:28:42","guid":{"rendered":"https:\/\/scoalaioanbadescu.ro\/?page_id=2271"},"modified":"2024-02-16T17:19:06","modified_gmt":"2024-02-16T17:19:06","slug":"lista-cererilor-de-inscriere-la-clasa-pregatitoare-respinse-din-lipsa-de-locuri-an-scolar-2019-2020","status":"publish","type":"page","link":"https:\/\/scoalaioanbadescu.ro\/?page_id=2271","title":{"rendered":"Lista cererilor de \u00eenscriere la clasa preg\u0103titoare respinse din lips\u0103 de locuri, an \u0219colar 2019-2020"},"content":{"rendered":"\n<figure class=\"wp-block-table\"><table><thead><tr><th class=\"has-text-align-center\" data-align=\"center\">NR.CRT<\/th><th class=\"has-text-align-center\" data-align=\"center\">NUME<\/th><th class=\"has-text-align-center\" data-align=\"center\">          PRENUME                                   <\/th><th class=\"has-text-align-center\" data-align=\"center\">ADMIS<\/th><th>        ETAPA           <\/th><th class=\"has-text-align-center\" data-align=\"center\">FRATE\/SOR\u0102 \u00ceN \u0218COAL\u0102<\/th><th class=\"has-text-align-center\" data-align=\"center\">ALTE CRITERII<\/th><\/tr><\/thead><tbody><tr><td class=\"has-text-align-center\" data-align=\"center\">1<\/td><td class=\"has-text-align-center\" data-align=\"center\">MANOLACHE<\/td><td class=\"has-text-align-center\" data-align=\"center\">ALEXANDRU-IONU\u021a<\/td><td class=\"has-text-align-center\" data-align=\"center\">NU<\/td><td>Etapa I &#8211; Faza II<\/td><td class=\"has-text-align-center\" data-align=\"center\">Da<\/td><td class=\"has-text-align-center\" data-align=\"center\">NU<\/td><\/tr><tr><td class=\"has-text-align-center\" data-align=\"center\">2<\/td><td class=\"has-text-align-center\" data-align=\"center\">ZAI\u021aI<\/td><td class=\"has-text-align-center\" data-align=\"center\">MARIA-ELENA<\/td><td class=\"has-text-align-center\" data-align=\"center\">NU<\/td><td>Etapa I &#8211; Faza II<\/td><td class=\"has-text-align-center\" data-align=\"center\">Da<\/td><td class=\"has-text-align-center\" data-align=\"center\">NU<\/td><\/tr><tr><td class=\"has-text-align-center\" data-align=\"center\">3<\/td><td class=\"has-text-align-center\" data-align=\"center\">FETCU<\/td><td class=\"has-text-align-center\" data-align=\"center\">LUCA-ANDREI<\/td><td class=\"has-text-align-center\" data-align=\"center\">NU<\/td><td>Etapa I &#8211; Faza II<\/td><td class=\"has-text-align-center\" data-align=\"center\">Da<\/td><td class=\"has-text-align-center\" data-align=\"center\">DA<\/td><\/tr><tr><td class=\"has-text-align-center\" data-align=\"center\">4<\/td><td class=\"has-text-align-center\" data-align=\"center\">G\u0102INAR<\/td><td class=\"has-text-align-center\" data-align=\"center\">JESSICA-ALEXANDRA<\/td><td class=\"has-text-align-center\" data-align=\"center\">NU<\/td><td>Etapa I &#8211; Faza II<\/td><td class=\"has-text-align-center\" data-align=\"center\">Da<\/td><td class=\"has-text-align-center\" data-align=\"center\">NU<\/td><\/tr><tr><td class=\"has-text-align-center\" data-align=\"center\">5<\/td><td class=\"has-text-align-center\" data-align=\"center\">MECU<\/td><td class=\"has-text-align-center\" data-align=\"center\">BIANCA-IOANA<\/td><td class=\"has-text-align-center\" data-align=\"center\">NU<\/td><td>Etapa I &#8211; Faza II<\/td><td class=\"has-text-align-center\" data-align=\"center\">Da<\/td><td class=\"has-text-align-center\" data-align=\"center\">NU<\/td><\/tr><\/tbody><\/table><\/figure>\n","protected":false},"excerpt":{"rendered":"<p>NR.CRT NUME PRENUME ADMIS ETAPA FRATE\/SOR\u0102 \u00ceN \u0218COAL\u0102 ALTE CRITERII 1 MANOLACHE ALEXANDRU-IONU\u021a NU Etapa I &#8211; Faza II Da NU 2 ZAI\u021aI MARIA-ELENA NU Etapa I &#8211; Faza II Da NU 3 FETCU LUCA-ANDREI NU Etapa I &#8211; Faza II Da DA 4 G\u0102INAR JESSICA-ALEXANDRA NU Etapa I &#8211;<span class=\"more-link\"><a href=\"https:\/\/scoalaioanbadescu.ro\/?page_id=2271\">Continue Reading<\/a><\/span><\/p>\n","protected":false},"author":2,"featured_media":0,"parent":0,"menu_order":0,"comment_status":"closed","ping_status":"closed","template":"","meta":{"footnotes":""},"class_list":["entry","author-cristian-ene","post-2271","page","type-page","status-publish"],"_links":{"self":[{"href":"https:\/\/scoalaioanbadescu.ro\/index.php?rest_route=\/wp\/v2\/pages\/2271","targetHints":{"allow":["GET"]}}],"collection":[{"href":"https:\/\/scoalaioanbadescu.ro\/index.php?rest_route=\/wp\/v2\/pages"}],"about":[{"href":"https:\/\/scoalaioanbadescu.ro\/index.php?rest_route=\/wp\/v2\/types\/page"}],"author":[{"embeddable":true,"href":"https:\/\/scoalaioanbadescu.ro\/index.php?rest_route=\/wp\/v2\/users\/2"}],"replies":[{"embeddable":true,"href":"https:\/\/scoalaioanbadescu.ro\/index.php?rest_route=%2Fwp%2Fv2%2Fcomments&post=2271"}],"version-history":[{"count":1,"href":"https:\/\/scoalaioanbadescu.ro\/index.php?rest_route=\/wp\/v2\/pages\/2271\/revisions"}],"predecessor-version":[{"id":2272,"href":"https:\/\/scoalaioanbadescu.ro\/index.php?rest_route=\/wp\/v2\/pages\/2271\/revisions\/2272"}],"wp:attachment":[{"href":"https:\/\/scoalaioanbadescu.ro\/index.php?rest_route=%2Fwp%2Fv2%2Fmedia&parent=2271"}],"curies":[{"name":"wp","href":"https:\/\/api.w.org\/{rel}","templated":true}]}}