{"id":2226,"date":"2024-01-22T15:35:15","date_gmt":"2024-01-22T15:35:15","guid":{"rendered":"https:\/\/scoalaioanbadescu.ro\/?page_id=2226"},"modified":"2024-02-16T17:19:05","modified_gmt":"2024-02-16T17:19:05","slug":"invatamant-primar-2019-2020","status":"publish","type":"page","link":"https:\/\/scoalaioanbadescu.ro\/?page_id=2226","title":{"rendered":"\u00cenv\u0103\u021b\u0103m\u00e2nt primar 2019-2020"},"content":{"rendered":"\t\t<div data-elementor-type=\"wp-page\" data-elementor-id=\"2226\" class=\"elementor elementor-2226\">\n\t\t\t\t<div class=\"elementor-element elementor-element-f152079 e-flex e-con-boxed e-con e-parent\" data-id=\"f152079\" data-element_type=\"container\">\n\t\t\t\t\t<div class=\"e-con-inner\">\n\t\t\t\t<div class=\"elementor-element elementor-element-c26638a elementor-widget elementor-widget-text-editor\" data-id=\"c26638a\" data-element_type=\"widget\" data-widget_type=\"text-editor.default\">\n\t\t\t\t<div class=\"elementor-widget-container\">\n\t\t\t\t\t\t\t\t\t<div class=\"arhiva-link\" style=\"color: #22262d; font-family: 'Playfair Display', serif; font-size: 23.8222px;\"><div class=\"arhiva-link\"><ul><li><a href=\"\/wp-content\/uploads\/2024\/01\/PROCEDURA_privind_evaluarea_psihosomatica.pdf\" target=\"_blank\" rel=\"noopener\">Procedura opera\u021bional\u0103 privind evaluarea dezvolt\u0103rii psihosomatice a copiilor \u00een vederea \u00eenscrierii \u00een clasa preg\u0103titoare.<\/a><\/li><li><a href=\"\/wp-content\/uploads\/2024\/01\/PROGRAM_centre_evaluare.pdf\" target=\"_blank\" rel=\"noopener\">Programul evaluarii dezvolt\u0103rii psihosomatice 26.02.2019-20.03.2019.<\/a><\/li><li><a href=\"\/wp-content\/uploads\/2024\/01\/CENTRE_de_evaluare_psihosomatica.pdf\" target=\"_blank\" rel=\"noopener\">Centre de evaluare a dezvolt\u0103rii psihosomatice a copiilor \u00een vederea \u00eenscrierii \u00een clasa preg\u0103titoare pentru anul \u0219colar 2019-2020.<\/a><\/li><\/ul><h5>Anun\u021b<\/h5><p>\u00censcrierile \u00een clasa preg\u0103titoare pentru anul \u0219colar 2019-2020 se efectueaz\u0103 \u00een perioada 4 martie &#8211; 22 martie 2019, la secretariatul \u0219colii &#8211; \u00een limita locurilor propuse pentru acest an.<\/p><p>\u00cen acest an \u0219colar se \u00eenscriu obligatoriu to\u021bi copiii care \u00eendeplinesc v\u00e2rsta de 6 ani p\u00e2n\u0103 la data de 31.08.2019.<\/p><p>Copiii care \u00eemplinesc v\u00e2rsta de 6 ani, \u00een perioada 1 septembrie &#8211; 31 decembrie 2019, pot fi \u00eenscri\u0219i \u00een clasa preg\u0103titoare, la cererea p\u0103rin\u021bilor, numai cu avizul comisiei de evaluare psihosomatic\u0103.<\/p><p>Evaluarea psihosomatic\u0103 va avea loc \u00een perioada 26.02.2019- 20.03.2019.<\/p><p>Acte necesare:<\/p><ul><li>Cerere de \u00eenscriere tip (de la secretariat sau online)<\/li><li>Certificat na\u0219tere copil \u00een copie \u0219i original<\/li><li>Aviz de la medicul de familie cu men\u021biunea: apt pentru \u00eenscriere \u00een clasa preg\u0103titoare<\/li><li>B.I.\/C.I. ambii p\u0103rin\u021bi \u00een copie \u0219i original. \u00cen cazul \u00een care p\u0103rin\u021bii sunt divor\u021ba\u021bi, se aduce originalul \u0219i copie dup\u0103 hot\u0103r\u00e2rea judec\u0103toreasc\u0103 care stabile\u0219te domiciliul \u0219i persoana c\u0103reia i se \u00eencredin\u021beaz\u0103 minorul.<\/li><\/ul><h5>Anun\u021b<\/h5><p>Au fost aprobate metodologia \u015fi calendarul de \u00eenscriere \u00een \u00eenv\u0103\u0163\u0103m\u00e2ntul primar pentru anul \u015fcolar 2019-2020.<\/p><p>Detalii:\u00a0<a href=\"https:\/\/www.edu.ro\/metodologia-de-%C3%AEnscriere-copiilor-%C8%99i-calendarul-de-%C3%AEnscriere-%C3%AEn-%C3%AEnv%C4%83%C8%9B%C4%83m%C3%A2ntul-primar-pentru-anul\" target=\"_blank\" rel=\"noopener\">Ordinul ministrului Educa\u021biei Na\u021bionale nr. 3.242\/23.02.2018 privind aprobarea calendarului \u0219i a metodologiei de \u00eenscriere a copiilor \u00een \u00eenv\u0103\u021b\u0103m\u00e2ntul primar pentru anul \u0219colar 2018-2019<\/a><\/p><ul><li><a href=\"\/wp-content\/uploads\/2024\/01\/Metodologia__inscrierii_in__invatamant_primar___2019_Monitor.pdf\" target=\"_blank\" rel=\"noopener\">METODOLOGIE DE \u00ceNSCRIERE A COPIILOR \u00ceN \u00ceNV\u0102\u021a\u0102M\u00c2NTUL PRIMAR pentru anul \u0219colar 2019-2020<\/a><\/li><li><a href=\"\/wp-content\/uploads\/2024\/01\/Calendarul_inscrierii_in_invatamantul_primar___2019_2020_Monitor.pdf\" target=\"_blank\" rel=\"noopener\">CALENDARUL \u00ceNSCRIERII \u00ceN \u00ceNV\u0102\u021a\u0102M\u00c2NTUL PRIMAR pentru anul \u0219colar 2019-2020<\/a><\/li><\/ul><p class=\"inclinat\">V\u0103 a\u0219tept\u0103m cu drag la noi \u00een \u0219coal\u0103!<\/p><\/div><\/div>\t\t\t\t\t\t\t\t<\/div>\n\t\t\t\t<\/div>\n\t\t\t\t<div class=\"elementor-element elementor-element-6cd65dc elementor-widget elementor-widget-html\" data-id=\"6cd65dc\" data-element_type=\"widget\" data-widget_type=\"html.default\">\n\t\t\t\t<div class=\"elementor-widget-container\">\n\t\t\t\t\t<div class=\"_df_book df-lite\" id=\"df_2246\"  data-title=\"inscriere-201920\" _slug=\"inscriere-201920\" wpoptions=\"true\" thumbtype=\"bg\" ><\/div><script class=\"df-shortcode-script\" type=\"application\/javascript\">window.option_df_2246 = {\"outline\":[],\"forceFit\":\"true\",\"autoEnableOutline\":\"false\",\"autoEnableThumbnail\":\"false\",\"overwritePDFOutline\":\"false\",\"direction\":\"1\",\"pageSize\":\"0\",\"soundEnable\":\"false\",\"source\":\"https:\\\/\\\/scoalaioanbadescu.ro\\\/wp-content\\\/uploads\\\/2024\\\/01\\\/Scoala_Gimnaziala_Ioan_Badescu_Popesti_Leordeni.pdf\",\"wpOptions\":\"true\"}; if(window.DFLIP && window.DFLIP.parseBooks){window.DFLIP.parseBooks();}<\/script>\t\t\t\t<\/div>\n\t\t\t\t<\/div>\n\t\t\t\t\t<\/div>\n\t\t\t\t<\/div>\n\t\t\t\t<\/div>\n\t\t","protected":false},"excerpt":{"rendered":"<p>Procedura opera\u021bional\u0103 privind evaluarea dezvolt\u0103rii psihosomatice a copiilor \u00een vederea \u00eenscrierii \u00een clasa preg\u0103titoare. Programul evaluarii dezvolt\u0103rii psihosomatice 26.02.2019-20.03.2019. Centre de evaluare a dezvolt\u0103rii psihosomatice a copiilor \u00een vederea \u00eenscrierii \u00een clasa preg\u0103titoare pentru anul \u0219colar 2019-2020. Anun\u021b \u00censcrierile \u00een clasa preg\u0103titoare pentru anul \u0219colar 2019-2020 se efectueaz\u0103 \u00een perioada<span class=\"more-link\"><a href=\"https:\/\/scoalaioanbadescu.ro\/?page_id=2226\">Continue Reading<\/a><\/span><\/p>\n","protected":false},"author":2,"featured_media":0,"parent":0,"menu_order":0,"comment_status":"closed","ping_status":"closed","template":"","meta":{"footnotes":""},"class_list":["entry","author-cristian-ene","post-2226","page","type-page","status-publish"],"_links":{"self":[{"href":"https:\/\/scoalaioanbadescu.ro\/index.php?rest_route=\/wp\/v2\/pages\/2226","targetHints":{"allow":["GET"]}}],"collection":[{"href":"https:\/\/scoalaioanbadescu.ro\/index.php?rest_route=\/wp\/v2\/pages"}],"about":[{"href":"https:\/\/scoalaioanbadescu.ro\/index.php?rest_route=\/wp\/v2\/types\/page"}],"author":[{"embeddable":true,"href":"https:\/\/scoalaioanbadescu.ro\/index.php?rest_route=\/wp\/v2\/users\/2"}],"replies":[{"embeddable":true,"href":"https:\/\/scoalaioanbadescu.ro\/index.php?rest_route=%2Fwp%2Fv2%2Fcomments&post=2226"}],"version-history":[{"count":14,"href":"https:\/\/scoalaioanbadescu.ro\/index.php?rest_route=\/wp\/v2\/pages\/2226\/revisions"}],"predecessor-version":[{"id":3042,"href":"https:\/\/scoalaioanbadescu.ro\/index.php?rest_route=\/wp\/v2\/pages\/2226\/revisions\/3042"}],"wp:attachment":[{"href":"https:\/\/scoalaioanbadescu.ro\/index.php?rest_route=%2Fwp%2Fv2%2Fmedia&parent=2226"}],"curies":[{"name":"wp","href":"https:\/\/api.w.org\/{rel}","templated":true}]}}