{"id":2184,"date":"2024-01-21T17:53:49","date_gmt":"2024-01-21T17:53:49","guid":{"rendered":"https:\/\/scoalaioanbadescu.ro\/?page_id=2184"},"modified":"2024-02-16T17:19:04","modified_gmt":"2024-02-16T17:19:04","slug":"admitere-2022-2023","status":"publish","type":"page","link":"https:\/\/scoalaioanbadescu.ro\/?page_id=2184","title":{"rendered":"Admitere 2022-2023"},"content":{"rendered":"\t\t<div data-elementor-type=\"wp-page\" data-elementor-id=\"2184\" class=\"elementor elementor-2184\">\n\t\t\t\t<div class=\"elementor-element elementor-element-46b365e e-flex e-con-boxed e-con e-parent\" data-id=\"46b365e\" data-element_type=\"container\">\n\t\t\t\t\t<div class=\"e-con-inner\">\n\t\t\t\t<div class=\"elementor-element elementor-element-671518f elementor-widget elementor-widget-text-editor\" data-id=\"671518f\" data-element_type=\"widget\" data-widget_type=\"text-editor.default\">\n\t\t\t\t<div class=\"elementor-widget-container\">\n\t\t\t\t\t\t\t\t\t<ol><li><a href=\"\/wp-content\/uploads\/2024\/01\/Cerere-de-reevaluare-engleza-2023-2024.pdf\">Cererea de reevaluare a lucrarii scrise la Testul de aptitudini si cunostinte pentru admiterea in clasa a V-a cu program intensiv de studiu al unei limbi moderne de circulatie internationala.<\/a><\/li><li><a href=\"\/wp-content\/uploads\/2024\/01\/Tabel-nominal-2023-2024-engleza.pdf\">Tabel nominal cu deciziile Comisiei de recunoastere si echivalare a rezultatelor obtinute la examene cu recunoastere internationala pentru certificarea competentelor lingvistice in limbi straine cu testul de aptitudini si cunostinte pentru admiterea in clasa a V-a cu program intensiv de studiu al unei limbi moderne de circulatie internationala.<\/a><\/li><li><a href=\"\/wp-content\/uploads\/2024\/01\/Proces-cu-deciziile-engleza-2023-2024.pdf\">Proces cu deciziile Comisiei de recunoastere si echivalare a rezultatelor obtinute la examene cu recunoastere internationala pentru certificarea competentelor lingvistice in limbi straine cu testul de aptitudini si cunostinte pentru admiterea in clasa a V-a cu program intensiv de studiu al unei limbi moderne de circulatie internationala.<\/a><\/li><li><a href=\"\/wp-content\/uploads\/2024\/01\/Cerere-de-recunoastere-si-echivalare-2023-2024.pdf\">Cererea de recunoastere si echivalare a rezultatelor obtinute la examene cu recunoastere internationala pentru certificarea competentelor lingvistice in limbi straine cu Testul de aptitudini si cunostinte pentru admiterea in clasa a V-a cu program intensiv de studiu al unei limbi moderne de circulatie internationala 2023-2024.<\/a><\/li><li><a href=\"\/wp-content\/uploads\/2024\/01\/Cerere-de-inscriere-2023-2024-engleza.pdf\">Cererea de inscriere pentru sustinerea Testului de aptitudini si cunostinte pentru admiterea in clasa a V-a cu program intensiv de studiu.<\/a><\/li><li><a href=\"\/wp-content\/uploads\/2024\/01\/Declaratie-2023-2024-examen-engleza.pdf\">Declaratie pe proprie raspundere pentru membrii comisiei de organizare si evaluare a Testului de aptitudini si cunostinte pentru admiterea in clasa a V-a cu program intensiv de studiu al unei limbi moderne de circulatie internationala 2023-2024.<\/a><\/li><li><a href=\"\/wp-content\/uploads\/2024\/01\/Lista_examenelor_cu_recunoastere_internationala.pdf\">Lista examenelor cu recunoa\u0219tere interna\u021bional\u0103 pentru certificarea competen\u021belor lingvistice \u00een limbi str\u0103ine, care pot fi recunoscute \u0219i echivalate cu testul de competen\u021b\u0103 lingvistic\u0103, nivel A1 sau nivel superior pentru admiterea \u00een clasa a V-a cu program intensiv de predare a unei limbi moderne de circula\u021bie interna\u021bional\u0103<\/a><\/li><li><a href=\"\/wp-content\/uploads\/2024\/01\/grafic_organizare_desfasurare_test_clasa_a_v-a_intensiv-2023-20224.pdf\">Graficul de organizare \u015fi desf\u0103\u015furare a testului de competen\u0163e lingvistice pentru admiterea \u00een clasa a V-a cu program intensiv de studiu al unei limbi moderne de circula\u0163ie interna\u0163ional\u0103, an \u0219colar 2023-2024<\/a><\/li><li><a href=\"\/wp-content\/uploads\/2024\/01\/PROCEDURA-ISJ-IF_ADMITERE-CLASA-aV-aINTENSIV-2023-2024-.pdf\">Procedura privind organizarea \u0219i desf\u0103\u0219urarea admiterii \u00een clasa a V-a<\/a><\/li><li><a href=\"\/wp-content\/uploads\/2024\/01\/Procedura_Anexa__la_OMEN__nr._4797_31.08.2017.pdf\">Procedur\u0103 privind organizarea \u015fi desf\u0103\u0219urarea testului de competen\u021b\u0103 lingvistic\u0103 pentru admiterea \u00een clasa a V-a cu program intensiv de predare a unei limbi moderne de circula\u021bie interna\u021bional\u0103<\/a><\/li><li><a href=\"\/wp-content\/uploads\/2024\/01\/2_ORDIN_nr_3609_20_04_2022-1.pdf\">ORDIN nr. 3.609 din 20 aprilie 2022 pentru modificarea \u015fi completarea anexei la Ordinul ministrului educa\u0163iei na\u0163ionale nr. 4.797\/2017 privind Regulamentul-cadru de organizare \u015fi func\u0163ionare a claselor cu predare a unei limbi moderne \u00een regim intensiv, respectiv bilingv \u00een unit\u0103\u0163ile de \u00eenv\u0103\u0163\u0103m\u00e2nt preuniversitar<\/a><\/li><li><a href=\"\/wp-content\/uploads\/2024\/01\/PROCEDURA_ISJ_IF._ADMITERE_CLASA_A_a_V-a_INTENSIV_AN_SCOLAR_2022-2023_3-1.pdf\">Regulamentul \u2013 cadru de organizare \u0219i func\u021bionare a claselor cu predare a unei limbi moderne \u00een regim intensiv<\/a><\/li><\/ol>\t\t\t\t\t\t\t\t<\/div>\n\t\t\t\t<\/div>\n\t\t\t\t\t<\/div>\n\t\t\t\t<\/div>\n\t\t\t\t<\/div>\n\t\t","protected":false},"excerpt":{"rendered":"<p>Cererea de reevaluare a lucrarii scrise la Testul de aptitudini si cunostinte pentru admiterea in clasa a V-a cu program intensiv de studiu al unei limbi moderne de circulatie internationala. Tabel nominal cu deciziile Comisiei de recunoastere si echivalare a rezultatelor obtinute la examene cu recunoastere internationala pentru certificarea competentelor<span class=\"more-link\"><a href=\"https:\/\/scoalaioanbadescu.ro\/?page_id=2184\">Continue Reading<\/a><\/span><\/p>\n","protected":false},"author":2,"featured_media":0,"parent":0,"menu_order":0,"comment_status":"closed","ping_status":"closed","template":"","meta":{"footnotes":""},"class_list":["entry","author-cristian-ene","post-2184","page","type-page","status-publish"],"_links":{"self":[{"href":"https:\/\/scoalaioanbadescu.ro\/index.php?rest_route=\/wp\/v2\/pages\/2184","targetHints":{"allow":["GET"]}}],"collection":[{"href":"https:\/\/scoalaioanbadescu.ro\/index.php?rest_route=\/wp\/v2\/pages"}],"about":[{"href":"https:\/\/scoalaioanbadescu.ro\/index.php?rest_route=\/wp\/v2\/types\/page"}],"author":[{"embeddable":true,"href":"https:\/\/scoalaioanbadescu.ro\/index.php?rest_route=\/wp\/v2\/users\/2"}],"replies":[{"embeddable":true,"href":"https:\/\/scoalaioanbadescu.ro\/index.php?rest_route=%2Fwp%2Fv2%2Fcomments&post=2184"}],"version-history":[{"count":13,"href":"https:\/\/scoalaioanbadescu.ro\/index.php?rest_route=\/wp\/v2\/pages\/2184\/revisions"}],"predecessor-version":[{"id":3027,"href":"https:\/\/scoalaioanbadescu.ro\/index.php?rest_route=\/wp\/v2\/pages\/2184\/revisions\/3027"}],"wp:attachment":[{"href":"https:\/\/scoalaioanbadescu.ro\/index.php?rest_route=%2Fwp%2Fv2%2Fmedia&parent=2184"}],"curies":[{"name":"wp","href":"https:\/\/api.w.org\/{rel}","templated":true}]}}