{"id":2156,"date":"2024-01-21T17:44:14","date_gmt":"2024-01-21T17:44:14","guid":{"rendered":"https:\/\/scoalaioanbadescu.ro\/?page_id=2156"},"modified":"2024-02-16T17:19:04","modified_gmt":"2024-02-16T17:19:04","slug":"admiterea-2021-2022","status":"publish","type":"page","link":"https:\/\/scoalaioanbadescu.ro\/?page_id=2156","title":{"rendered":"Admiterea 2021-2022"},"content":{"rendered":"\t\t<div data-elementor-type=\"wp-page\" data-elementor-id=\"2156\" class=\"elementor elementor-2156\">\n\t\t\t\t<div class=\"elementor-element elementor-element-d7ef1d6 e-flex e-con-boxed e-con e-parent\" data-id=\"d7ef1d6\" data-element_type=\"container\">\n\t\t\t\t\t<div class=\"e-con-inner\">\n\t\t\t\t<div class=\"elementor-element elementor-element-277f294 elementor-widget elementor-widget-text-editor\" data-id=\"277f294\" data-element_type=\"widget\" data-widget_type=\"text-editor.default\">\n\t\t\t\t<div class=\"elementor-widget-container\">\n\t\t\t\t\t\t\t\t\t<ol><li><a href=\"\/wp-content\/uploads\/2024\/01\/Rezultate_Finale_Intensiv_engleza_2022-2023.pdf.pdf\">Rezultatele finale la Testul de aptitudini Limba Englez\u0103 pentru \u00eenscriere \u00een clasa a V-a, an \u0219colar 2022-2023 cu predare intensiv<\/a><\/li><li><a href=\"\/wp-content\/uploads\/2024\/01\/Rezultate_Contestatii_Intensiv_engleza_2022-2023.pdf\">Rezultatele contesta\u021biilor la Testul de aptitudini Limba Englez\u0103 pentru \u00eenscriere \u00een clasa a V-a, an \u0219colar 2022-2023 cu predare intensiv<\/a><\/li><li><a href=\"\/wp-content\/uploads\/2024\/01\/Rezultate_Intensiv_engleza_2022-2023.pdf\">Rezultatele la Testul de aptitudini Limba Englez\u0103 pentru \u00eenscriere \u00een clasa a V-a, an \u0219colar 2022-2023 cu predare intensiv<\/a><\/li><li><a href=\"\/wp-content\/uploads\/2024\/01\/anunt_proba_orala_LEN_2022-2023.pdf.pdf\">Anun\u021b sus\u021binere prob\u0103 oral\u0103 a testului de competen\u021b\u0103 lingvistic\u0103 pentru admiterea \u00een clasa a V-a<\/a><\/li><li><a href=\"\/wp-content\/uploads\/2024\/01\/anunt_proba_scrisa_LEN_2022-2023.pdf\">Anun\u021b sus\u021binere prob\u0103 scris\u0103 a testului de competen\u021b\u0103 lingvistic\u0103 pentru admiterea \u00een clasa a V-a<\/a><\/li><li><a href=\"\/wp-content\/uploads\/2024\/01\/cerere_inscriere_echivalare_LEN_2022-2023.pdf\">Cererea de \u00eenscriere a pentru sus\u021binerea Testului de competen\u021b\u0103 lingvistic\u0103 pentru admiterea \u00een clasa a V-a cu program intensiv de predare a limbii engleze, pentru anul \u0219colar 2022-2023 \u0219i cererea de recunoa\u0219tere \u0219i echivalare: [cerere PDF].<\/a><\/li><li><a href=\"\/wp-content\/uploads\/2024\/01\/cerere_inscriere_echivalare_LEN_2022-2023.docx\">Cererea de \u00eenscriere a pentru sus\u021binerea Testului de competen\u021b\u0103 lingvistic\u0103 pentru admiterea \u00een clasa a V-a cu program intensiv de predare a limbii engleze, pentru anul \u0219colar 2022-2023 \u0219i cererea de recunoa\u0219tere \u0219i echivalare: [cerere DOC].<\/a><\/li><li><a href=\"\/wp-content\/uploads\/2024\/01\/calendar_LEN_2022.pdf\">Calendarul sus\u021binerii testului de competen\u021b\u0103 lingvistic\u0103<\/a><\/li><li><a href=\"\/wp-content\/uploads\/2024\/01\/2_ORDIN_nr_3609_20_04_2022.pdf\">ORDIN nr. 3.609 din 20 aprilie 2022 pentru modificarea \u015fi completarea anexei la Ordinul ministrului educa\u0163iei na\u0163ionale nr. 4.797\/2017 privind Regulamentul-cadru de organizare \u015fi func\u0163ionare a claselor cu predare a unei limbi moderne \u00een regim intensiv, respectiv bilingv \u00een unit\u0103\u0163ile de \u00eenv\u0103\u0163\u0103m\u00e2nt preuniversitar<\/a><\/li><li><a href=\"\/wp-content\/uploads\/2024\/01\/1_OM_4797_Regulament_intensive_bilingve.pdf\">O R D I N privind Regulamentul \u2013 cadru de organizare \u015fi func\u0163ionare a claselor cu predare a unei limbi moderne \u00een regim intensiv sau bilingv \u00een unit\u0103\u0163ile de \u00eenv\u0103\u0163\u0103m\u00e2nt preuniversitar<\/a><\/li><li><a href=\"\/wp-content\/uploads\/2024\/01\/3_Programa_scolara_Limba_moderna.pdf\">Programa \u0219colar\u0103 pentru disciplina LIMBA MODERN\u0102 CLASELE a III-a \u2013 a IV-a<\/a><\/li><li><a href=\"\/wp-content\/uploads\/2024\/01\/PROCEDURA_ILFOV_CLASA-aV-aINTENSIV-2022.pdf\">Procedura privind organizarea \u0219i desf\u0103\u0219urarea admiterii \u00een clasa a V-a<\/a><\/li><li><a href=\"\/wp-content\/uploads\/2024\/01\/PROCEDURA_ISJ_IF._ADMITERE_CLASA_A_a_V-a_INTENSIV_AN_SCOLAR_2022-2023_3.pdf\">Regulamentul \u2013 cadru de organizare \u0219i func\u021bionare a claselor cu predare a unei limbi moderne \u00een regim intensiv<\/a><\/li><\/ol>\t\t\t\t\t\t\t\t<\/div>\n\t\t\t\t<\/div>\n\t\t\t\t\t<\/div>\n\t\t\t\t<\/div>\n\t\t\t\t<\/div>\n\t\t","protected":false},"excerpt":{"rendered":"<p>Rezultatele finale la Testul de aptitudini Limba Englez\u0103 pentru \u00eenscriere \u00een clasa a V-a, an \u0219colar 2022-2023 cu predare intensiv Rezultatele contesta\u021biilor la Testul de aptitudini Limba Englez\u0103 pentru \u00eenscriere \u00een clasa a V-a, an \u0219colar 2022-2023 cu predare intensiv Rezultatele la Testul de aptitudini Limba Englez\u0103 pentru \u00eenscriere \u00een<span class=\"more-link\"><a href=\"https:\/\/scoalaioanbadescu.ro\/?page_id=2156\">Continue Reading<\/a><\/span><\/p>\n","protected":false},"author":2,"featured_media":0,"parent":0,"menu_order":0,"comment_status":"closed","ping_status":"closed","template":"","meta":{"footnotes":""},"class_list":["entry","author-cristian-ene","post-2156","page","type-page","status-publish"],"_links":{"self":[{"href":"https:\/\/scoalaioanbadescu.ro\/index.php?rest_route=\/wp\/v2\/pages\/2156","targetHints":{"allow":["GET"]}}],"collection":[{"href":"https:\/\/scoalaioanbadescu.ro\/index.php?rest_route=\/wp\/v2\/pages"}],"about":[{"href":"https:\/\/scoalaioanbadescu.ro\/index.php?rest_route=\/wp\/v2\/types\/page"}],"author":[{"embeddable":true,"href":"https:\/\/scoalaioanbadescu.ro\/index.php?rest_route=\/wp\/v2\/users\/2"}],"replies":[{"embeddable":true,"href":"https:\/\/scoalaioanbadescu.ro\/index.php?rest_route=%2Fwp%2Fv2%2Fcomments&post=2156"}],"version-history":[{"count":10,"href":"https:\/\/scoalaioanbadescu.ro\/index.php?rest_route=\/wp\/v2\/pages\/2156\/revisions"}],"predecessor-version":[{"id":3024,"href":"https:\/\/scoalaioanbadescu.ro\/index.php?rest_route=\/wp\/v2\/pages\/2156\/revisions\/3024"}],"wp:attachment":[{"href":"https:\/\/scoalaioanbadescu.ro\/index.php?rest_route=%2Fwp%2Fv2%2Fmedia&parent=2156"}],"curies":[{"name":"wp","href":"https:\/\/api.w.org\/{rel}","templated":true}]}}