{"id":2138,"date":"2024-01-21T17:26:56","date_gmt":"2024-01-21T17:26:56","guid":{"rendered":"https:\/\/scoalaioanbadescu.ro\/?page_id=2138"},"modified":"2024-01-23T15:17:21","modified_gmt":"2024-01-23T15:17:21","slug":"rezultatele-finale-la-testul-de-aptitudini-limba-engleza-pentru-inscriere-in-clasa-a-v-a-an-scolar-2022-2023-cu-predare-intensiv","status":"publish","type":"page","link":"https:\/\/scoalaioanbadescu.ro\/?page_id=2138","title":{"rendered":"Rezultatele finale la Testul de aptitudini Limba Englez\u0103 pentru \u00eenscriere \u00een clasa a V-a an \u0219colar 2022-2023 cu predare intensiv"},"content":{"rendered":"\n<figure class=\"wp-block-table\"><table><thead><tr><th class=\"has-text-align-center\" data-align=\"center\">Nr. Crt.<\/th><th class=\"has-text-align-center\" data-align=\"center\">COD CANDIDAT<\/th><th class=\"has-text-align-center\" data-align=\"center\">MEDIA LA EXAMEN<\/th><th class=\"has-text-align-center\" data-align=\"center\"> ADMIS\/RESPINS<\/th><\/tr><\/thead><tbody><tr><td class=\"has-text-align-center\" data-align=\"center\">1<\/td><td class=\"has-text-align-center\" data-align=\"center\">\u0218GIB1555<\/td><td class=\"has-text-align-center\" data-align=\"center\">10<\/td><td class=\"has-text-align-center\" data-align=\"center\">ADMIS<\/td><\/tr><tr><td class=\"has-text-align-center\" data-align=\"center\">2<\/td><td class=\"has-text-align-center\" data-align=\"center\">\u0218GIB1526<\/td><td class=\"has-text-align-center\" data-align=\"center\">10<\/td><td class=\"has-text-align-center\" data-align=\"center\">ADMIS<\/td><\/tr><tr><td class=\"has-text-align-center\" data-align=\"center\">3<\/td><td class=\"has-text-align-center\" data-align=\"center\">\u0218GIB1545<\/td><td class=\"has-text-align-center\" data-align=\"center\">10<\/td><td class=\"has-text-align-center\" data-align=\"center\">ADMIS<\/td><\/tr><tr><td class=\"has-text-align-center\" data-align=\"center\">4<\/td><td class=\"has-text-align-center\" data-align=\"center\">\u0218GIB1538<\/td><td class=\"has-text-align-center\" data-align=\"center\">10<\/td><td class=\"has-text-align-center\" data-align=\"center\">ADMIS<\/td><\/tr><tr><td class=\"has-text-align-center\" data-align=\"center\">5<\/td><td class=\"has-text-align-center\" data-align=\"center\">\u0218GIB1542<\/td><td class=\"has-text-align-center\" data-align=\"center\">10<\/td><td class=\"has-text-align-center\" data-align=\"center\">ADMIS<\/td><\/tr><tr><td class=\"has-text-align-center\" data-align=\"center\">6<\/td><td class=\"has-text-align-center\" data-align=\"center\">\u0218GIB1510<\/td><td class=\"has-text-align-center\" data-align=\"center\">10<\/td><td class=\"has-text-align-center\" data-align=\"center\">ADMIS<\/td><\/tr><tr><td class=\"has-text-align-center\" data-align=\"center\">7<\/td><td class=\"has-text-align-center\" data-align=\"center\">\u0218GIB1558<\/td><td class=\"has-text-align-center\" data-align=\"center\">10<\/td><td class=\"has-text-align-center\" data-align=\"center\">ADMIS<\/td><\/tr><tr><td class=\"has-text-align-center\" data-align=\"center\">8<\/td><td class=\"has-text-align-center\" data-align=\"center\">\u0218GIB1509<\/td><td class=\"has-text-align-center\" data-align=\"center\">9.8<\/td><td class=\"has-text-align-center\" data-align=\"center\">ADMIS<\/td><\/tr><tr><td class=\"has-text-align-center\" data-align=\"center\">9<\/td><td class=\"has-text-align-center\" data-align=\"center\">\u0218GIB1547<\/td><td class=\"has-text-align-center\" data-align=\"center\">9.8<\/td><td class=\"has-text-align-center\" data-align=\"center\">ADMIS<\/td><\/tr><tr><td class=\"has-text-align-center\" data-align=\"center\">10<\/td><td class=\"has-text-align-center\" data-align=\"center\">\u0218GIB1528<\/td><td class=\"has-text-align-center\" data-align=\"center\">9.7<\/td><td class=\"has-text-align-center\" data-align=\"center\">ADMIS<\/td><\/tr><tr><td class=\"has-text-align-center\" data-align=\"center\">11<\/td><td class=\"has-text-align-center\" data-align=\"center\">\u0218GIB1537<\/td><td class=\"has-text-align-center\" data-align=\"center\">9.7<\/td><td class=\"has-text-align-center\" data-align=\"center\">ADMIS<\/td><\/tr><tr><td class=\"has-text-align-center\" data-align=\"center\">12<\/td><td class=\"has-text-align-center\" data-align=\"center\">\u0218GIB1557<\/td><td class=\"has-text-align-center\" data-align=\"center\">9.7<\/td><td class=\"has-text-align-center\" data-align=\"center\">ADMIS<\/td><\/tr><tr><td class=\"has-text-align-center\" data-align=\"center\">13<\/td><td class=\"has-text-align-center\" data-align=\"center\">\u0218GIB1536<\/td><td class=\"has-text-align-center\" data-align=\"center\">9.7<\/td><td class=\"has-text-align-center\" data-align=\"center\">ADMIS<\/td><\/tr><tr><td class=\"has-text-align-center\" data-align=\"center\">14<\/td><td class=\"has-text-align-center\" data-align=\"center\">\u0218GIB1523<\/td><td class=\"has-text-align-center\" data-align=\"center\">9.6<\/td><td class=\"has-text-align-center\" data-align=\"center\">ADMIS<\/td><\/tr><tr><td class=\"has-text-align-center\" data-align=\"center\">15<\/td><td class=\"has-text-align-center\" data-align=\"center\">\u0218GIB1532<\/td><td class=\"has-text-align-center\" data-align=\"center\">9.5<\/td><td class=\"has-text-align-center\" data-align=\"center\">ADMIS<\/td><\/tr><tr><td class=\"has-text-align-center\" data-align=\"center\">16<\/td><td class=\"has-text-align-center\" data-align=\"center\">\u0218GIB1512<\/td><td class=\"has-text-align-center\" data-align=\"center\">9.5<\/td><td class=\"has-text-align-center\" data-align=\"center\">ADMIS<\/td><\/tr><tr><td class=\"has-text-align-center\" data-align=\"center\">17<\/td><td class=\"has-text-align-center\" data-align=\"center\">\u0218GIB1533<\/td><td class=\"has-text-align-center\" data-align=\"center\">9.5<\/td><td class=\"has-text-align-center\" data-align=\"center\">ADMIS<\/td><\/tr><tr><td class=\"has-text-align-center\" data-align=\"center\">18<\/td><td class=\"has-text-align-center\" data-align=\"center\">\u0218GIB1530<\/td><td class=\"has-text-align-center\" data-align=\"center\">9.5<\/td><td class=\"has-text-align-center\" data-align=\"center\">ADMIS<\/td><\/tr><tr><td class=\"has-text-align-center\" data-align=\"center\">19<\/td><td class=\"has-text-align-center\" data-align=\"center\">\u0218GIB1540<\/td><td class=\"has-text-align-center\" data-align=\"center\">9.3<\/td><td class=\"has-text-align-center\" data-align=\"center\">ADMIS<\/td><\/tr><tr><td class=\"has-text-align-center\" data-align=\"center\">20<\/td><td class=\"has-text-align-center\" data-align=\"center\">\u0218GIB1534<\/td><td class=\"has-text-align-center\" data-align=\"center\">9.2<\/td><td class=\"has-text-align-center\" data-align=\"center\">ADMIS<\/td><\/tr><tr><td class=\"has-text-align-center\" data-align=\"center\">21<\/td><td class=\"has-text-align-center\" data-align=\"center\">\u0218GIB1515<\/td><td class=\"has-text-align-center\" data-align=\"center\">9.2<\/td><td class=\"has-text-align-center\" data-align=\"center\">ADMIS<\/td><\/tr><tr><td class=\"has-text-align-center\" data-align=\"center\">22<\/td><td class=\"has-text-align-center\" data-align=\"center\">\u0218GIB1524<\/td><td class=\"has-text-align-center\" data-align=\"center\">9<\/td><td class=\"has-text-align-center\" data-align=\"center\">ADMIS<\/td><\/tr><tr><td class=\"has-text-align-center\" data-align=\"center\">23<\/td><td class=\"has-text-align-center\" data-align=\"center\">\u0218GIB1546<\/td><td class=\"has-text-align-center\" data-align=\"center\">8.9<\/td><td class=\"has-text-align-center\" data-align=\"center\">ADMIS<\/td><\/tr><tr><td class=\"has-text-align-center\" data-align=\"center\">24<\/td><td class=\"has-text-align-center\" data-align=\"center\">\u0218GIB1522<\/td><td class=\"has-text-align-center\" data-align=\"center\">8.9<\/td><td class=\"has-text-align-center\" data-align=\"center\">ADMIS<\/td><\/tr><tr><td class=\"has-text-align-center\" data-align=\"center\">25<\/td><td class=\"has-text-align-center\" data-align=\"center\">\u0218GIB1531<\/td><td class=\"has-text-align-center\" data-align=\"center\">8.7<\/td><td class=\"has-text-align-center\" data-align=\"center\">RESPINS<\/td><\/tr><tr><td class=\"has-text-align-center\" data-align=\"center\">26<\/td><td class=\"has-text-align-center\" data-align=\"center\">\u0218GIB1539<\/td><td class=\"has-text-align-center\" data-align=\"center\">8.7<\/td><td class=\"has-text-align-center\" data-align=\"center\">RESPINS<\/td><\/tr><tr><td class=\"has-text-align-center\" data-align=\"center\">27<\/td><td class=\"has-text-align-center\" data-align=\"center\">\u0218GIB1562<\/td><td class=\"has-text-align-center\" data-align=\"center\">8.6<\/td><td class=\"has-text-align-center\" data-align=\"center\">RESPINS<\/td><\/tr><tr><td class=\"has-text-align-center\" data-align=\"center\">28<\/td><td class=\"has-text-align-center\" data-align=\"center\">\u0218GIB1548<\/td><td class=\"has-text-align-center\" data-align=\"center\">8.6<\/td><td class=\"has-text-align-center\" data-align=\"center\">RESPINS<\/td><\/tr><tr><td class=\"has-text-align-center\" data-align=\"center\">29<\/td><td class=\"has-text-align-center\" data-align=\"center\">\u0218GIB1527<\/td><td class=\"has-text-align-center\" data-align=\"center\">8.6<\/td><td class=\"has-text-align-center\" data-align=\"center\">RESPINS<\/td><\/tr><tr><td class=\"has-text-align-center\" data-align=\"center\">30<\/td><td class=\"has-text-align-center\" data-align=\"center\">\u0218GIB1602<\/td><td class=\"has-text-align-center\" data-align=\"center\">8.5<\/td><td class=\"has-text-align-center\" data-align=\"center\">RESPINS<\/td><\/tr><tr><td class=\"has-text-align-center\" data-align=\"center\">31<\/td><td class=\"has-text-align-center\" data-align=\"center\">\u0218GIB1525<\/td><td class=\"has-text-align-center\" data-align=\"center\">8.5<\/td><td class=\"has-text-align-center\" data-align=\"center\">RESPINS<\/td><\/tr><tr><td class=\"has-text-align-center\" data-align=\"center\">32<\/td><td class=\"has-text-align-center\" data-align=\"center\">\u0218GIB1554<\/td><td class=\"has-text-align-center\" data-align=\"center\">8.5<\/td><td class=\"has-text-align-center\" data-align=\"center\">RESPINS<\/td><\/tr><tr><td class=\"has-text-align-center\" data-align=\"center\">33<\/td><td class=\"has-text-align-center\" data-align=\"center\">\u0218GIB1561<\/td><td class=\"has-text-align-center\" data-align=\"center\">8.4<\/td><td class=\"has-text-align-center\" data-align=\"center\">RESPINS<\/td><\/tr><tr><td class=\"has-text-align-center\" data-align=\"center\">34<\/td><td class=\"has-text-align-center\" data-align=\"center\">\u0218GIB1544<\/td><td class=\"has-text-align-center\" data-align=\"center\">8.4<\/td><td class=\"has-text-align-center\" data-align=\"center\">RESPINS<\/td><\/tr><tr><td class=\"has-text-align-center\" data-align=\"center\">35<\/td><td class=\"has-text-align-center\" data-align=\"center\">\u0218GIB1556<\/td><td class=\"has-text-align-center\" data-align=\"center\">8.3<\/td><td class=\"has-text-align-center\" data-align=\"center\">RESPINS<\/td><\/tr><tr><td class=\"has-text-align-center\" data-align=\"center\">36<\/td><td class=\"has-text-align-center\" data-align=\"center\">\u0218GIB1513<\/td><td class=\"has-text-align-center\" data-align=\"center\">8.1<\/td><td class=\"has-text-align-center\" data-align=\"center\">RESPINS<\/td><\/tr><tr><td class=\"has-text-align-center\" data-align=\"center\">37<\/td><td class=\"has-text-align-center\" data-align=\"center\">\u0218GIB1543<\/td><td class=\"has-text-align-center\" data-align=\"center\">8.1<\/td><td class=\"has-text-align-center\" data-align=\"center\">RESPINS<\/td><\/tr><tr><td class=\"has-text-align-center\" data-align=\"center\">38<\/td><td class=\"has-text-align-center\" data-align=\"center\">\u0218GIB1514<\/td><td class=\"has-text-align-center\" data-align=\"center\">7.9<\/td><td class=\"has-text-align-center\" data-align=\"center\">RESPINS<\/td><\/tr><tr><td class=\"has-text-align-center\" data-align=\"center\">39<\/td><td class=\"has-text-align-center\" data-align=\"center\">\u0218GIB1529<\/td><td class=\"has-text-align-center\" data-align=\"center\">7.6<\/td><td class=\"has-text-align-center\" data-align=\"center\">RESPINS<\/td><\/tr><tr><td class=\"has-text-align-center\" data-align=\"center\">40<\/td><td class=\"has-text-align-center\" data-align=\"center\">\u0218GIB1541<\/td><td class=\"has-text-align-center\" data-align=\"center\">6.9<\/td><td class=\"has-text-align-center\" data-align=\"center\">RESPINS<\/td><\/tr><tr><td class=\"has-text-align-center\" data-align=\"center\">41<\/td><td class=\"has-text-align-center\" data-align=\"center\">\u0218GIB1593<\/td><td class=\"has-text-align-center\" data-align=\"center\">6.3<\/td><td class=\"has-text-align-center\" data-align=\"center\">RESPINS<\/td><\/tr><tr><td class=\"has-text-align-center\" data-align=\"center\">42<\/td><td class=\"has-text-align-center\" data-align=\"center\">\u0218GIB1535<\/td><td class=\"has-text-align-center\" data-align=\"center\">5<\/td><td class=\"has-text-align-center\" data-align=\"center\">RESPINS<\/td><\/tr><tr><td class=\"has-text-align-center\" data-align=\"center\">43<\/td><td class=\"has-text-align-center\" data-align=\"center\">\u0218GIB1560<\/td><td class=\"has-text-align-center\" data-align=\"center\">3.6<\/td><td class=\"has-text-align-center\" data-align=\"center\">RESPINS<\/td><\/tr><tr><td class=\"has-text-align-center\" data-align=\"center\">44<\/td><td class=\"has-text-align-center\" data-align=\"center\">\u0218GIB1559<\/td><td class=\"has-text-align-center\" data-align=\"center\">1.8<\/td><td class=\"has-text-align-center\" data-align=\"center\">RESPINS<\/td><\/tr><\/tbody><\/table><\/figure>\n\n\n\n<p><\/p>\n\n\n\n<p>* Rezultatele la Testul de aptitudini Limba Englez\u0103 pentru \u00eenscriere \u00een clasa a V-a an \u0219colar 2022-2023 cu predare intensiv dup\u0103 contesta\u021bii<\/p>\n\n\n\n<figure class=\"wp-block-table\"><table><thead><tr><th class=\"has-text-align-center\" data-align=\"center\">Nr. crt.<\/th><th class=\"has-text-align-center\" data-align=\"center\">COD CANDIDAT<\/th><th class=\"has-text-align-center\" data-align=\"center\">MEDIA LA EXAMEN<\/th><\/tr><\/thead><tbody><tr><td class=\"has-text-align-center\" data-align=\"center\">1<\/td><td class=\"has-text-align-center\" data-align=\"center\">\u0218GIB1548<\/td><td class=\"has-text-align-center\" data-align=\"center\">8.6<\/td><\/tr><tr><td class=\"has-text-align-center\" data-align=\"center\">2<\/td><td class=\"has-text-align-center\" data-align=\"center\">\u0218GIB1527<\/td><td class=\"has-text-align-center\" data-align=\"center\">8.6<\/td><\/tr><tr><td class=\"has-text-align-center\" data-align=\"center\">3<\/td><td class=\"has-text-align-center\" data-align=\"center\">\u0218GIB1562<\/td><td class=\"has-text-align-center\" data-align=\"center\">8.6<\/td><\/tr><tr><td class=\"has-text-align-center\" data-align=\"center\">4<\/td><td class=\"has-text-align-center\" data-align=\"center\">\u0218GIB1561<\/td><td class=\"has-text-align-center\" data-align=\"center\">8.4<\/td><\/tr><tr><td class=\"has-text-align-center\" data-align=\"center\">5<\/td><td class=\"has-text-align-center\" data-align=\"center\">\u0218GIB1544<\/td><td class=\"has-text-align-center\" data-align=\"center\">8.4<\/td><\/tr><\/tbody><\/table><\/figure>\n","protected":false},"excerpt":{"rendered":"<p>Nr. Crt. COD CANDIDAT MEDIA LA EXAMEN ADMIS\/RESPINS 1 \u0218GIB1555 10 ADMIS 2 \u0218GIB1526 10 ADMIS 3 \u0218GIB1545 10 ADMIS 4 \u0218GIB1538 10 ADMIS 5 \u0218GIB1542 10 ADMIS 6 \u0218GIB1510 10 ADMIS 7 \u0218GIB1558 10 ADMIS 8 \u0218GIB1509 9.8 ADMIS 9 \u0218GIB1547 9.8 ADMIS 10 \u0218GIB1528 9.7 ADMIS 11 \u0218GIB1537<span class=\"more-link\"><a href=\"https:\/\/scoalaioanbadescu.ro\/?page_id=2138\">Continue Reading<\/a><\/span><\/p>\n","protected":false},"author":2,"featured_media":0,"parent":0,"menu_order":0,"comment_status":"closed","ping_status":"closed","template":"","meta":{"footnotes":""},"class_list":["entry","author-cristian-ene","post-2138","page","type-page","status-publish"],"_links":{"self":[{"href":"https:\/\/scoalaioanbadescu.ro\/index.php?rest_route=\/wp\/v2\/pages\/2138","targetHints":{"allow":["GET"]}}],"collection":[{"href":"https:\/\/scoalaioanbadescu.ro\/index.php?rest_route=\/wp\/v2\/pages"}],"about":[{"href":"https:\/\/scoalaioanbadescu.ro\/index.php?rest_route=\/wp\/v2\/types\/page"}],"author":[{"embeddable":true,"href":"https:\/\/scoalaioanbadescu.ro\/index.php?rest_route=\/wp\/v2\/users\/2"}],"replies":[{"embeddable":true,"href":"https:\/\/scoalaioanbadescu.ro\/index.php?rest_route=%2Fwp%2Fv2%2Fcomments&post=2138"}],"version-history":[{"count":3,"href":"https:\/\/scoalaioanbadescu.ro\/index.php?rest_route=\/wp\/v2\/pages\/2138\/revisions"}],"predecessor-version":[{"id":2146,"href":"https:\/\/scoalaioanbadescu.ro\/index.php?rest_route=\/wp\/v2\/pages\/2138\/revisions\/2146"}],"wp:attachment":[{"href":"https:\/\/scoalaioanbadescu.ro\/index.php?rest_route=%2Fwp%2Fv2%2Fmedia&parent=2138"}],"curies":[{"name":"wp","href":"https:\/\/api.w.org\/{rel}","templated":true}]}}