{"id":2111,"date":"2024-01-21T17:04:31","date_gmt":"2024-01-21T17:04:31","guid":{"rendered":"https:\/\/scoalaioanbadescu.ro\/?page_id=2111"},"modified":"2024-02-16T17:19:04","modified_gmt":"2024-02-16T17:19:04","slug":"admitere-201920","status":"publish","type":"page","link":"https:\/\/scoalaioanbadescu.ro\/?page_id=2111","title":{"rendered":"Admitere 201920"},"content":{"rendered":"\t\t<div data-elementor-type=\"wp-page\" data-elementor-id=\"2111\" class=\"elementor elementor-2111\">\n\t\t\t\t<div class=\"elementor-element elementor-element-f24e7c0 e-flex e-con-boxed e-con e-parent\" data-id=\"f24e7c0\" data-element_type=\"container\">\n\t\t\t\t\t<div class=\"e-con-inner\">\n\t\t\t\t<div class=\"elementor-element elementor-element-2faf1e0 elementor-widget elementor-widget-text-editor\" data-id=\"2faf1e0\" data-element_type=\"widget\" data-widget_type=\"text-editor.default\">\n\t\t\t\t<div class=\"elementor-widget-container\">\n\t\t\t\t\t\t\t\t\t<ol><li><a href=\"\/wp-content\/uploads\/2024\/01\/ANUNT_INTENSIV_LEN_pe_site_2020.pdf\">ANUN\u0162 &#8211; Testarea cuno\u0219tin\u021belor de limba englez\u0103 \u00een vederea \u00eenscrierii \u00een anul \u0219colar 2020-2021 \u00een clasa a V-a<\/a><\/li><li><a href=\"\/wp-content\/uploads\/2024\/01\/PO_ADMITERE__CLASA_a-V-a_cu_predare_a_unei_limbi_moderne.pdf\" target=\"_blank\" rel=\"noopener\">Procedura MEC nr. 31\/11.06.2020 privind organizarea si desfasurarea testului<\/a><\/li><li><a href=\"https:\/\/legislatie.just.ro\/Public\/DetaliiDocument\/226665\" target=\"_blank\" rel=\"noopener\">ORDIN nr. 4.461 din 4 iunie 2020<\/a><\/li><\/ol>\t\t\t\t\t\t\t\t<\/div>\n\t\t\t\t<\/div>\n\t\t\t\t\t<\/div>\n\t\t\t\t<\/div>\n\t\t\t\t<\/div>\n\t\t","protected":false},"excerpt":{"rendered":"<p>ANUN\u0162 &#8211; Testarea cuno\u0219tin\u021belor de limba englez\u0103 \u00een vederea \u00eenscrierii \u00een anul \u0219colar 2020-2021 \u00een clasa a V-a Procedura MEC nr. 31\/11.06.2020 privind organizarea si desfasurarea testului ORDIN nr. 4.461 din 4 iunie 2020<span class=\"more-link\"><a href=\"https:\/\/scoalaioanbadescu.ro\/?page_id=2111\">Continue Reading<\/a><\/span><\/p>\n","protected":false},"author":2,"featured_media":0,"parent":0,"menu_order":0,"comment_status":"closed","ping_status":"closed","template":"","meta":{"footnotes":""},"class_list":["entry","author-cristian-ene","post-2111","page","type-page","status-publish"],"_links":{"self":[{"href":"https:\/\/scoalaioanbadescu.ro\/index.php?rest_route=\/wp\/v2\/pages\/2111","targetHints":{"allow":["GET"]}}],"collection":[{"href":"https:\/\/scoalaioanbadescu.ro\/index.php?rest_route=\/wp\/v2\/pages"}],"about":[{"href":"https:\/\/scoalaioanbadescu.ro\/index.php?rest_route=\/wp\/v2\/types\/page"}],"author":[{"embeddable":true,"href":"https:\/\/scoalaioanbadescu.ro\/index.php?rest_route=\/wp\/v2\/users\/2"}],"replies":[{"embeddable":true,"href":"https:\/\/scoalaioanbadescu.ro\/index.php?rest_route=%2Fwp%2Fv2%2Fcomments&post=2111"}],"version-history":[{"count":10,"href":"https:\/\/scoalaioanbadescu.ro\/index.php?rest_route=\/wp\/v2\/pages\/2111\/revisions"}],"predecessor-version":[{"id":3017,"href":"https:\/\/scoalaioanbadescu.ro\/index.php?rest_route=\/wp\/v2\/pages\/2111\/revisions\/3017"}],"wp:attachment":[{"href":"https:\/\/scoalaioanbadescu.ro\/index.php?rest_route=%2Fwp%2Fv2%2Fmedia&parent=2111"}],"curies":[{"name":"wp","href":"https:\/\/api.w.org\/{rel}","templated":true}]}}