{"id":2100,"date":"2024-01-21T16:59:19","date_gmt":"2024-01-21T16:59:19","guid":{"rendered":"https:\/\/scoalaioanbadescu.ro\/?page_id=2100"},"modified":"2024-02-16T17:19:04","modified_gmt":"2024-02-16T17:19:04","slug":"admitere-20189","status":"publish","type":"page","link":"https:\/\/scoalaioanbadescu.ro\/?page_id=2100","title":{"rendered":"Admitere 20189"},"content":{"rendered":"\t\t<div data-elementor-type=\"wp-page\" data-elementor-id=\"2100\" class=\"elementor elementor-2100\">\n\t\t\t\t<div class=\"elementor-element elementor-element-f648441 e-con-full e-flex e-con e-parent\" data-id=\"f648441\" data-element_type=\"container\">\n\t\t\t\t<div class=\"elementor-element elementor-element-b5cb0a2 elementor-widget elementor-widget-text-editor\" data-id=\"b5cb0a2\" data-element_type=\"widget\" data-widget_type=\"text-editor.default\">\n\t\t\t\t<div class=\"elementor-widget-container\">\n\t\t\t\t\t\t\t\t\t<ol><li><a href=\"\/wp-content\/uploads\/2024\/01\/cerere-inscriere-engleza-intensiv_2019-2020.pdf\" target=\"_blank\" rel=\"noopener\">Cerere \u00eenscriere la Testul de aptitudini Limba Englez\u0103 pentru clasa a V-a<\/a><\/li><li><a href=\"\/wp-content\/uploads\/2024\/01\/cerere-echivalare_IV.pdf\" target=\"_blank\" rel=\"noopener\">Cererea de recunoa\u015ftere \u015fi echivalare a rezultatelor ob\u0163inute la examene cu recunoa\u0219tere interna\u021bional\u0103<\/a><\/li><li><a href=\"\/wp-content\/uploads\/2024\/01\/Programa_Examenului_de_limba_engleza-_LEN_Clasa_a_IV_a_2019.pdf\">Programa Examenului de limba engleza la sf\u00e2r\u0219itul Clasei a IV-a pentru Clasa a V-a Intensiv LEN<\/a><\/li><li><a href=\"\/wp-content\/uploads\/2024\/01\/Procedura_MEN_-_Test_admitere_cls._V_intensiv.pdf\">Procedura MEN nr. 32530\/27.05.2019 privind organizarea si desfasurarea testului<\/a><\/li><li><a href=\"\/wp-content\/uploads\/2024\/01\/calendar__LEN_2019.pdf\">Calendarul sus\u021binerii testului de aptitudini Limba Englez\u0103 \u2013 Clasa a IV-a 2019<\/a><\/li><\/ol>\t\t\t\t\t\t\t\t<\/div>\n\t\t\t\t<\/div>\n\t\t\t\t<\/div>\n\t\t\t\t<\/div>\n\t\t","protected":false},"excerpt":{"rendered":"<p>Cerere \u00eenscriere la Testul de aptitudini Limba Englez\u0103 pentru clasa a V-a Cererea de recunoa\u015ftere \u015fi echivalare a rezultatelor ob\u0163inute la examene cu recunoa\u0219tere interna\u021bional\u0103 Programa Examenului de limba engleza la sf\u00e2r\u0219itul Clasei a IV-a pentru Clasa a V-a Intensiv LEN Procedura MEN nr. 32530\/27.05.2019 privind organizarea si desfasurarea testului<span class=\"more-link\"><a href=\"https:\/\/scoalaioanbadescu.ro\/?page_id=2100\">Continue Reading<\/a><\/span><\/p>\n","protected":false},"author":2,"featured_media":0,"parent":0,"menu_order":0,"comment_status":"closed","ping_status":"closed","template":"","meta":{"footnotes":""},"class_list":["entry","author-cristian-ene","post-2100","page","type-page","status-publish"],"_links":{"self":[{"href":"https:\/\/scoalaioanbadescu.ro\/index.php?rest_route=\/wp\/v2\/pages\/2100","targetHints":{"allow":["GET"]}}],"collection":[{"href":"https:\/\/scoalaioanbadescu.ro\/index.php?rest_route=\/wp\/v2\/pages"}],"about":[{"href":"https:\/\/scoalaioanbadescu.ro\/index.php?rest_route=\/wp\/v2\/types\/page"}],"author":[{"embeddable":true,"href":"https:\/\/scoalaioanbadescu.ro\/index.php?rest_route=\/wp\/v2\/users\/2"}],"replies":[{"embeddable":true,"href":"https:\/\/scoalaioanbadescu.ro\/index.php?rest_route=%2Fwp%2Fv2%2Fcomments&post=2100"}],"version-history":[{"count":10,"href":"https:\/\/scoalaioanbadescu.ro\/index.php?rest_route=\/wp\/v2\/pages\/2100\/revisions"}],"predecessor-version":[{"id":3014,"href":"https:\/\/scoalaioanbadescu.ro\/index.php?rest_route=\/wp\/v2\/pages\/2100\/revisions\/3014"}],"wp:attachment":[{"href":"https:\/\/scoalaioanbadescu.ro\/index.php?rest_route=%2Fwp%2Fv2%2Fmedia&parent=2100"}],"curies":[{"name":"wp","href":"https:\/\/api.w.org\/{rel}","templated":true}]}}