{"id":2082,"date":"2024-01-21T16:50:14","date_gmt":"2024-01-21T16:50:14","guid":{"rendered":"https:\/\/scoalaioanbadescu.ro\/?page_id=2082"},"modified":"2024-02-16T17:19:07","modified_gmt":"2024-02-16T17:19:07","slug":"prsa-2022-2023","status":"publish","type":"page","link":"https:\/\/scoalaioanbadescu.ro\/?page_id=2082","title":{"rendered":"PRSA 2022-2023"},"content":{"rendered":"\t\t<div data-elementor-type=\"wp-page\" data-elementor-id=\"2082\" class=\"elementor elementor-2082\">\n\t\t\t\t<div class=\"elementor-element elementor-element-f1e47a8 e-flex e-con-boxed e-con e-parent\" data-id=\"f1e47a8\" data-element_type=\"container\">\n\t\t\t\t\t<div class=\"e-con-inner\">\n\t\t\t\t<div class=\"elementor-element elementor-element-bd863dc elementor-widget elementor-widget-text-editor\" data-id=\"bd863dc\" data-element_type=\"widget\" data-widget_type=\"text-editor.default\">\n\t\t\t\t<div class=\"elementor-widget-container\">\n\t\t\t\t\t\t\t\t\t<p>La \u0218coala Gimnazial\u0103 \u201eIoan B\u0103descu\u201d Programul Na\u021bional \u201e\u0218coala altfel\u201d se desf\u0103\u0219oar\u0103 \u00een perioada 13-17 Martie 2023.<\/p>\t\t\t\t\t\t\t\t<\/div>\n\t\t\t\t<\/div>\n\t\t\t\t<div class=\"elementor-element elementor-element-6a85d6d elementor-widget elementor-widget-spacer\" data-id=\"6a85d6d\" data-element_type=\"widget\" data-widget_type=\"spacer.default\">\n\t\t\t\t<div class=\"elementor-widget-container\">\n\t\t\t\t\t\t\t<div class=\"elementor-spacer\">\n\t\t\t<div class=\"elementor-spacer-inner\"><\/div>\n\t\t<\/div>\n\t\t\t\t\t\t<\/div>\n\t\t\t\t<\/div>\n\t\t\t\t\t<\/div>\n\t\t\t\t<\/div>\n\t\t<div class=\"elementor-element elementor-element-b2d0697 e-flex e-con-boxed e-con e-parent\" data-id=\"b2d0697\" data-element_type=\"container\">\n\t\t\t\t\t<div class=\"e-con-inner\">\n\t\t\t\t<div class=\"elementor-element elementor-element-2fcc16d elementor-widget elementor-widget-heading\" data-id=\"2fcc16d\" data-element_type=\"widget\" data-widget_type=\"heading.default\">\n\t\t\t\t<div class=\"elementor-widget-container\">\n\t\t\t\t\t<h1 class=\"elementor-heading-title elementor-size-default\">Activit\u0103\u021bile desf\u0103\u0219urate \u00een cadrul Programului Na\u021bional \u201e\u0218coala altfel\u201d<\/h1>\t\t\t\t<\/div>\n\t\t\t\t<\/div>\n\t\t\t\t<div class=\"elementor-element elementor-element-01f7249 elementor-widget elementor-widget-spacer\" data-id=\"01f7249\" data-element_type=\"widget\" data-widget_type=\"spacer.default\">\n\t\t\t\t<div class=\"elementor-widget-container\">\n\t\t\t\t\t\t\t<div class=\"elementor-spacer\">\n\t\t\t<div class=\"elementor-spacer-inner\"><\/div>\n\t\t<\/div>\n\t\t\t\t\t\t<\/div>\n\t\t\t\t<\/div>\n\t\t\t\t<div class=\"elementor-element elementor-element-ce0220a elementor-widget elementor-widget-text-editor\" data-id=\"ce0220a\" data-element_type=\"widget\" data-widget_type=\"text-editor.default\">\n\t\t\t\t<div class=\"elementor-widget-container\">\n\t\t\t\t\t\t\t\t\t<p><a href=\"\/wp-content\/uploads\/2024\/01\/prescolar_2022-2023.pdf\" target=\"_blank\" rel=\"noopener\">Planificare activitati \u201eScoala Altfel\u201d: PRE\u0218COLAR<\/a><\/p><p><a href=\"\/wp-content\/uploads\/2024\/01\/primar_2022-2023.pdf\" target=\"_blank\" rel=\"noopener\">Planificare activitati \u201eScoala Altfel\u201d: PRIMAR<\/a><\/p><p><a href=\"\/wp-content\/uploads\/2024\/01\/gimnaziu_2022-2023.pdf\" target=\"_blank\" rel=\"noopener\">Planificare activitati \u201eScoala Altfel\u201d: GIMNAZIAL<\/a><\/p>\t\t\t\t\t\t\t\t<\/div>\n\t\t\t\t<\/div>\n\t\t\t\t\t<\/div>\n\t\t\t\t<\/div>\n\t\t\t\t<\/div>\n\t\t","protected":false},"excerpt":{"rendered":"<p>La \u0218coala Gimnazial\u0103 \u201eIoan B\u0103descu\u201d Programul Na\u021bional \u201e\u0218coala altfel\u201d se desf\u0103\u0219oar\u0103 \u00een perioada 13-17 Martie 2023. Activit\u0103\u021bile desf\u0103\u0219urate \u00een cadrul Programului Na\u021bional \u201e\u0218coala altfel\u201d Planificare activitati \u201eScoala Altfel\u201d: PRE\u0218COLAR Planificare activitati \u201eScoala Altfel\u201d: PRIMAR Planificare activitati \u201eScoala Altfel\u201d: GIMNAZIAL<span class=\"more-link\"><a href=\"https:\/\/scoalaioanbadescu.ro\/?page_id=2082\">Continue Reading<\/a><\/span><\/p>\n","protected":false},"author":2,"featured_media":0,"parent":0,"menu_order":0,"comment_status":"closed","ping_status":"closed","template":"","meta":{"footnotes":""},"class_list":["entry","author-cristian-ene","post-2082","page","type-page","status-publish"],"_links":{"self":[{"href":"https:\/\/scoalaioanbadescu.ro\/index.php?rest_route=\/wp\/v2\/pages\/2082","targetHints":{"allow":["GET"]}}],"collection":[{"href":"https:\/\/scoalaioanbadescu.ro\/index.php?rest_route=\/wp\/v2\/pages"}],"about":[{"href":"https:\/\/scoalaioanbadescu.ro\/index.php?rest_route=\/wp\/v2\/types\/page"}],"author":[{"embeddable":true,"href":"https:\/\/scoalaioanbadescu.ro\/index.php?rest_route=\/wp\/v2\/users\/2"}],"replies":[{"embeddable":true,"href":"https:\/\/scoalaioanbadescu.ro\/index.php?rest_route=%2Fwp%2Fv2%2Fcomments&post=2082"}],"version-history":[{"count":10,"href":"https:\/\/scoalaioanbadescu.ro\/index.php?rest_route=\/wp\/v2\/pages\/2082\/revisions"}],"predecessor-version":[{"id":3008,"href":"https:\/\/scoalaioanbadescu.ro\/index.php?rest_route=\/wp\/v2\/pages\/2082\/revisions\/3008"}],"wp:attachment":[{"href":"https:\/\/scoalaioanbadescu.ro\/index.php?rest_route=%2Fwp%2Fv2%2Fmedia&parent=2082"}],"curies":[{"name":"wp","href":"https:\/\/api.w.org\/{rel}","templated":true}]}}