{"id":1964,"date":"2024-01-21T15:13:47","date_gmt":"2024-01-21T15:13:47","guid":{"rendered":"https:\/\/scoalaioanbadescu.ro\/?page_id=1964"},"modified":"2024-02-16T17:19:05","modified_gmt":"2024-02-16T17:19:05","slug":"cda-anul-scolar-2017-2018","status":"publish","type":"page","link":"https:\/\/scoalaioanbadescu.ro\/?page_id=1964","title":{"rendered":"CDA Anul \u0218colar 2017-2018"},"content":{"rendered":"\t\t<div data-elementor-type=\"wp-page\" data-elementor-id=\"1964\" class=\"elementor elementor-1964\">\n\t\t\t\t<div class=\"elementor-element elementor-element-0dc3edf e-flex e-con-boxed e-con e-parent\" data-id=\"0dc3edf\" data-element_type=\"container\">\n\t\t\t\t\t<div class=\"e-con-inner\">\n\t\t\t\t<div class=\"elementor-element elementor-element-010c3f3 elementor-widget elementor-widget-text-editor\" data-id=\"010c3f3\" data-element_type=\"widget\" data-widget_type=\"text-editor.default\">\n\t\t\t\t<div class=\"elementor-widget-container\">\n\t\t\t\t\t\t\t\t\t<p><b>Pre\u0219edinte<\/b>: Coman Angelica<\/p>\n<p><b>Membri<\/b><\/p>\n<ul>\n<li>Ungureanu Marilena<\/li>\n<li>V\u0103g\u00eei Cornelia Gabriela<\/li>\n<li>Barbu Felicia Mariana<\/li>\n<li>Reprezentan\u021bi Consiliu Local \u2013 Oncu\u0163a Elena \u015fi Cazacu Silviu<\/li>\n<li>Reprezentant Primar \u2013 Anghel C\u0103t\u0103lin<\/li>\n<li>Reprezentan\u021bi Asocia\u021bia de P\u0103rin\u021bi- Matei Simona \u015fi Dumitrache Florentina<\/li>\n<\/ul>\n<p><b>Membri f\u0103r\u0103 drept de vot<\/b><\/p>\n<ul>\n<li>Secretar- Burcin Angelica<\/li>\n<li>Lider de sindicat \u2013 T\u00eern\u0103cop Florentina<\/li>\n<li>Reprezentant Consiliul Elevilor: Tudose Diana Alexandra<\/li>\n<li>Invitat- Ungureanu Mihaela Monica<\/li>\n<\/ul>\t\t\t\t\t\t\t\t<\/div>\n\t\t\t\t<\/div>\n\t\t\t\t\t<\/div>\n\t\t\t\t<\/div>\n\t\t\t\t<\/div>\n\t\t","protected":false},"excerpt":{"rendered":"<p>Pre\u0219edinte: Coman Angelica Membri Ungureanu Marilena V\u0103g\u00eei Cornelia Gabriela Barbu Felicia Mariana Reprezentan\u021bi Consiliu Local \u2013 Oncu\u0163a Elena \u015fi Cazacu Silviu Reprezentant Primar \u2013 Anghel C\u0103t\u0103lin Reprezentan\u021bi Asocia\u021bia de P\u0103rin\u021bi- Matei Simona \u015fi Dumitrache Florentina Membri f\u0103r\u0103 drept de vot Secretar- Burcin Angelica Lider de sindicat \u2013 T\u00eern\u0103cop Florentina Reprezentant<span class=\"more-link\"><a href=\"https:\/\/scoalaioanbadescu.ro\/?page_id=1964\">Continue Reading<\/a><\/span><\/p>\n","protected":false},"author":2,"featured_media":0,"parent":0,"menu_order":0,"comment_status":"closed","ping_status":"closed","template":"","meta":{"footnotes":""},"class_list":["entry","author-cristian-ene","post-1964","page","type-page","status-publish"],"_links":{"self":[{"href":"https:\/\/scoalaioanbadescu.ro\/index.php?rest_route=\/wp\/v2\/pages\/1964","targetHints":{"allow":["GET"]}}],"collection":[{"href":"https:\/\/scoalaioanbadescu.ro\/index.php?rest_route=\/wp\/v2\/pages"}],"about":[{"href":"https:\/\/scoalaioanbadescu.ro\/index.php?rest_route=\/wp\/v2\/types\/page"}],"author":[{"embeddable":true,"href":"https:\/\/scoalaioanbadescu.ro\/index.php?rest_route=\/wp\/v2\/users\/2"}],"replies":[{"embeddable":true,"href":"https:\/\/scoalaioanbadescu.ro\/index.php?rest_route=%2Fwp%2Fv2%2Fcomments&post=1964"}],"version-history":[{"count":4,"href":"https:\/\/scoalaioanbadescu.ro\/index.php?rest_route=\/wp\/v2\/pages\/1964\/revisions"}],"predecessor-version":[{"id":1971,"href":"https:\/\/scoalaioanbadescu.ro\/index.php?rest_route=\/wp\/v2\/pages\/1964\/revisions\/1971"}],"wp:attachment":[{"href":"https:\/\/scoalaioanbadescu.ro\/index.php?rest_route=%2Fwp%2Fv2%2Fmedia&parent=1964"}],"curies":[{"name":"wp","href":"https:\/\/api.w.org\/{rel}","templated":true}]}}