{"id":1959,"date":"2024-01-21T15:11:31","date_gmt":"2024-01-21T15:11:31","guid":{"rendered":"https:\/\/scoalaioanbadescu.ro\/?page_id=1959"},"modified":"2024-02-16T17:19:05","modified_gmt":"2024-02-16T17:19:05","slug":"cdl-anul-scolar-2018-2019","status":"publish","type":"page","link":"https:\/\/scoalaioanbadescu.ro\/?page_id=1959","title":{"rendered":"CDL Anul \u0218colar 2018-2019"},"content":{"rendered":"\t\t<div data-elementor-type=\"wp-page\" data-elementor-id=\"1959\" class=\"elementor elementor-1959\">\n\t\t\t\t<div class=\"elementor-element elementor-element-bbaf75d e-flex e-con-boxed e-con e-parent\" data-id=\"bbaf75d\" data-element_type=\"container\">\n\t\t\t\t\t<div class=\"e-con-inner\">\n\t\t<div class=\"elementor-element elementor-element-4a35c34 e-flex e-con-boxed e-con e-child\" data-id=\"4a35c34\" data-element_type=\"container\">\n\t\t\t\t\t<div class=\"e-con-inner\">\n\t\t\t\t<div class=\"elementor-element elementor-element-7022910 elementor-widget elementor-widget-text-editor\" data-id=\"7022910\" data-element_type=\"widget\" data-widget_type=\"text-editor.default\">\n\t\t\t\t<div class=\"elementor-widget-container\">\n\t\t\t\t\t\t\t\t\t<h3>Comisia Metodic\u0103 a educatoarelor<\/h3><ul><li>Ungureanu Monica- Responsabil<\/li><li>Cazone Ancu\u021ba M\u0103d\u0103lina<\/li><\/ul><h3>Comisia metodic\u0103 a \u00eenv\u0103\u0163\u0103torilor<\/h3><ul><li>Responsabil \u2013 Barbu Felicia Mariana<\/li><li>Aldea Eugenia<\/li><li>T\u00eern\u0103cop Florentina<\/li><li>Burcin Angelica<\/li><li>Racheru Daniela<\/li><li>Stoica Roxana Daniela<\/li><li>Vincene Ana Maria<\/li><li>Diaconescu Elena<\/li><li>Cioltei Maria<\/li><li>Ionescu Florentina<\/li><li>Neac\u0219u Petru\u021ba<\/li><li>Casapu Steliana Vasilica<\/li><li>Copil Lidia<\/li><li>Popa Ionela<\/li><li>Florea Viorica<\/li><\/ul><h3>Comisia dirigin\u0163ilor<\/h3><ul><li>Responsabil \u2013 Bondar Ancuta<\/li><li>Stratulat Cristina Amelia<\/li><li>Petre Maria<\/li><li>V\u0103g\u00eei Cornelia Gabriela<\/li><li>Ungureanu Marilena<\/li><li>Vincene M\u0103d\u0103lina<\/li><li>Iancu Adina<\/li><li>Muntean Jeni Gabriela<\/li><\/ul><h3>Comisia metodic\u0103 a ariei curriculare Limb\u0103, comunicare, arte \u0219i sport<\/h3><ul><li>Responsabil \u2013 Ungureanu Marilena<\/li><li>Vincene M\u0103d\u0103lina<\/li><li>Iordache Cosma<\/li><li>Pisic\u0103 Florin Mihai<\/li><li>Gunciu Roberto Florentin<\/li><li>Plea\u0219u Evelina<\/li><li>Terteleac Ana Maria Alexandra<\/li><\/ul><h3>Comisia metodic\u0103 de limbi moderne<\/h3><ul><li>Responsabil: Prof. Petre Maria<\/li><li>Ciobanu Cristina<\/li><li>Cace C\u0103t\u0103lina Ioana<\/li><li>Popescu Gina<\/li><li>Coman Angelica<\/li><\/ul><h3>Comisia metodic\u0103 a ariei curriculare Matematic\u0103, \u015ftiin\u0163e \u0219i tehnologie<\/h3><ul><li>Responsabil \u2013 Stratulat Cristina Amelia<\/li><li>Muntean Jeni Gabriela<\/li><li>Manea Leontina<\/li><li>V\u0103g\u00eei Cornelia Gabriela<\/li><li>Iancu Adina<\/li><\/ul><h3>Comisia metodic\u0103 a ariei curriculare Om \u015fi societate<\/h3><ul><li>Responsabil \u2013 Ardeleanu Mihaela<\/li><li>Pisic\u0103 Florin Mihai<\/li><li>Plea\u0219u Evelina<\/li><li>Simion Florica<\/li><li>Bondar Ancu\u021ba<\/li><li>Condac Victori\u021ba<\/li><\/ul><h2>Comisii cu caracter permanent:<\/h2><h3>Comisia pentru curriculum<\/h3><ul><li>Pre\u0219edinte &#8211; Coman Angelica<\/li><li>Ungureanu Mihaela Monica<\/li><li>Barbu Felicia Mariana<\/li><li>Ungureanu Marilena<\/li><li>Ardeleanu Mihaela<\/li><li>Stratulat Cristina Amelia<\/li><li>Bondar Ancu\u021ba<\/li><li>Petre Maria<\/li><li>Coordonator pentru proiecte \u0219i programe educative \u0219colare \u0219i extra\u0219colare- Bondar Ancuta<\/li><li>Colaborator Consiliul Elevilor: Bondar Ancu\u021ba<\/li><\/ul><h3>Comisia de securitate \u015fi s\u0103n\u0103tate \u00een munc\u0103 \u0219i pentru situa\u021bii de urgen\u021b\u0103<\/h3><ul><li>Responsabil &#8211; Aldea Eugenia<\/li><li>Terteleac Ana Maria Alexandra<\/li><li>Ungureanu Mihaela Monica<\/li><li>T\u00eern\u0103cop Florentina<\/li><\/ul><h3>Comisia pentru dezvoltare profesional\u0103 \u0219i evolu\u021bie \u00een cariera didactic\u0103<\/h3><ul><li>Coman Angelica- Pre\u0219edinte<\/li><li>Vincene M\u0103d\u0103lina- Responsabil<\/li><li>Ungureanu Mihaela Monica<\/li><li>Cioltei Maria<\/li><li>Popescu Gina<\/li><\/ul><h3>Comisia pentru evaluare \u015fi asigurarea calit\u0103\u0163ii<\/h3><ul><li>Coordonator: Coman Angelica<\/li><li>Reprezentant FE- Muntean Jeni Gabriela<\/li><li>Responsabil: Petre Maria<\/li><li>T\u00eern\u0103cop Florentina- Sindicat<\/li><li>Vincene Ana Maria<\/li><li>Reprezentant Asocia\u021biei de P\u0103rin\u021bi- Simona Matei<\/li><li>Reprezentant Consiliul Local- Oncu\u0163a Elena<\/li><li>Reprezentant Elev- Bod\u00eerc\u0103 Teodora<\/li><\/ul><h3>Comisia SCIM<\/h3><ul><li>Pre\u0219edinte: Plea\u0219u Elena<\/li><li>Chiric Silvia<\/li><li>Secretar Barbu Felicia Mariana<\/li><\/ul><h3>Comisia pentru prevenirea \u0219i eliminarea violen\u021bei, a faptelor de corup\u021bie \u0219i discrimin\u0103rii \u00een mediul \u0219colar \u0219i promovarea interculturalit\u0103\u021bii<\/h3><ul><li>Responsabil: Racheru Daniela<\/li><li>Popescu Gina<\/li><li>Vincene Ana Maria<\/li><li>Elev: Bod\u00eerc\u0103 Teodora<\/li><li>P\u0103rinte: Matei Simona<\/li><\/ul>\t\t\t\t\t\t\t\t<\/div>\n\t\t\t\t<\/div>\n\t\t\t\t\t<\/div>\n\t\t\t\t<\/div>\n\t\t\t\t\t<\/div>\n\t\t\t\t<\/div>\n\t\t\t\t<\/div>\n\t\t","protected":false},"excerpt":{"rendered":"<p>Comisia Metodic\u0103 a educatoarelor Ungureanu Monica- Responsabil Cazone Ancu\u021ba M\u0103d\u0103lina Comisia metodic\u0103 a \u00eenv\u0103\u0163\u0103torilor Responsabil \u2013 Barbu Felicia Mariana Aldea Eugenia T\u00eern\u0103cop Florentina Burcin Angelica Racheru Daniela Stoica Roxana Daniela Vincene Ana Maria Diaconescu Elena Cioltei Maria Ionescu Florentina Neac\u0219u Petru\u021ba Casapu Steliana Vasilica Copil Lidia Popa Ionela Florea Viorica<span class=\"more-link\"><a href=\"https:\/\/scoalaioanbadescu.ro\/?page_id=1959\">Continue Reading<\/a><\/span><\/p>\n","protected":false},"author":2,"featured_media":0,"parent":0,"menu_order":0,"comment_status":"closed","ping_status":"closed","template":"","meta":{"footnotes":""},"class_list":["entry","author-cristian-ene","post-1959","page","type-page","status-publish"],"_links":{"self":[{"href":"https:\/\/scoalaioanbadescu.ro\/index.php?rest_route=\/wp\/v2\/pages\/1959","targetHints":{"allow":["GET"]}}],"collection":[{"href":"https:\/\/scoalaioanbadescu.ro\/index.php?rest_route=\/wp\/v2\/pages"}],"about":[{"href":"https:\/\/scoalaioanbadescu.ro\/index.php?rest_route=\/wp\/v2\/types\/page"}],"author":[{"embeddable":true,"href":"https:\/\/scoalaioanbadescu.ro\/index.php?rest_route=\/wp\/v2\/users\/2"}],"replies":[{"embeddable":true,"href":"https:\/\/scoalaioanbadescu.ro\/index.php?rest_route=%2Fwp%2Fv2%2Fcomments&post=1959"}],"version-history":[{"count":4,"href":"https:\/\/scoalaioanbadescu.ro\/index.php?rest_route=\/wp\/v2\/pages\/1959\/revisions"}],"predecessor-version":[{"id":1963,"href":"https:\/\/scoalaioanbadescu.ro\/index.php?rest_route=\/wp\/v2\/pages\/1959\/revisions\/1963"}],"wp:attachment":[{"href":"https:\/\/scoalaioanbadescu.ro\/index.php?rest_route=%2Fwp%2Fv2%2Fmedia&parent=1959"}],"curies":[{"name":"wp","href":"https:\/\/api.w.org\/{rel}","templated":true}]}}