{"id":1877,"date":"2023-12-14T10:34:37","date_gmt":"2023-12-14T10:34:37","guid":{"rendered":"https:\/\/scoalaioanbadescu.ro\/?page_id=1877"},"modified":"2024-02-16T17:19:04","modified_gmt":"2024-02-16T17:19:04","slug":"anul-scolar-2022-2023","status":"publish","type":"page","link":"https:\/\/scoalaioanbadescu.ro\/?page_id=1877","title":{"rendered":"Anul \u0218colar 2022-2023"},"content":{"rendered":"\n<p class=\"has-medium-font-size\"><a href=\"\/?page_id=1782\" data-type=\"link\" data-id=\"https:\/\/scoalaioanbadescu.ro\/?page_id=1782\" target=\"_blank\" rel=\"noreferrer noopener\">I.Acreditare Erasmus+<\/a><\/p>\n\n\n\n<p class=\"has-medium-font-size\"><a href=\"\/?page_id=1828\" data-type=\"link\" data-id=\"https:\/\/scoalaioanbadescu.ro\/?page_id=1828\" target=\"_blank\" rel=\"noreferrer noopener\">II.Titulatur\u0103 de \u0218coal\u0103 European\u0103<\/a><\/p>\n\n\n\n<p class=\"has-medium-font-size\"><a href=\"https:\/\/scoalaioanbadescu.ro\/?page_id=1832\" data-type=\"link\" data-id=\"https:\/\/scoalaioanbadescu.ro\/?page_id=1832\">III<\/a><a href=\"\/?page_id=1832\" data-type=\"link\" data-id=\"https:\/\/scoalaioanbadescu.ro\/?page_id=1832\" target=\"_blank\" rel=\"noreferrer noopener\">.Centru de preg\u0103tire \u0219i testare Acreditat Cambridge<\/a><\/p>\n\n\n\n<p class=\"has-medium-font-size\"><a href=\"\/?page_id=1843\" data-type=\"link\" data-id=\"https:\/\/scoalaioanbadescu.ro\/?page_id=1843\" target=\"_blank\" rel=\"noreferrer noopener\">IV.Proiecte Na\u021bionale<\/a><\/p>\n\n\n\n<p class=\"has-medium-font-size\"><a href=\"https:\/\/scoalaioanbadescu.ro\/?page_id=1846\" data-type=\"link\" data-id=\"https:\/\/scoalaioanbadescu.ro\/?page_id=1846\">V.C<\/a><a href=\"\/?page_id=1846\" data-type=\"link\" data-id=\"https:\/\/scoalaioanbadescu.ro\/?page_id=1846\" target=\"_blank\" rel=\"noreferrer noopener\">entrul de preg\u0103tire pentru performan\u021b\u0103 \u00een cadrul Centrului Jude\u021bean de Excelen\u021b\u0103 Ilfov<\/a><\/p>\n","protected":false},"excerpt":{"rendered":"<p>I.Acreditare Erasmus+ II.Titulatur\u0103 de \u0218coal\u0103 European\u0103 III.Centru de preg\u0103tire \u0219i testare Acreditat Cambridge IV.Proiecte Na\u021bionale V.Centrul de preg\u0103tire pentru performan\u021b\u0103 \u00een cadrul Centrului Jude\u021bean de Excelen\u021b\u0103 Ilfov<span class=\"more-link\"><a href=\"https:\/\/scoalaioanbadescu.ro\/?page_id=1877\">Continue Reading<\/a><\/span><\/p>\n","protected":false},"author":2,"featured_media":0,"parent":0,"menu_order":0,"comment_status":"closed","ping_status":"closed","template":"","meta":{"footnotes":""},"class_list":["entry","author-cristian-ene","post-1877","page","type-page","status-publish"],"_links":{"self":[{"href":"https:\/\/scoalaioanbadescu.ro\/index.php?rest_route=\/wp\/v2\/pages\/1877","targetHints":{"allow":["GET"]}}],"collection":[{"href":"https:\/\/scoalaioanbadescu.ro\/index.php?rest_route=\/wp\/v2\/pages"}],"about":[{"href":"https:\/\/scoalaioanbadescu.ro\/index.php?rest_route=\/wp\/v2\/types\/page"}],"author":[{"embeddable":true,"href":"https:\/\/scoalaioanbadescu.ro\/index.php?rest_route=\/wp\/v2\/users\/2"}],"replies":[{"embeddable":true,"href":"https:\/\/scoalaioanbadescu.ro\/index.php?rest_route=%2Fwp%2Fv2%2Fcomments&post=1877"}],"version-history":[{"count":3,"href":"https:\/\/scoalaioanbadescu.ro\/index.php?rest_route=\/wp\/v2\/pages\/1877\/revisions"}],"predecessor-version":[{"id":2741,"href":"https:\/\/scoalaioanbadescu.ro\/index.php?rest_route=\/wp\/v2\/pages\/1877\/revisions\/2741"}],"wp:attachment":[{"href":"https:\/\/scoalaioanbadescu.ro\/index.php?rest_route=%2Fwp%2Fv2%2Fmedia&parent=1877"}],"curies":[{"name":"wp","href":"https:\/\/api.w.org\/{rel}","templated":true}]}}