{"id":1846,"date":"2023-12-14T09:44:05","date_gmt":"2023-12-14T09:44:05","guid":{"rendered":"https:\/\/scoalaioanbadescu.ro\/?page_id=1846"},"modified":"2024-02-16T17:19:05","modified_gmt":"2024-02-16T17:19:05","slug":"centrul-de-pregatire","status":"publish","type":"page","link":"https:\/\/scoalaioanbadescu.ro\/?page_id=1846","title":{"rendered":"Centrul de preg\u0103tire pentru performan\u021b\u0103 \u00een cadrul Centrului Jude\u021bean de Excelen\u021b\u0103 Ilfov"},"content":{"rendered":"\n<p class=\"has-medium-font-size\">Dou\u0103 grupe pentru Limba \u0219i Literatura Rom\u00e2n\u0103<\/p>\n\n\n\n<p class=\"has-medium-font-size\">Dou\u0103 grupe pentru Limba Englez\u0103<\/p>\n\n\n\n<p class=\"has-vivid-red-color has-text-color has-link-color wp-elements-4ab2274af94ac36d5dc8595d055596ba\" style=\"font-size:30px\"><a href=\"https:\/\/excelenta.isjilfov.ro\/\" data-type=\"link\" data-id=\"https:\/\/excelenta.isjilfov.ro\/\" target=\"_blank\" rel=\"noreferrer noopener\">Centrul Jude\u021bean de Excelen\u021b\u0103 Ilfov<\/a><\/p>\n\n\n\n<p class=\"has-vivid-red-color has-text-color has-link-color wp-elements-9b41c8bffe63dbafb4efe89b2e8f84e1\" style=\"font-size:30px;text-decoration:underline\"><a href=\"https:\/\/scoalaioanbadescu.ro\/wp-content\/uploads\/2024\/01\/Centrul-de-Excelenta_2022-2023.pdf\" data-type=\"link\" data-id=\"https:\/\/scoalaioanbadescu.ro\/wp-content\/uploads\/2024\/01\/Centrul-de-Excelenta_2022-2023.pdf\" target=\"_blank\" rel=\"noreferrer noopener\">Centrul de Excelen\u021b\u0103 2022<\/a><\/p>\n\n\n\n<p class=\"has-vivid-red-color has-text-color has-link-color wp-elements-d90c73c0a4c54c4449f7ad9397a84f98\" style=\"font-size:30px;text-decoration:underline\"><a href=\"https:\/\/scoalaioanbadescu.ro\/wp-content\/uploads\/2024\/01\/Centrul-de-excelenta-2023.pdf\" data-type=\"link\" data-id=\"https:\/\/scoalaioanbadescu.ro\/wp-content\/uploads\/2024\/01\/Centrul-de-Excelenta_2022-2023.pdf\" target=\"_blank\" rel=\"noreferrer noopener\">Centrul de Excelen\u021b\u0103 202<\/a>3<\/p>\n","protected":false},"excerpt":{"rendered":"<p>Dou\u0103 grupe pentru Limba \u0219i Literatura Rom\u00e2n\u0103 Dou\u0103 grupe pentru Limba Englez\u0103 Centrul Jude\u021bean de Excelen\u021b\u0103 Ilfov Centrul de Excelen\u021b\u0103 2022 Centrul de Excelen\u021b\u0103 2023<span class=\"more-link\"><a href=\"https:\/\/scoalaioanbadescu.ro\/?page_id=1846\">Continue Reading<\/a><\/span><\/p>\n","protected":false},"author":2,"featured_media":0,"parent":0,"menu_order":0,"comment_status":"closed","ping_status":"closed","template":"","meta":{"footnotes":""},"class_list":["entry","author-cristian-ene","post-1846","page","type-page","status-publish"],"_links":{"self":[{"href":"https:\/\/scoalaioanbadescu.ro\/index.php?rest_route=\/wp\/v2\/pages\/1846","targetHints":{"allow":["GET"]}}],"collection":[{"href":"https:\/\/scoalaioanbadescu.ro\/index.php?rest_route=\/wp\/v2\/pages"}],"about":[{"href":"https:\/\/scoalaioanbadescu.ro\/index.php?rest_route=\/wp\/v2\/types\/page"}],"author":[{"embeddable":true,"href":"https:\/\/scoalaioanbadescu.ro\/index.php?rest_route=\/wp\/v2\/users\/2"}],"replies":[{"embeddable":true,"href":"https:\/\/scoalaioanbadescu.ro\/index.php?rest_route=%2Fwp%2Fv2%2Fcomments&post=1846"}],"version-history":[{"count":7,"href":"https:\/\/scoalaioanbadescu.ro\/index.php?rest_route=\/wp\/v2\/pages\/1846\/revisions"}],"predecessor-version":[{"id":2845,"href":"https:\/\/scoalaioanbadescu.ro\/index.php?rest_route=\/wp\/v2\/pages\/1846\/revisions\/2845"}],"wp:attachment":[{"href":"https:\/\/scoalaioanbadescu.ro\/index.php?rest_route=%2Fwp%2Fv2%2Fmedia&parent=1846"}],"curies":[{"name":"wp","href":"https:\/\/api.w.org\/{rel}","templated":true}]}}