{"id":1745,"date":"2023-12-03T16:03:08","date_gmt":"2023-12-03T16:03:08","guid":{"rendered":"https:\/\/scoalaioanbadescu.ro\/?page_id=1745"},"modified":"2024-02-16T17:19:05","modified_gmt":"2024-02-16T17:19:05","slug":"dezbaterea-viziunii-sistemice-a-ministerului-educatiei-nationale","status":"publish","type":"page","link":"https:\/\/scoalaioanbadescu.ro\/?page_id=1745","title":{"rendered":"Dezbaterea viziunii sistemice a Ministerului Educa\u021biei Na\u021bionale"},"content":{"rendered":"\n<p>Ministerul Educa\u021biei Na\u021bionale, institu\u021bie care ofer\u0103 cadrul legal \u0219i metodologic de func\u021bionare a serviciului public de \u00eenv\u0103\u021b\u0103m\u00e2nt, pe principiile subsidiarit\u0103\u021bii \u0219i responsabiliz\u0103rii, propune spre dezbatere Viziunea sistemic\u0103 asupra viitorului educa\u021biei \u00een Rom\u00e2nia, \u201eEduca\u021bia ne une\u0219te\u201d.<\/p>\n\n\n\n<p>V\u0103 prezent\u0103m linkul c\u0103tre documentul \u201eEduca\u021bia ne une\u0219te\u201d publicat se site-ul Ministerului Educa\u021biei Na\u021bionale:\u00a0<a href=\"https:\/\/scoalaioanbadescu.ro\/wp-content\/uploads\/2023\/12\/Educatia-ne-uneste-Viziune-asupra-viitorului-educatiei-in-Roma\u0302nia.pdf\" data-type=\"link\" data-id=\"https:\/\/scoalaioanbadescu.ro\/wp-content\/uploads\/2023\/12\/Educatia-ne-uneste-Viziune-asupra-viitorului-educatiei-in-Roma\u0302nia.pdf\">Educatia ne uneste &#8211; Viziune asupra viitorului educatiei in Rom\u00e2nia<\/a> .<\/p>\n","protected":false},"excerpt":{"rendered":"<p>Ministerul Educa\u021biei Na\u021bionale, institu\u021bie care ofer\u0103 cadrul legal \u0219i metodologic de func\u021bionare a serviciului public de \u00eenv\u0103\u021b\u0103m\u00e2nt, pe principiile subsidiarit\u0103\u021bii \u0219i responsabiliz\u0103rii, propune spre dezbatere Viziunea sistemic\u0103 asupra viitorului educa\u021biei \u00een Rom\u00e2nia, \u201eEduca\u021bia ne une\u0219te\u201d. V\u0103 prezent\u0103m linkul c\u0103tre documentul \u201eEduca\u021bia ne une\u0219te\u201d publicat se site-ul Ministerului Educa\u021biei Na\u021bionale:\u00a0Educatia ne<span class=\"more-link\"><a href=\"https:\/\/scoalaioanbadescu.ro\/?page_id=1745\">Continue Reading<\/a><\/span><\/p>\n","protected":false},"author":2,"featured_media":0,"parent":0,"menu_order":0,"comment_status":"closed","ping_status":"closed","template":"","meta":{"footnotes":""},"class_list":["entry","author-cristian-ene","post-1745","page","type-page","status-publish"],"_links":{"self":[{"href":"https:\/\/scoalaioanbadescu.ro\/index.php?rest_route=\/wp\/v2\/pages\/1745","targetHints":{"allow":["GET"]}}],"collection":[{"href":"https:\/\/scoalaioanbadescu.ro\/index.php?rest_route=\/wp\/v2\/pages"}],"about":[{"href":"https:\/\/scoalaioanbadescu.ro\/index.php?rest_route=\/wp\/v2\/types\/page"}],"author":[{"embeddable":true,"href":"https:\/\/scoalaioanbadescu.ro\/index.php?rest_route=\/wp\/v2\/users\/2"}],"replies":[{"embeddable":true,"href":"https:\/\/scoalaioanbadescu.ro\/index.php?rest_route=%2Fwp%2Fv2%2Fcomments&post=1745"}],"version-history":[{"count":1,"href":"https:\/\/scoalaioanbadescu.ro\/index.php?rest_route=\/wp\/v2\/pages\/1745\/revisions"}],"predecessor-version":[{"id":1747,"href":"https:\/\/scoalaioanbadescu.ro\/index.php?rest_route=\/wp\/v2\/pages\/1745\/revisions\/1747"}],"wp:attachment":[{"href":"https:\/\/scoalaioanbadescu.ro\/index.php?rest_route=%2Fwp%2Fv2%2Fmedia&parent=1745"}],"curies":[{"name":"wp","href":"https:\/\/api.w.org\/{rel}","templated":true}]}}