{"id":1719,"date":"2023-11-30T18:14:15","date_gmt":"2023-11-30T18:14:15","guid":{"rendered":"https:\/\/scoalaioanbadescu.ro\/?page_id=1719"},"modified":"2024-02-16T17:19:05","modified_gmt":"2024-02-16T17:19:05","slug":"calendarul-de-administrare-a-evaluarilor-nationale-la-finalul-claselor-a-ii-a-a-iv-a-si-a-vi-a-in-anul-scolar-2017-2018","status":"publish","type":"page","link":"https:\/\/scoalaioanbadescu.ro\/?page_id=1719","title":{"rendered":"Calendarul de administrare a evalu\u0103rilor na\u0163ionale la finalul claselor a II-a, a IV-a \u015fi a VI-a \u00een anul \u015fcolar 2017-2018"},"content":{"rendered":"\n<ol class=\"wp-block-list\">\n<li>Evaluarea elevilor la finalul clasei a Il-a &#8211; ENII:\n<ul class=\"wp-block-list\">\n<li>Scris &#8211; Limba rom\u00e2n\u0103 &#8211; 7 mai 2018<\/li>\n\n\n\n<li>Scris &#8211; Limba matern\u0103 &#8211; 7 mai 2018<\/li>\n\n\n\n<li>Citit &#8211; Limba rom\u00e2n\u0103 &#8211; 8 mai 2018<\/li>\n\n\n\n<li>Citit &#8211; Limba matern\u0103 &#8211; 8 mai 2018<\/li>\n\n\n\n<li>Matematic\u0103 &#8211; 9 mai 2018<\/li>\n\n\n\n<li>Scris-Citit &#8211; Limba rom\u00e2n\u0103 pentru minorit\u0103\u0163ile na\u0163ionale -10 mai 2018<\/li>\n<\/ul>\n<\/li>\n\n\n\n<li>Evaluarea competen\u0163elor fundamentale dob\u00e2ndite \u00een ciclul primar la finalul clasei a IV-a &#8211; EN IV:\n<ul class=\"wp-block-list\">\n<li>Limba rom\u00e2n\u0103 -15 mai 2018<\/li>\n\n\n\n<li>Matematic\u0103 -16 mai 2018<\/li>\n\n\n\n<li>Limba matern\u0103 -17 mai 2018<\/li>\n<\/ul>\n<\/li>\n\n\n\n<li>3. Evaluarea competen\u0163elor fundamentale la finalul clasei a VI-a &#8211; EN VI:\n<ul class=\"wp-block-list\">\n<li>Limb\u0103 \u015fi comunicare &#8211; 23 mai 2018<\/li>\n\n\n\n<li>Matematic\u0103 \u015fi \u015etiin\u0163e ale naturii &#8211; 24 mai 2018<\/li>\n<\/ul>\n<\/li>\n<\/ol>\n\n\n\n<div class=\"_df_book df-lite\" id=\"df_1722\"  data-title=\"evalnat\" _slug=\"evalnat\" wpoptions=\"true\" thumbtype=\"bg\" ><\/div><script class=\"df-shortcode-script\" type=\"application\/javascript\">window.option_df_1722 = {\"outline\":[],\"forceFit\":\"true\",\"autoEnableOutline\":\"false\",\"autoEnableThumbnail\":\"false\",\"overwritePDFOutline\":\"false\",\"direction\":\"1\",\"pageSize\":\"0\",\"soundEnable\":\"false\",\"source\":\"https:\\\/\\\/scoalaioanbadescu.ro\\\/wp-content\\\/uploads\\\/2023\\\/11\\\/metodologie_en246.pdf\",\"wpOptions\":\"true\"}; if(window.DFLIP && window.DFLIP.parseBooks){window.DFLIP.parseBooks();}<\/script>\n","protected":false},"excerpt":{"rendered":"<p><span class=\"more-link\"><a href=\"https:\/\/scoalaioanbadescu.ro\/?page_id=1719\">Continue Reading<\/a><\/span><\/p>\n","protected":false},"author":2,"featured_media":0,"parent":0,"menu_order":0,"comment_status":"closed","ping_status":"closed","template":"","meta":{"footnotes":""},"class_list":["entry","author-cristian-ene","post-1719","page","type-page","status-publish"],"_links":{"self":[{"href":"https:\/\/scoalaioanbadescu.ro\/index.php?rest_route=\/wp\/v2\/pages\/1719","targetHints":{"allow":["GET"]}}],"collection":[{"href":"https:\/\/scoalaioanbadescu.ro\/index.php?rest_route=\/wp\/v2\/pages"}],"about":[{"href":"https:\/\/scoalaioanbadescu.ro\/index.php?rest_route=\/wp\/v2\/types\/page"}],"author":[{"embeddable":true,"href":"https:\/\/scoalaioanbadescu.ro\/index.php?rest_route=\/wp\/v2\/users\/2"}],"replies":[{"embeddable":true,"href":"https:\/\/scoalaioanbadescu.ro\/index.php?rest_route=%2Fwp%2Fv2%2Fcomments&post=1719"}],"version-history":[{"count":2,"href":"https:\/\/scoalaioanbadescu.ro\/index.php?rest_route=\/wp\/v2\/pages\/1719\/revisions"}],"predecessor-version":[{"id":1724,"href":"https:\/\/scoalaioanbadescu.ro\/index.php?rest_route=\/wp\/v2\/pages\/1719\/revisions\/1724"}],"wp:attachment":[{"href":"https:\/\/scoalaioanbadescu.ro\/index.php?rest_route=%2Fwp%2Fv2%2Fmedia&parent=1719"}],"curies":[{"name":"wp","href":"https:\/\/api.w.org\/{rel}","templated":true}]}}