{"id":1635,"date":"2023-11-30T13:59:24","date_gmt":"2023-11-30T13:59:24","guid":{"rendered":"https:\/\/scoalaioanbadescu.ro\/?page_id=1635"},"modified":"2024-02-16T17:19:04","modified_gmt":"2024-02-16T17:19:04","slug":"2018-2019","status":"publish","type":"page","link":"https:\/\/scoalaioanbadescu.ro\/?page_id=1635","title":{"rendered":""},"content":{"rendered":"\n<p>Ordinul ministrului Educa\u021biei Na\u021bionale nr. 3.220\/2018 privind structura anului \u0219colar 2018-2019:<br>Cursurile anului \u015fcolar 2018-2019 \u00eencep luni, 10 septembrie \u0219i \u00eensumeaz\u0103 168 de zile lucr\u0103toare (34 de s\u0103pt\u0103m\u00e2ni).<\/p>\n\n\n\n<p>Structura anului \u0219colar 2018-2o19 cuprinde:<\/p>\n\n\n\n<ul class=\"wp-block-list\">\n<li>semestrul I, \u00een perioada: 10 septembrie 2018 &#8211; 1 februarie 2019;<\/li>\n\n\n\n<li>semestrul al II-lea, \u00een perioada: 11 februarie 2019 &#8211; 14 iunie 2019.<\/li>\n<\/ul>\n\n\n\n<p>Vacan\u0163ele \u0219colare ale elevilor din toate ciclurile de \u00eenv\u0103\u021b\u0103m\u00e2nt sunt programate astfel \u00een 2018 \u0219i 2019:<\/p>\n\n\n\n<ul class=\"wp-block-list\">\n<li>vacan\u0163a de iarn\u0103, \u00een perioada: 22 decembrie 2018 &#8211; 13 ianuarie 2019;<\/li>\n\n\n\n<li>vacan\u0163\u0103 intersemestrial\u0103, \u00een perioada: 2 &#8211; 10 februarie 2019;<\/li>\n\n\n\n<li>vacan\u0163a de prim\u0103var\u0103, \u00een perioada: 20 aprilie &#8211; 5 mai 2019;<\/li>\n\n\n\n<li>vacan\u0163a de var\u0103, \u00een perioada: 15 iunie &#8211; 15 septembrie 2019.<\/li>\n<\/ul>\n\n\n\n<p>Suplimentar, clasele din \u00eenv\u0103\u0163\u0103m\u00e2ntul primar \u015fi grupele din \u00eenv\u0103\u0163\u0103m\u00e2ntul pre\u015fcolar beneficiaz\u0103 de o vacan\u0163\u0103 \u0219colar\u0103 \u00een s\u0103pt\u0103m\u00e2na 27 octombrie &#8211; 4 noiembrie 2018.<br>Pentru clasele terminale din \u00eenv\u0103\u0163\u0103m\u00e2ntul liceal, anul \u015fcolar se \u00eencheie \u00een data de 31 mai 2019, iar pentru clasa a VIII-a, \u00een data de 7 iunie 2019.<br>Programul na\u021bional \u201e\u0218coala altfel\u201d se va desf\u0103\u0219ura \u00een perioada 1 octombrie 2018-31 mai 2019, pe o perioad\u0103 de 5 zile consecutive lucr\u0103toare.<\/p>\n","protected":false},"excerpt":{"rendered":"<p>Ordinul ministrului Educa\u021biei Na\u021bionale nr. 3.220\/2018 privind structura anului \u0219colar 2018-2019:Cursurile anului \u015fcolar 2018-2019 \u00eencep luni, 10 septembrie \u0219i \u00eensumeaz\u0103 168 de zile lucr\u0103toare (34 de s\u0103pt\u0103m\u00e2ni). Structura anului \u0219colar 2018-2o19 cuprinde: Vacan\u0163ele \u0219colare ale elevilor din toate ciclurile de \u00eenv\u0103\u021b\u0103m\u00e2nt sunt programate astfel \u00een 2018 \u0219i 2019: Suplimentar, clasele<span class=\"more-link\"><a href=\"https:\/\/scoalaioanbadescu.ro\/?page_id=1635\">Continue Reading<\/a><\/span><\/p>\n","protected":false},"author":2,"featured_media":0,"parent":0,"menu_order":0,"comment_status":"closed","ping_status":"closed","template":"","meta":{"footnotes":""},"class_list":["entry","author-cristian-ene","post-1635","page","type-page","status-publish"],"_links":{"self":[{"href":"https:\/\/scoalaioanbadescu.ro\/index.php?rest_route=\/wp\/v2\/pages\/1635","targetHints":{"allow":["GET"]}}],"collection":[{"href":"https:\/\/scoalaioanbadescu.ro\/index.php?rest_route=\/wp\/v2\/pages"}],"about":[{"href":"https:\/\/scoalaioanbadescu.ro\/index.php?rest_route=\/wp\/v2\/types\/page"}],"author":[{"embeddable":true,"href":"https:\/\/scoalaioanbadescu.ro\/index.php?rest_route=\/wp\/v2\/users\/2"}],"replies":[{"embeddable":true,"href":"https:\/\/scoalaioanbadescu.ro\/index.php?rest_route=%2Fwp%2Fv2%2Fcomments&post=1635"}],"version-history":[{"count":2,"href":"https:\/\/scoalaioanbadescu.ro\/index.php?rest_route=\/wp\/v2\/pages\/1635\/revisions"}],"predecessor-version":[{"id":1660,"href":"https:\/\/scoalaioanbadescu.ro\/index.php?rest_route=\/wp\/v2\/pages\/1635\/revisions\/1660"}],"wp:attachment":[{"href":"https:\/\/scoalaioanbadescu.ro\/index.php?rest_route=%2Fwp%2Fv2%2Fmedia&parent=1635"}],"curies":[{"name":"wp","href":"https:\/\/api.w.org\/{rel}","templated":true}]}}