{"id":1443,"date":"2023-10-12T07:59:06","date_gmt":"2023-10-12T07:59:06","guid":{"rendered":"https:\/\/scoalaioanbadescu.ro\/?page_id=1443"},"modified":"2024-02-16T17:19:04","modified_gmt":"2024-02-16T17:19:04","slug":"asociatia-parintilor","status":"publish","type":"page","link":"https:\/\/scoalaioanbadescu.ro\/?page_id=1443","title":{"rendered":"Asocia\u021bia p\u0103rin\u021bilor"},"content":{"rendered":"\n<h3 class=\"wp-block-heading\">Asocia\u021bia de p\u0103rin\u021bi a \u0218colii Gimnaziale \u201eIoan B\u0103descu\u201d<\/h3>\n\n\n\n<p>Noi dorim s\u0103 cre\u0103m din fiecare copil cel mai bun om \u015fi cet\u0103\u0163ean european care poate fie el: respectuos fa\u0163\u0103 de ceilal\u0163i \u015fi fa\u0163\u0103 de sine, civilizat, demn, \u00eenv\u0103\u0163at s\u0103 pre\u0163uiasc\u0103 diversitatea, pentru o convie\u0163uire armonioas\u0103, \u00eentr-o Europ\u0103 democratic\u0103.<\/p>\n\n\n\n<p>Activit\u0103\u0163ile \u015fcolare se desf\u0103\u015foar\u0103 \u00een cadrul unor lec\u0163ii antrenante \u015fi cursuri op\u0163ionale diversificate: Educa\u0163ie pentru s\u0103n\u0103tate, Educa\u0163ie rutier\u0103, Educa\u0163ie european\u0103, Matematica distractiv\u0103 \u015fi Natura, prietena mea, English is fun, Lectura \u015fi abilit\u0103\u0163ile de via\u0163\u0103.<\/p>\n\n\n\n<p>Un alt specific al \u015fcolii noastre \u00eel reprezint\u0103 studierea limbii engleze L1 \u00een mod intensiv \u00eencep\u00e2nd cu clasa a V-a.<\/p>\n\n\n\n<p>\u00cen cadrul activit\u0103\u0163ilor extra\u015fcolare desf\u0103\u015furate, enumer\u0103m proiecte interdisciplinare, serb\u0103ri \u015fcolare, expozi\u0163ii tematice, excursii \u015fi tabere, vizite la muzee, ateliere de crea\u0163ie \u015fi cerc de lectur\u0103 \u015fi scriere creativ\u0103.<\/p>\n\n\n\n<h4 class=\"wp-block-heading\">Documente ale asocia\u0163iei:<\/h4>\n\n\n\n<ul class=\"wp-block-list\">\n<li><a href=\"https:\/\/scoalaioanbadescu.ro\/wp-content\/uploads\/2024\/01\/cui-asociatie.pdf\" data-type=\"link\" data-id=\"https:\/\/scoalaioanbadescu.ro\/wp-content\/uploads\/2024\/01\/cui-asociatie.pdf\" target=\"_blank\" rel=\"noreferrer noopener\">Certicatul de \u00eenregistrare fiscal\u0103<\/a><\/li>\n\n\n\n<li><a href=\"https:\/\/scoalaioanbadescu.ro\/wp-content\/uploads\/2024\/01\/cerere_adeziune_asoc.pdf\" target=\"_blank\" rel=\"noreferrer noopener\">Cerere de Adeziune la Asocia\u021bia de p\u0103rin\u021bi a \u0219colii gimnaziale \u201eIoan B\u0103descu\u201d<\/a><\/li>\n\n\n\n<li>Doneaz\u0103 2% din impozitul pe venit:\n<ul class=\"wp-block-list\">\n<li><a href=\"https:\/\/scoalaioanbadescu.ro\/wp-content\/uploads\/2024\/01\/Formular-230.pdf\" target=\"_blank\" rel=\"noreferrer noopener\">Formularul 230 pentru redirec\u021bionarea a 2 la sut\u0103 din impozitul pe venit<\/a><\/li>\n\n\n\n<li><a href=\"https:\/\/scoalaioanbadescu.ro\/wp-content\/uploads\/2024\/01\/Instructiuni-completare-D230.pdf\" target=\"_blank\" rel=\"noreferrer noopener\">Instructiuni completare Declaratie 230<\/a><\/li>\n<\/ul>\n<\/li>\n<\/ul>\n","protected":false},"excerpt":{"rendered":"<p>Asocia\u021bia de p\u0103rin\u021bi a \u0218colii Gimnaziale \u201eIoan B\u0103descu\u201d Noi dorim s\u0103 cre\u0103m din fiecare copil cel mai bun om \u015fi cet\u0103\u0163ean european care poate fie el: respectuos fa\u0163\u0103 de ceilal\u0163i \u015fi fa\u0163\u0103 de sine, civilizat, demn, \u00eenv\u0103\u0163at s\u0103 pre\u0163uiasc\u0103 diversitatea, pentru o convie\u0163uire armonioas\u0103, \u00eentr-o Europ\u0103 democratic\u0103. Activit\u0103\u0163ile \u015fcolare se<span class=\"more-link\"><a href=\"https:\/\/scoalaioanbadescu.ro\/?page_id=1443\">Continue Reading<\/a><\/span><\/p>\n","protected":false},"author":1,"featured_media":0,"parent":0,"menu_order":0,"comment_status":"closed","ping_status":"closed","template":"","meta":{"footnotes":""},"class_list":["entry","author-ste","post-1443","page","type-page","status-publish"],"_links":{"self":[{"href":"https:\/\/scoalaioanbadescu.ro\/index.php?rest_route=\/wp\/v2\/pages\/1443","targetHints":{"allow":["GET"]}}],"collection":[{"href":"https:\/\/scoalaioanbadescu.ro\/index.php?rest_route=\/wp\/v2\/pages"}],"about":[{"href":"https:\/\/scoalaioanbadescu.ro\/index.php?rest_route=\/wp\/v2\/types\/page"}],"author":[{"embeddable":true,"href":"https:\/\/scoalaioanbadescu.ro\/index.php?rest_route=\/wp\/v2\/users\/1"}],"replies":[{"embeddable":true,"href":"https:\/\/scoalaioanbadescu.ro\/index.php?rest_route=%2Fwp%2Fv2%2Fcomments&post=1443"}],"version-history":[{"count":3,"href":"https:\/\/scoalaioanbadescu.ro\/index.php?rest_route=\/wp\/v2\/pages\/1443\/revisions"}],"predecessor-version":[{"id":2715,"href":"https:\/\/scoalaioanbadescu.ro\/index.php?rest_route=\/wp\/v2\/pages\/1443\/revisions\/2715"}],"wp:attachment":[{"href":"https:\/\/scoalaioanbadescu.ro\/index.php?rest_route=%2Fwp%2Fv2%2Fmedia&parent=1443"}],"curies":[{"name":"wp","href":"https:\/\/api.w.org\/{rel}","templated":true}]}}